{"id":8785,"date":"2025-07-09T14:00:00","date_gmt":"2025-07-09T12:00:00","guid":{"rendered":"https:\/\/teczone.es\/?page_id=8785"},"modified":"2026-03-25T11:54:44","modified_gmt":"2026-03-25T10:54:44","slug":"qualidade-e-desenvolvimento","status":"publish","type":"page","link":"https:\/\/teczone.es\/pt-pt\/qualidade-e-desenvolvimento\/","title":{"rendered":"Qualidade e desenvolvimento"},"content":{"rendered":"\n<h2 class=\"wp-block-heading\">Qualidade e desenvolvimento<\/h2>\n\n\n\n<script>\njQuery(document).ready(function($) {\n  const $acordeon = $('#accordion-custom');\n\n  \/\/ Oculta todos los .texto\n  $acordeon.find('.texto').hide();\n\n  \/\/ Abre el primero por defecto\n  $acordeon.find('.ac-item').first().addClass('activo').find('.texto').show();\n\n  \/\/ Evento al hacer clic en cualquier h3\n  $acordeon.find('h3').on('click', function() {\n    const $item = $(this).closest('.ac-item');\n    const $texto = $item.find('.texto');\n\n    if ($texto.is(':visible')) {\n      $texto.slideUp();\n      $item.removeClass('activo');\n    } else {\n      \/\/ Cierra los dem\u00e1s\n      $acordeon.find('.texto').slideUp();\n      $acordeon.find('.ac-item').removeClass('activo');\n\n      \/\/ Abre el actual\n      $texto.slideDown();\n      $item.addClass('activo');\n    }\n  });\n});\n<\/script>\n<style>\n\t.ac-item{width:100%; display:block; clear:both}\n\t.ac-item .texto{padding:20px 0 0}\n\t\n<\/style>\n\n<div id=\"block-acordeon-block_682c668107dfc19fddec8f9833e2fce9\" class=\"block-acordeon\">\n\n    <div id=\"accordion-custom\" class=\"list-acordeon\">\n        \t\t\t\n\t\t\t\t<div class=\"ac-item\">\n\t\t\t\t\t\n\n\t\t\n            <h3><span>Compromisso com a qualidade<\/span><\/h3>\n            <div class=\"texto\">\n                <div class=\"control\">\n                    <div class=\"ewa-rteLine\">\n<p>Na Teczone, a qualidade n\u00e3o \u00e9 apenas mais um passo no processo, est\u00e1 no centro de tudo o que fazemos. Este compromisso est\u00e1 firmemente enraizado na nossa cultura empresarial e orienta todas as decis\u00f5es que tomamos.<\/p>\n<p>O nosso Sistema Integrado de Gest\u00e3o est\u00e1 certificado segundo as normas internacionais ISO 9001 (Sistema de Gest\u00e3o da Qualidade), ISO 14001 (Sistema de Gest\u00e3o Ambiental) e ISO 45001 (Sistema de Gest\u00e3o da Seguran\u00e7a e Sa\u00fade no Trabalho), garantindo uma gest\u00e3o respons\u00e1vel, segura e orientada para a melhoria cont\u00ednua.<\/p>\n<p>Para al\u00e9m disso, s\u00e3o certificados os sistemas de gest\u00e3o internos relacionados com o ambiente, a seguran\u00e7a e a gest\u00e3o da conformidade, sempre na procura da excel\u00eancia e da melhoria cont\u00ednua.<\/p>\n<\/div>\n<p><a href=\"https:\/\/teczone.es\/wp-content\/uploads\/2025\/08\/Teczone-iso-9001.pdf\">ISO 9001 \u2013 Sistema de Gest\u00e3o da Qualidade<\/a><\/p>\n<p><a href=\"https:\/\/teczone.es\/wp-content\/uploads\/2025\/08\/Teczone-iso-14001.pdf\">ISO 14001 \u2013 Sistema de Gest\u00e3o Ambiental<\/a><\/p>\n<p><a href=\"https:\/\/teczone.es\/wp-content\/uploads\/2025\/08\/Teczone-iso-45001.pdf\">ISO 45001 \u2013 Sistema de Gest\u00e3o de Seguran\u00e7a e Sa\u00fade<\/a><\/p>\n<p><a href=\"https:\/\/teczone.es\/wp-content\/uploads\/2026\/01\/Teczone-certificado-iso-37301.pdf\">ISO 37301 \u2013 Sistema de Gest\u00e3o de Conformidade<\/a><\/p>\n                <\/div>\n            <\/div>\n\t\t\t\t\t\t<\/div>\n        \t\t\t\n\t\t\t\t<div class=\"ac-item\">\n\t\t\t\t\t\n\n\t\t\n            <h3><span>Controlo no processo de produ\u00e7\u00e3o<\/span><\/h3>\n            <div class=\"texto\">\n                <div class=\"control\">\n                    <p>A nossa preocupa\u00e7\u00e3o com a qualidade reflecte-se em todas as fases do processo. Utilizamos apenas chapas de a\u00e7o de qualidade certificada, fornecidas por empresas de refer\u00eancia no sector sider\u00fargico europeu. Cada mat\u00e9ria-prima \u00e9 inspeccionada \u00e0 chegada atrav\u00e9s de controlos espec\u00edficos, garantindo o cumprimento das mais elevadas normas t\u00e9cnicas e regulamentares.<\/p>\n<p>No \u00e2mbito do nosso sistema de autocontrolo, monitorizamos constantemente os nossos processos de produ\u00e7\u00e3o para garantir a sua efic\u00e1cia, evitar desvios e manter a uniformidade do desempenho dos nossos produtos.<\/p>\n<p>Al\u00e9m disso, aplicamos um rigoroso controlo de qualidade a todos os produtos acabados. No caso dos pain\u00e9is sandwich, realizamos ensaios estruturais, verifica\u00e7\u00e3o da densidade, condutividade t\u00e9rmica e estabilidade dimensional, entre outros. Para o resto dos sistemas, s\u00e3o controlados par\u00e2metros como as dimens\u00f5es, a geometria, o puncionamento ou a perfura\u00e7\u00e3o, sempre de acordo com as toler\u00e2ncias estabelecidas pela regulamenta\u00e7\u00e3o em vigor.<\/p>\n<p>As principais carater\u00edsticas dos nossos sistemas &#8211; como a resist\u00eancia ao fogo, o isolamento ac\u00fastico e o isolamento t\u00e9rmico &#8211; foram verificadas atrav\u00e9s de ensaios em laborat\u00f3rios acreditados, como a Labein-Tecnalia.<\/p>\n                <\/div>\n            <\/div>\n\t\t\t\t\t\t<\/div>\n        \t\t\t\n\t\t\t\t<div class=\"ac-item\">\n\t\t\t\t\t\n\n\t\t\n            <h3><span>Commitment to Compliance and Transparency<\/span><\/h3>\n            <div class=\"texto\">\n                <div class=\"control\">\n                    <p>Na Teczone, estamos firmemente empenhados na conformidade regulamentar, na transpar\u00eancia e na \u00e9tica empresarial em todas as fases do nosso trabalho. Testamos rigorosamente o desempenho ao fogo e o comportamento mec\u00e2nico de todos os nossos produtos para garantir a sua qualidade, seguran\u00e7a e fiabilidade em condi\u00e7\u00f5es reais.<\/p>\n<p>A nossa abordagem respons\u00e1vel visa garantir que todas as informa\u00e7\u00f5es t\u00e9cnicas e comerciais que fornecemos s\u00e3o exactas, verific\u00e1veis e actualizadas, permitindo aos nossos clientes tomar decis\u00f5es informadas.<\/p>\n<p>Este compromisso est\u00e1 estruturado em torno de tr\u00eas pilares fundamentais:<\/p>\n<p>\u00c9tica empresarial e conformidade legal: na Teczone fomentamos uma cultura baseada na integridade, honestidade e respeito pelas normas vigentes. O nosso C\u00f3digo de Conduta define os princ\u00edpios \u00e9ticos que orientam as nossas rela\u00e7\u00f5es comerciais e a conduta profissional de toda a nossa equipa.<br \/>\nQualidade e conformidade dos produtos: Dispomos de um sistema interno de gest\u00e3o da conformidade destinado a verificar se os nossos produtos cumprem os requisitos t\u00e9cnicos, legais e regulamentares de cada mercado. Este processo inclui auditorias internas e controlos de qualidade cont\u00ednuos.<\/p>\n<p>Rastreabilidade e gest\u00e3o de informa\u00e7\u00e3o digital: o nosso compromisso com a transforma\u00e7\u00e3o digital permite-nos oferecer uma rastreabilidade total de cada produto, desde o fabrico at\u00e9 \u00e0 entrega, incluindo certifica\u00e7\u00f5es, carater\u00edsticas t\u00e9cnicas e documenta\u00e7\u00e3o de conformidade regulamentar.<\/p>\n<p>Na Teczone, trabalhamos todos os dias para construir um ambiente de neg\u00f3cios mais transparente e confi\u00e1vel, garantindo que cada solu\u00e7\u00e3o que oferecemos seja apoiada por evid\u00eancias t\u00e9cnicas e uma s\u00f3lida base \u00e9tica.<\/p>\n<p>Para saber mais sobre os nossos princ\u00edpios de \u00e9tica empresarial e compromisso com a integridade, convidamo-lo a ler as nossas pol\u00edticas, que detalham a base para a forma como fazemos neg\u00f3cios e como conduzimos a nossa atividade.<\/p>\n<p><a href=\"\/wp-content\/uploads\/2024\/09\/Kingspan-fraud-anti-bribery-corruption-policy-en.pdf\" target=\"_blank\" rel=\"noopener\">Pol\u00edtica Anti-Corrup\u00e7\u00e3o do Grupo Kingspan (download)<\/a><br \/>\n<a href=\"https:\/\/teczone.es\/wp-content\/uploads\/2026\/03\/Kingspan-politica-compliance-2026-en.pdf\" target=\"_blank\" rel=\"noopener\">Pol\u00edtica de Conformidade do Grupo Kingspan (download)<\/a><br \/>\n<a href=\"\/wp-content\/uploads\/2025\/06\/kingspan-group-code-of-conduct-pt-v2-march-2025.pdf\" target=\"_blank\" rel=\"noopener\">C\u00f3digo de Conduta do Grupo Kingspan (download)<\/a><br \/>\n<a href=\"https:\/\/teczone.es\/wp-content\/uploads\/2025\/09\/kgr-group-supplier-code-of-conduct-en.pdf\" target=\"_blank\" rel=\"noopener\">Pol\u00edtica de Fornecedores do Grupo Kingspan (download)<\/a><\/p>\n                <\/div>\n            <\/div>\n\t\t\t\t\t\t<\/div>\n            <\/div>\n       \n   \n<\/div>\n\n","protected":false},"excerpt":{"rendered":"<p>Qualidade e desenvolvimento<\/p>\n","protected":false},"author":11,"featured_media":0,"parent":0,"menu_order":0,"comment_status":"closed","ping_status":"closed","template":"page-templates\/page-sobre-huurre.php","meta":{"_acf_changed":false,"_oasis_is_in_workflow":0,"_oasis_original":0,"_oasis_task_priority":"2normal","_genesis_hide_title":false,"_genesis_hide_breadcrumbs":false,"_genesis_hide_singular_image":false,"_genesis_hide_footer_widgets":false,"_genesis_custom_body_class":"","_genesis_custom_post_class":"","_genesis_layout":"","footnotes":""},"class_list":{"0":"post-8785","1":"page","2":"type-page","3":"status-publish","5":"entry"},"acf":[],"yoast_head":"<!-- This site is optimized with the Yoast SEO plugin v27.3 - https:\/\/yoast.com\/product\/yoast-seo-wordpress\/ -->\n<title>Qualidade e desenvolvimento - Teczone<\/title>\n<meta name=\"robots\" content=\"index, follow, max-snippet:-1, max-image-preview:large, max-video-preview:-1\" \/>\n<link rel=\"canonical\" href=\"https:\/\/teczone.es\/pt-pt\/qualidade-e-desenvolvimento\/\" \/>\n<meta property=\"og:locale\" content=\"pt_PT\" \/>\n<meta property=\"og:type\" content=\"article\" \/>\n<meta property=\"og:title\" content=\"Qualidade e desenvolvimento - Teczone\" \/>\n<meta property=\"og:description\" content=\"Qualidade e desenvolvimento\" \/>\n<meta property=\"og:url\" content=\"https:\/\/teczone.es\/pt-pt\/qualidade-e-desenvolvimento\/\" \/>\n<meta property=\"og:site_name\" content=\"Teczone\" \/>\n<meta property=\"article:modified_time\" content=\"2026-03-25T10:54:44+00:00\" \/>\n<meta name=\"twitter:card\" content=\"summary_large_image\" \/>\n<meta name=\"twitter:label1\" content=\"Tempo estimado de leitura\" \/>\n\t<meta name=\"twitter:data1\" content=\"1 minuto\" \/>\n<script type=\"application\/ld+json\" class=\"yoast-schema-graph\">{\"@context\":\"https:\\\/\\\/schema.org\",\"@graph\":[{\"@type\":\"WebPage\",\"@id\":\"https:\\\/\\\/teczone.es\\\/pt-pt\\\/qualidade-e-desenvolvimento\\\/\",\"url\":\"https:\\\/\\\/teczone.es\\\/pt-pt\\\/qualidade-e-desenvolvimento\\\/\",\"name\":\"Qualidade e desenvolvimento - Teczone\",\"isPartOf\":{\"@id\":\"https:\\\/\\\/teczone.es\\\/pt-pt\\\/#website\"},\"datePublished\":\"2025-07-09T12:00:00+00:00\",\"dateModified\":\"2026-03-25T10:54:44+00:00\",\"breadcrumb\":{\"@id\":\"https:\\\/\\\/teczone.es\\\/pt-pt\\\/qualidade-e-desenvolvimento\\\/#breadcrumb\"},\"inLanguage\":\"pt-PT\",\"potentialAction\":[{\"@type\":\"ReadAction\",\"target\":[\"https:\\\/\\\/teczone.es\\\/pt-pt\\\/qualidade-e-desenvolvimento\\\/\"]}]},{\"@type\":\"BreadcrumbList\",\"@id\":\"https:\\\/\\\/teczone.es\\\/pt-pt\\\/qualidade-e-desenvolvimento\\\/#breadcrumb\",\"itemListElement\":[{\"@type\":\"ListItem\",\"position\":1,\"name\":\"Home\",\"item\":\"https:\\\/\\\/teczone.es\\\/pt-pt\\\/\"},{\"@type\":\"ListItem\",\"position\":2,\"name\":\"Qualidade e desenvolvimento\"}]},{\"@type\":\"WebSite\",\"@id\":\"https:\\\/\\\/teczone.es\\\/pt-pt\\\/#website\",\"url\":\"https:\\\/\\\/teczone.es\\\/pt-pt\\\/\",\"name\":\"Huurre\",\"description\":\"Fabricamos pain\u00e9is para fachadas e paredes interiores para constru\u00e7\u00e3o\",\"publisher\":{\"@id\":\"https:\\\/\\\/teczone.es\\\/pt-pt\\\/#organization\"},\"potentialAction\":[{\"@type\":\"SearchAction\",\"target\":{\"@type\":\"EntryPoint\",\"urlTemplate\":\"https:\\\/\\\/teczone.es\\\/pt-pt\\\/?s={search_term_string}\"},\"query-input\":{\"@type\":\"PropertyValueSpecification\",\"valueRequired\":true,\"valueName\":\"search_term_string\"}}],\"inLanguage\":\"pt-PT\"},{\"@type\":\"Organization\",\"@id\":\"https:\\\/\\\/teczone.es\\\/pt-pt\\\/#organization\",\"name\":\"Huurre\",\"url\":\"https:\\\/\\\/teczone.es\\\/pt-pt\\\/\",\"logo\":{\"@type\":\"ImageObject\",\"inLanguage\":\"pt-PT\",\"@id\":\"https:\\\/\\\/teczone.es\\\/pt-pt\\\/#\\\/schema\\\/logo\\\/image\\\/\",\"url\":\"https:\\\/\\\/teczone.es\\\/wp-content\\\/uploads\\\/2024\\\/12\\\/logotipo_huurre.png\",\"contentUrl\":\"https:\\\/\\\/teczone.es\\\/wp-content\\\/uploads\\\/2024\\\/12\\\/logotipo_huurre.png\",\"width\":455,\"height\":151,\"caption\":\"Huurre\"},\"image\":{\"@id\":\"https:\\\/\\\/teczone.es\\\/pt-pt\\\/#\\\/schema\\\/logo\\\/image\\\/\"}}]}<\/script>\n<!-- \/ Yoast SEO plugin. -->","yoast_head_json":{"title":"Qualidade e desenvolvimento - Teczone","robots":{"index":"index","follow":"follow","max-snippet":"max-snippet:-1","max-image-preview":"max-image-preview:large","max-video-preview":"max-video-preview:-1"},"canonical":"https:\/\/teczone.es\/pt-pt\/qualidade-e-desenvolvimento\/","og_locale":"pt_PT","og_type":"article","og_title":"Qualidade e desenvolvimento - Teczone","og_description":"Qualidade e desenvolvimento","og_url":"https:\/\/teczone.es\/pt-pt\/qualidade-e-desenvolvimento\/","og_site_name":"Teczone","article_modified_time":"2026-03-25T10:54:44+00:00","twitter_card":"summary_large_image","twitter_misc":{"Tempo estimado de leitura":"1 minuto"},"schema":{"@context":"https:\/\/schema.org","@graph":[{"@type":"WebPage","@id":"https:\/\/teczone.es\/pt-pt\/qualidade-e-desenvolvimento\/","url":"https:\/\/teczone.es\/pt-pt\/qualidade-e-desenvolvimento\/","name":"Qualidade e desenvolvimento - Teczone","isPartOf":{"@id":"https:\/\/teczone.es\/pt-pt\/#website"},"datePublished":"2025-07-09T12:00:00+00:00","dateModified":"2026-03-25T10:54:44+00:00","breadcrumb":{"@id":"https:\/\/teczone.es\/pt-pt\/qualidade-e-desenvolvimento\/#breadcrumb"},"inLanguage":"pt-PT","potentialAction":[{"@type":"ReadAction","target":["https:\/\/teczone.es\/pt-pt\/qualidade-e-desenvolvimento\/"]}]},{"@type":"BreadcrumbList","@id":"https:\/\/teczone.es\/pt-pt\/qualidade-e-desenvolvimento\/#breadcrumb","itemListElement":[{"@type":"ListItem","position":1,"name":"Home","item":"https:\/\/teczone.es\/pt-pt\/"},{"@type":"ListItem","position":2,"name":"Qualidade e desenvolvimento"}]},{"@type":"WebSite","@id":"https:\/\/teczone.es\/pt-pt\/#website","url":"https:\/\/teczone.es\/pt-pt\/","name":"Huurre","description":"Fabricamos pain\u00e9is para fachadas e paredes interiores para constru\u00e7\u00e3o","publisher":{"@id":"https:\/\/teczone.es\/pt-pt\/#organization"},"potentialAction":[{"@type":"SearchAction","target":{"@type":"EntryPoint","urlTemplate":"https:\/\/teczone.es\/pt-pt\/?s={search_term_string}"},"query-input":{"@type":"PropertyValueSpecification","valueRequired":true,"valueName":"search_term_string"}}],"inLanguage":"pt-PT"},{"@type":"Organization","@id":"https:\/\/teczone.es\/pt-pt\/#organization","name":"Huurre","url":"https:\/\/teczone.es\/pt-pt\/","logo":{"@type":"ImageObject","inLanguage":"pt-PT","@id":"https:\/\/teczone.es\/pt-pt\/#\/schema\/logo\/image\/","url":"https:\/\/teczone.es\/wp-content\/uploads\/2024\/12\/logotipo_huurre.png","contentUrl":"https:\/\/teczone.es\/wp-content\/uploads\/2024\/12\/logotipo_huurre.png","width":455,"height":151,"caption":"Huurre"},"image":{"@id":"https:\/\/teczone.es\/pt-pt\/#\/schema\/logo\/image\/"}}]}},"featured_image_src":null,"featured_image_src_square":null,"_links":{"self":[{"href":"https:\/\/teczone.es\/pt-pt\/wp-json\/wp\/v2\/pages\/8785","targetHints":{"allow":["GET"]}}],"collection":[{"href":"https:\/\/teczone.es\/pt-pt\/wp-json\/wp\/v2\/pages"}],"about":[{"href":"https:\/\/teczone.es\/pt-pt\/wp-json\/wp\/v2\/types\/page"}],"author":[{"embeddable":true,"href":"https:\/\/teczone.es\/pt-pt\/wp-json\/wp\/v2\/users\/11"}],"replies":[{"embeddable":true,"href":"https:\/\/teczone.es\/pt-pt\/wp-json\/wp\/v2\/comments?post=8785"}],"version-history":[{"count":27,"href":"https:\/\/teczone.es\/pt-pt\/wp-json\/wp\/v2\/pages\/8785\/revisions"}],"predecessor-version":[{"id":31823,"href":"https:\/\/teczone.es\/pt-pt\/wp-json\/wp\/v2\/pages\/8785\/revisions\/31823"}],"wp:attachment":[{"href":"https:\/\/teczone.es\/pt-pt\/wp-json\/wp\/v2\/media?parent=8785"}],"curies":[{"name":"wp","href":"https:\/\/api.w.org\/{rel}","templated":true}]}}