{"id":8255,"date":"2026-04-24T13:18:00","date_gmt":"2026-04-24T11:18:00","guid":{"rendered":"https:\/\/teczone.es\/?page_id=8255"},"modified":"2026-04-24T10:20:26","modified_gmt":"2026-04-24T08:20:26","slug":"sustentabilidade","status":"publish","type":"page","link":"https:\/\/teczone.es\/pt-pt\/sustentabilidade\/","title":{"rendered":"Sustentabilidade"},"content":{"rendered":"\n<h2 class=\"wp-block-heading\">Sustentabilidade<\/h2>\n\n\n\n<script>\njQuery(document).ready(function($) {\n  const $acordeon = $('#accordion-custom');\n\n  \/\/ Oculta todos los .texto\n  $acordeon.find('.texto').hide();\n\n  \/\/ Abre el primero por defecto\n  $acordeon.find('.ac-item').first().addClass('activo').find('.texto').show();\n\n  \/\/ Evento al hacer clic en cualquier h3\n  $acordeon.find('h3').on('click', function() {\n    const $item = $(this).closest('.ac-item');\n    const $texto = $item.find('.texto');\n\n    if ($texto.is(':visible')) {\n      $texto.slideUp();\n      $item.removeClass('activo');\n    } else {\n      \/\/ Cierra los dem\u00e1s\n      $acordeon.find('.texto').slideUp();\n      $acordeon.find('.ac-item').removeClass('activo');\n\n      \/\/ Abre el actual\n      $texto.slideDown();\n      $item.addClass('activo');\n    }\n  });\n});\n<\/script>\n<style>\n\t.ac-item{width:100%; display:block; clear:both}\n\t.ac-item .texto{padding:20px 0 0}\n\t\n<\/style>\n\n<div id=\"block-acordeon-block_98c18959b531e00d8fa6c584f2573740\" class=\"block-acordeon\">\n\n    <div id=\"accordion-custom\" class=\"list-acordeon\">\n        \t\t\t\n\t\t\t\t<div class=\"ac-item\">\n\t\t\t\t\t\n\n\t\t\n            <h3><span>Programa Planet Passionate de Kingspan<\/span><\/h3>\n            <div class=\"texto\">\n                <div class=\"control\">\n                    <p>Planeta apaixonado \u00e9 a estrat\u00e9gia abrangente de sustentabilidade do grupo Kingspan, ao qual pertence a Teczone, focada em fornecer respostas a tr\u00eas grandes problemas globais: altera\u00e7\u00f5es clim\u00e1ticas, circulabilidade e prote\u00e7\u00e3o ambiental.<\/p>\n<p><a title=\"Planet Passionate\" href=\"\/pt-pt\/fondo-comunitario-planet-passionate\/\" target=\"_blank\" rel=\"noopener\">Conhe\u00e7a em profundidade a nossa iniciativa Planet Passionate<\/a><\/p>\n<p><a href=\"https:\/\/viewer.ipaper.io\/kingspan\/c2510682-planet-passionate-report-2025\/c2510682-planet-passionate-report-2025\/\" target=\"_blank\" rel=\"noopener\"><img loading=\"lazy\" decoding=\"async\" class=\"alignnone wp-image-31728 size-medium\" src=\"https:\/\/teczone.es\/wp-content\/uploads\/2026\/03\/Planet-Passionate-Report-2025-Email-Signature-300x107.jpg\" alt=\"\" width=\"300\" height=\"107\" srcset=\"https:\/\/teczone.es\/wp-content\/uploads\/2026\/03\/Planet-Passionate-Report-2025-Email-Signature-300x107.jpg 300w, https:\/\/teczone.es\/wp-content\/uploads\/2026\/03\/Planet-Passionate-Report-2025-Email-Signature-1024x365.jpg 1024w, https:\/\/teczone.es\/wp-content\/uploads\/2026\/03\/Planet-Passionate-Report-2025-Email-Signature-768x273.jpg 768w, https:\/\/teczone.es\/wp-content\/uploads\/2026\/03\/Planet-Passionate-Report-2025-Email-Signature-1536x547.jpg 1536w, https:\/\/teczone.es\/wp-content\/uploads\/2026\/03\/Planet-Passionate-Report-2025-Email-Signature-2048x729.jpg 2048w\" sizes=\"auto, (max-width: 300px) 100vw, 300px\" \/><\/a><\/p>\n                <\/div>\n            <\/div>\n\t\t\t\t\t\t<\/div>\n        \t\t\t\n\t\t\t\t<div class=\"ac-item\">\n\t\t\t\t\t\n\n\t\t\n            <h3><span>Pol\u00edtica de sustentabilidade da Teczone<\/span><\/h3>\n            <div class=\"texto\">\n                <div class=\"control\">\n                    <p>Na Teczone, a sustentabilidade integra a abordagem segundo a qual desenvolvemos a nossa atividade industrial e gerimos a rela\u00e7\u00e3o com o entorno. Esta abordagem inclui aspetos relacionados com a gest\u00e3o ambiental, o bem\u2011estar das pessoas e a seguran\u00e7a e sa\u00fade no trabalho.<\/p>\n<p>Estas considera\u00e7\u00f5es refletem\u2011se na implementa\u00e7\u00e3o de medidas orientadas para a redu\u00e7\u00e3o do impacto ambiental, a utiliza\u00e7\u00e3o eficiente de recursos, a preven\u00e7\u00e3o de riscos laborais e a aplica\u00e7\u00e3o de pr\u00e1ticas de melhoria cont\u00ednua, com a participa\u00e7\u00e3o das diferentes equipas da organiza\u00e7\u00e3o.<\/p>\n<p>A nossa ades\u00e3o ao programa Planet Passionate do Grupo Kingspan enquadra\u2011se nesta abordagem e permite estruturar iniciativas relacionadas com a mitiga\u00e7\u00e3o das altera\u00e7\u00f5es clim\u00e1ticas, a circularidade dos recursos e a prote\u00e7\u00e3o dos ecossistemas. Entre as a\u00e7\u00f5es desenvolvidas incluem\u2011se a produ\u00e7\u00e3o de energia renov\u00e1vel atrav\u00e9s de instala\u00e7\u00f5es solares, a redu\u00e7\u00e3o progressiva do uso de combust\u00edveis f\u00f3sseis, a gest\u00e3o de res\u00edduos de acordo com crit\u00e9rios definidos, a otimiza\u00e7\u00e3o do consumo de \u00e1gua e a colabora\u00e7\u00e3o com projetos sociais e ambientais de \u00e2mbito local.<\/p>\n<p>Estas a\u00e7\u00f5es fazem parte do enquadramento de gest\u00e3o da Teczone e est\u00e3o integradas no desenvolvimento de solu\u00e7\u00f5es construtivas, tendo em conta crit\u00e9rios de responsabilidade ambiental e social.<\/p>\n<p><a href=\"https:\/\/teczone.es\/wp-content\/uploads\/2025\/07\/Teczone-politicas-calidad-sostenibilidad-brochure-pt.pdf\" target=\"_blank\" rel=\"noopener\">Dossier de sustentabilidade (Download)<\/a><\/p>\n                <\/div>\n            <\/div>\n\t\t\t\t\t\t<\/div>\n        \t\t\t\n\t\t\t\t<div class=\"ac-item\">\n\t\t\t\t\t\n\n\t\t\n            <h3><span>Planet Passionate Communities<\/span><\/h3>\n            <div class=\"texto\">\n                <div class=\"control\">\n                    <p>O Fundo Planet Passionate Communities \u00e9 uma iniciativa global do Grupo Kingspan destinada a apoiar projetos de car\u00e1cter social e ambiental a n\u00edvel local. Na Teczone, esta iniciativa tem vindo a ser desenvolvida desde 2022 atrav\u00e9s de diversas atividades realizadas em Burgos, relacionadas com a educa\u00e7\u00e3o ambiental, o voluntariado e a colabora\u00e7\u00e3o com entidades sociais locais.<\/p>\n<p>Crit\u00e9rios de atribui\u00e7\u00e3o de financiamento<\/p>\n<p>O Fundo Comunit\u00e1rio Planet Passionate tem como objetivo apoiar as comunidades locais associadas \u00e0s unidades de produ\u00e7\u00e3o do Grupo. Para esse efeito, foram definidas diretrizes e crit\u00e9rios que os projetos candidatos devem cumprir para poderem ser considerados para financiamento.<\/p>\n<p>Qualquer pessoa ou organiza\u00e7\u00e3o pode apresentar uma candidatura, desde que o projeto esteja enquadrado em pelo menos uma das seguintes \u00e1reas:<\/p>\n<ul>\n<li>&#8211; Apoio \u00e0 conserva\u00e7\u00e3o, prote\u00e7\u00e3o ou melhoria do ambiente f\u00edsico e natural.<\/li>\n<li>&#8211; Contributo para a sa\u00fade e o bem\u2011estar das comunidades locais atrav\u00e9s de atividades de lazer.<\/li>\n<li>&#8211; Promo\u00e7\u00e3o de um ambiente constru\u00eddo seguro e sustent\u00e1vel.<\/li>\n<li>&#8211; Apoio \u00e0 educa\u00e7\u00e3o e ao desenvolvimento de compet\u00eancias dos jovens.<\/li>\n<li>&#8211; Apoio a organiza\u00e7\u00f5es de solidariedade social locais ou a eventos solid\u00e1rios relacionados com qualquer uma das \u00e1reas anteriores.<\/li>\n<\/ul>\n<p>&nbsp;<\/p>\n<p>Candidatura a financiamento<\/p>\n<p>Pessoas ou organiza\u00e7\u00f5es que conhe\u00e7am ou participem em projetos que cumpram os crit\u00e9rios acima indicados podem candidatar\u2011se a financiamento atrav\u00e9s do Fundo Comunit\u00e1rio Planet Passionate. Para tal, \u00e9 necess\u00e1rio descarregar, preencher e enviar o formul\u00e1rio de candidatura por correio eletr\u00f3nico para:\u00a0<a href=\"KIPCommunityFund@kingspan.com\" target=\"_blank\" rel=\"noopener\">KIPCommunityFund@kingspan.com.<\/a><\/p>\n<p><a href=\"\/wp-content\/uploads\/2025\/06\/KIP-TZ_Formulario_Solicitud.pdf\" target=\"_blank\" rel=\"noopener\">Descarregar o formul\u00e1rio de candidatura<\/a><\/p>\n<p>&nbsp;<\/p>\n                <\/div>\n            <\/div>\n\t\t\t\t\t\t<\/div>\n            <\/div>\n       \n   \n<\/div>\n\n","protected":false},"excerpt":{"rendered":"<p>Sustentabilidade<\/p>\n","protected":false},"author":11,"featured_media":0,"parent":0,"menu_order":0,"comment_status":"closed","ping_status":"closed","template":"page-templates\/page-sobre-huurre.php","meta":{"_acf_changed":false,"_oasis_is_in_workflow":0,"_oasis_original":0,"_oasis_task_priority":"2normal","_genesis_hide_title":false,"_genesis_hide_breadcrumbs":false,"_genesis_hide_singular_image":false,"_genesis_hide_footer_widgets":false,"_genesis_custom_body_class":"","_genesis_custom_post_class":"","_genesis_layout":"","footnotes":""},"class_list":{"0":"post-8255","1":"page","2":"type-page","3":"status-publish","5":"entry"},"acf":[],"yoast_head":"<!-- This site is optimized with the Yoast SEO plugin v27.3 - https:\/\/yoast.com\/product\/yoast-seo-wordpress\/ -->\n<title>Pol\u00edtica de sustentabilidade da Teczone<\/title>\n<meta name=\"description\" content=\"Estrat\u00e9gia ambiental com redu\u00e7\u00e3o de impacto, economia circular e participa\u00e7\u00e3o no programa Planet Passionate.\" \/>\n<meta name=\"robots\" content=\"index, follow, max-snippet:-1, max-image-preview:large, max-video-preview:-1\" \/>\n<link rel=\"canonical\" href=\"https:\/\/teczone.es\/pt-pt\/sustentabilidade\/\" \/>\n<meta property=\"og:locale\" content=\"pt_PT\" \/>\n<meta property=\"og:type\" content=\"article\" \/>\n<meta property=\"og:title\" content=\"Pol\u00edtica de sustentabilidade da Teczone\" \/>\n<meta property=\"og:description\" content=\"Estrat\u00e9gia ambiental com redu\u00e7\u00e3o de impacto, economia circular e participa\u00e7\u00e3o no programa Planet Passionate.\" \/>\n<meta property=\"og:url\" content=\"https:\/\/teczone.es\/pt-pt\/sustentabilidade\/\" \/>\n<meta property=\"og:site_name\" content=\"Teczone\" \/>\n<meta name=\"twitter:card\" content=\"summary_large_image\" \/>\n<meta name=\"twitter:label1\" content=\"Tempo estimado de leitura\" \/>\n\t<meta name=\"twitter:data1\" content=\"1 minuto\" \/>\n<script type=\"application\/ld+json\" class=\"yoast-schema-graph\">{\"@context\":\"https:\\\/\\\/schema.org\",\"@graph\":[{\"@type\":\"WebPage\",\"@id\":\"https:\\\/\\\/teczone.es\\\/pt-pt\\\/sustentabilidade\\\/\",\"url\":\"https:\\\/\\\/teczone.es\\\/pt-pt\\\/sustentabilidade\\\/\",\"name\":\"Pol\u00edtica de sustentabilidade da Teczone\",\"isPartOf\":{\"@id\":\"https:\\\/\\\/teczone.es\\\/pt-pt\\\/#website\"},\"datePublished\":\"2026-04-24T11:18:00+00:00\",\"description\":\"Estrat\u00e9gia ambiental com redu\u00e7\u00e3o de impacto, economia circular e participa\u00e7\u00e3o no programa Planet Passionate.\",\"breadcrumb\":{\"@id\":\"https:\\\/\\\/teczone.es\\\/pt-pt\\\/sustentabilidade\\\/#breadcrumb\"},\"inLanguage\":\"pt-PT\",\"potentialAction\":[{\"@type\":\"ReadAction\",\"target\":[\"https:\\\/\\\/teczone.es\\\/pt-pt\\\/sustentabilidade\\\/\"]}]},{\"@type\":\"BreadcrumbList\",\"@id\":\"https:\\\/\\\/teczone.es\\\/pt-pt\\\/sustentabilidade\\\/#breadcrumb\",\"itemListElement\":[{\"@type\":\"ListItem\",\"position\":1,\"name\":\"Home\",\"item\":\"https:\\\/\\\/teczone.es\\\/pt-pt\\\/\"},{\"@type\":\"ListItem\",\"position\":2,\"name\":\"Sustentabilidade\"}]},{\"@type\":\"WebSite\",\"@id\":\"https:\\\/\\\/teczone.es\\\/pt-pt\\\/#website\",\"url\":\"https:\\\/\\\/teczone.es\\\/pt-pt\\\/\",\"name\":\"Huurre\",\"description\":\"Fabricamos pain\u00e9is para fachadas e paredes interiores para constru\u00e7\u00e3o\",\"publisher\":{\"@id\":\"https:\\\/\\\/teczone.es\\\/pt-pt\\\/#organization\"},\"potentialAction\":[{\"@type\":\"SearchAction\",\"target\":{\"@type\":\"EntryPoint\",\"urlTemplate\":\"https:\\\/\\\/teczone.es\\\/pt-pt\\\/?s={search_term_string}\"},\"query-input\":{\"@type\":\"PropertyValueSpecification\",\"valueRequired\":true,\"valueName\":\"search_term_string\"}}],\"inLanguage\":\"pt-PT\"},{\"@type\":\"Organization\",\"@id\":\"https:\\\/\\\/teczone.es\\\/pt-pt\\\/#organization\",\"name\":\"Huurre\",\"url\":\"https:\\\/\\\/teczone.es\\\/pt-pt\\\/\",\"logo\":{\"@type\":\"ImageObject\",\"inLanguage\":\"pt-PT\",\"@id\":\"https:\\\/\\\/teczone.es\\\/pt-pt\\\/#\\\/schema\\\/logo\\\/image\\\/\",\"url\":\"https:\\\/\\\/teczone.es\\\/wp-content\\\/uploads\\\/2024\\\/12\\\/logotipo_huurre.png\",\"contentUrl\":\"https:\\\/\\\/teczone.es\\\/wp-content\\\/uploads\\\/2024\\\/12\\\/logotipo_huurre.png\",\"width\":455,\"height\":151,\"caption\":\"Huurre\"},\"image\":{\"@id\":\"https:\\\/\\\/teczone.es\\\/pt-pt\\\/#\\\/schema\\\/logo\\\/image\\\/\"}}]}<\/script>\n<!-- \/ Yoast SEO plugin. -->","yoast_head_json":{"title":"Pol\u00edtica de sustentabilidade da Teczone","description":"Estrat\u00e9gia ambiental com redu\u00e7\u00e3o de impacto, economia circular e participa\u00e7\u00e3o no programa Planet Passionate.","robots":{"index":"index","follow":"follow","max-snippet":"max-snippet:-1","max-image-preview":"max-image-preview:large","max-video-preview":"max-video-preview:-1"},"canonical":"https:\/\/teczone.es\/pt-pt\/sustentabilidade\/","og_locale":"pt_PT","og_type":"article","og_title":"Pol\u00edtica de sustentabilidade da Teczone","og_description":"Estrat\u00e9gia ambiental com redu\u00e7\u00e3o de impacto, economia circular e participa\u00e7\u00e3o no programa Planet Passionate.","og_url":"https:\/\/teczone.es\/pt-pt\/sustentabilidade\/","og_site_name":"Teczone","twitter_card":"summary_large_image","twitter_misc":{"Tempo estimado de leitura":"1 minuto"},"schema":{"@context":"https:\/\/schema.org","@graph":[{"@type":"WebPage","@id":"https:\/\/teczone.es\/pt-pt\/sustentabilidade\/","url":"https:\/\/teczone.es\/pt-pt\/sustentabilidade\/","name":"Pol\u00edtica de sustentabilidade da Teczone","isPartOf":{"@id":"https:\/\/teczone.es\/pt-pt\/#website"},"datePublished":"2026-04-24T11:18:00+00:00","description":"Estrat\u00e9gia ambiental com redu\u00e7\u00e3o de impacto, economia circular e participa\u00e7\u00e3o no programa Planet Passionate.","breadcrumb":{"@id":"https:\/\/teczone.es\/pt-pt\/sustentabilidade\/#breadcrumb"},"inLanguage":"pt-PT","potentialAction":[{"@type":"ReadAction","target":["https:\/\/teczone.es\/pt-pt\/sustentabilidade\/"]}]},{"@type":"BreadcrumbList","@id":"https:\/\/teczone.es\/pt-pt\/sustentabilidade\/#breadcrumb","itemListElement":[{"@type":"ListItem","position":1,"name":"Home","item":"https:\/\/teczone.es\/pt-pt\/"},{"@type":"ListItem","position":2,"name":"Sustentabilidade"}]},{"@type":"WebSite","@id":"https:\/\/teczone.es\/pt-pt\/#website","url":"https:\/\/teczone.es\/pt-pt\/","name":"Huurre","description":"Fabricamos pain\u00e9is para fachadas e paredes interiores para constru\u00e7\u00e3o","publisher":{"@id":"https:\/\/teczone.es\/pt-pt\/#organization"},"potentialAction":[{"@type":"SearchAction","target":{"@type":"EntryPoint","urlTemplate":"https:\/\/teczone.es\/pt-pt\/?s={search_term_string}"},"query-input":{"@type":"PropertyValueSpecification","valueRequired":true,"valueName":"search_term_string"}}],"inLanguage":"pt-PT"},{"@type":"Organization","@id":"https:\/\/teczone.es\/pt-pt\/#organization","name":"Huurre","url":"https:\/\/teczone.es\/pt-pt\/","logo":{"@type":"ImageObject","inLanguage":"pt-PT","@id":"https:\/\/teczone.es\/pt-pt\/#\/schema\/logo\/image\/","url":"https:\/\/teczone.es\/wp-content\/uploads\/2024\/12\/logotipo_huurre.png","contentUrl":"https:\/\/teczone.es\/wp-content\/uploads\/2024\/12\/logotipo_huurre.png","width":455,"height":151,"caption":"Huurre"},"image":{"@id":"https:\/\/teczone.es\/pt-pt\/#\/schema\/logo\/image\/"}}]}},"featured_image_src":null,"featured_image_src_square":null,"_links":{"self":[{"href":"https:\/\/teczone.es\/pt-pt\/wp-json\/wp\/v2\/pages\/8255","targetHints":{"allow":["GET"]}}],"collection":[{"href":"https:\/\/teczone.es\/pt-pt\/wp-json\/wp\/v2\/pages"}],"about":[{"href":"https:\/\/teczone.es\/pt-pt\/wp-json\/wp\/v2\/types\/page"}],"author":[{"embeddable":true,"href":"https:\/\/teczone.es\/pt-pt\/wp-json\/wp\/v2\/users\/11"}],"replies":[{"embeddable":true,"href":"https:\/\/teczone.es\/pt-pt\/wp-json\/wp\/v2\/comments?post=8255"}],"version-history":[{"count":36,"href":"https:\/\/teczone.es\/pt-pt\/wp-json\/wp\/v2\/pages\/8255\/revisions"}],"predecessor-version":[{"id":32197,"href":"https:\/\/teczone.es\/pt-pt\/wp-json\/wp\/v2\/pages\/8255\/revisions\/32197"}],"wp:attachment":[{"href":"https:\/\/teczone.es\/pt-pt\/wp-json\/wp\/v2\/media?parent=8255"}],"curies":[{"name":"wp","href":"https:\/\/api.w.org\/{rel}","templated":true}]}}