{"id":543,"date":"2025-07-09T14:00:00","date_gmt":"2025-07-09T12:00:00","guid":{"rendered":"https:\/\/unrivalled-manx-5b8ed1.instawp.xyz\/sobre-huuree\/"},"modified":"2026-04-23T10:39:53","modified_gmt":"2026-04-23T08:39:53","slug":"sobre-teczone","status":"publish","type":"page","link":"https:\/\/teczone.es\/pt-pt\/sobre-teczone\/","title":{"rendered":"Sobre Teczone"},"content":{"rendered":"\n<h2 class=\"wp-block-heading\">Experi\u00eancia<\/h2>\n\n\n\n<script>\njQuery(document).ready(function($) {\n  const $acordeon = $('#accordion-custom');\n\n  \/\/ Oculta todos los .texto\n  $acordeon.find('.texto').hide();\n\n  \/\/ Abre el primero por defecto\n  $acordeon.find('.ac-item').first().addClass('activo').find('.texto').show();\n\n  \/\/ Evento al hacer clic en cualquier h3\n  $acordeon.find('h3').on('click', function() {\n    const $item = $(this).closest('.ac-item');\n    const $texto = $item.find('.texto');\n\n    if ($texto.is(':visible')) {\n      $texto.slideUp();\n      $item.removeClass('activo');\n    } else {\n      \/\/ Cierra los dem\u00e1s\n      $acordeon.find('.texto').slideUp();\n      $acordeon.find('.ac-item').removeClass('activo');\n\n      \/\/ Abre el actual\n      $texto.slideDown();\n      $item.addClass('activo');\n    }\n  });\n});\n<\/script>\n<style>\n\t.ac-item{width:100%; display:block; clear:both}\n\t.ac-item .texto{padding:20px 0 0}\n\t\n<\/style>\n\n<div id=\"block-acordeon-block_ba32c8b264d16c92e7dc6ec94cca8118\" class=\"block-acordeon\">\n\n    <div id=\"accordion-custom\" class=\"list-acordeon\">\n        \t\t\t\n\t\t\t\t<div class=\"ac-item\">\n\t\t\t\t\t\n\n\t\t\n            <h3><span>Uma longa hist\u00f3ria<\/span><\/h3>\n            <div class=\"texto\">\n                <div class=\"control\">\n                    <p>Fundada em 1965, na Kingspan | Teczone, desenvolvemos a nossa atividade na \u00e1rea das solu\u00e7\u00f5es construtivas met\u00e1licas. Ao longo da nossa trajet\u00f3ria, evolu\u00edmos incorporando capacidades industriais, tecnol\u00f3gicas e organizacionais orientadas para o desenvolvimento dos nossos sistemas e para a expans\u00e3o da nossa presen\u00e7a em diversos mercados.<\/p>\n<p>Com uma vis\u00e3o centrada no cliente e na melhoria cont\u00ednua, desenvolvemos sistemas met\u00e1licos vers\u00e1teis e duradouros, adaptados \u00e0s necessidades reais da arquitetura contempor\u00e2nea.<\/p>\n<p>Desde 2007, temos uma presen\u00e7a direta no mercado europeu atrav\u00e9s da Teczone France, criada para servir os nossos clientes em Fran\u00e7a e na Europa Central.<\/p>\n<p>A nossa estrutura industrial baseia-se num importante centro de produ\u00e7\u00e3o em Burgos (Espanha), que cobre o mercado nacional e o Norte de \u00c1frica, e num centro log\u00edstico em Pamiers (Fran\u00e7a), a partir do qual servimos toda a Europa Central.<\/p>\n<p><iframe loading=\"lazy\" title=\"As\u00ed se Hace: Recorrido por la F\u00e1brica de Kingspan | Teczone\" width=\"500\" height=\"281\" src=\"https:\/\/www.youtube.com\/embed\/OhD5y7TlG1Q?start=3&#038;feature=oembed\" frameborder=\"0\" allow=\"accelerometer; autoplay; clipboard-write; encrypted-media; gyroscope; picture-in-picture; web-share\" referrerpolicy=\"strict-origin-when-cross-origin\" allowfullscreen><\/iframe><\/p>\n                <\/div>\n            <\/div>\n\t\t\t\t\t\t<\/div>\n        \t\t\t\n\t\t\t\t<div class=\"ac-item\">\n\t\t\t\t\t\n\n\t\t\n            <h3><span>Capacidade de produ\u00e7\u00e3o<\/span><\/h3>\n            <div class=\"texto\">\n                <div class=\"control\">\n                    <p>Na Kingspan | Teczone, a capacidade industrial integra os elementos que apoiam o desenvolvimento da nossa atividade. Atualmente dispomos de 18 linhas de fabrico flex\u00edveis, configuradas para a produ\u00e7\u00e3o de uma ampla variedade de produtos e especifica\u00e7\u00f5es t\u00e9cnicas.<\/p>\n<p>Esta infraestrutura, em conjunto com a gest\u00e3o dos processos log\u00edsticos associados, permite abordar projetos com diferentes n\u00edveis de complexidade, ajustando o planeamento aos requisitos t\u00e9cnicos e aos prazos definidos em cada caso.<\/p>\n<p>O nosso modelo produtivo baseia-se em processos orientados para a fiabilidade, a rastreabilidade da produ\u00e7\u00e3o e a adapta\u00e7\u00e3o progressiva aos requisitos t\u00e9cnicos e operacionais dos projetos e dos clientes.<\/p>\n                <\/div>\n            <\/div>\n\t\t\t\t\t\t<\/div>\n        \t\t\t\n\t\t\t\t<div class=\"ac-item\">\n\t\t\t\t\t\n\n\t\t\n            <h3><span>Sobre Kingspan Insulated Panels &#8211; Europa do Sul<\/span><\/h3>\n            <div class=\"texto\">\n                <div class=\"control\">\n                    <div class=\"ewa-rteLine\">A divis\u00e3o Kingspan Insulated Panels na nossa regi\u00e3o \u00e9 composta por quatro empresas do setor dos materiais de constru\u00e7\u00e3o, cada uma especializada no desenvolvimento e fornecimento de solu\u00e7\u00f5es para diferentes aplica\u00e7\u00f5es na constru\u00e7\u00e3o.<\/div>\n<div><\/div>\n<div class=\"ewa-rteLine\"><img loading=\"lazy\" decoding=\"async\" class=\"alignnone  wp-image-24310\" src=\"https:\/\/teczone.es\/wp-content\/uploads\/2025\/06\/logo-hurre-horrizontal-300x41.png\" alt=\"\" width=\"234\" height=\"32\" srcset=\"https:\/\/teczone.es\/wp-content\/uploads\/2025\/06\/logo-hurre-horrizontal-300x41.png 300w, https:\/\/teczone.es\/wp-content\/uploads\/2025\/06\/logo-hurre-horrizontal.png 532w\" sizes=\"auto, (max-width: 234px) 100vw, 234px\" \/><br \/>\nA Huurre Ib\u00e9rica, situada em Cass\u00e0 de la Selva, dedica-se \u00e0 conce\u00e7\u00e3o e fabrico de pain\u00e9is isolantes e c\u00e2maras frigor\u00edficas, oferecendo solu\u00e7\u00f5es avan\u00e7adas para a ind\u00fastria alimentar e log\u00edstica. Pode saber mais sobre os seus produtos e servi\u00e7os visitando: <a href=\"https:\/\/www.huurreiberica.com\/\" target=\"_blank\" rel=\"noopener\">www.huurreiberica.com<\/a>.<\/div>\n<div><\/div>\n<div><img loading=\"lazy\" decoding=\"async\" class=\"alignnone wp-image-9362\" src=\"https:\/\/www.huurreiberica.com\/wp-content\/uploads\/2024\/09\/KINGSPAN_TECZONE_logotipo-H-color_positivo-300x84.png\" alt=\"\" width=\"221\" height=\"62\" srcset=\"https:\/\/teczone.es\/wp-content\/uploads\/2024\/09\/KINGSPAN_TECZONE_logotipo-H-color_positivo-300x84.png 300w, https:\/\/teczone.es\/wp-content\/uploads\/2024\/09\/KINGSPAN_TECZONE_logotipo-H-color_positivo-1024x287.png 1024w, https:\/\/teczone.es\/wp-content\/uploads\/2024\/09\/KINGSPAN_TECZONE_logotipo-H-color_positivo-768x215.png 768w, https:\/\/teczone.es\/wp-content\/uploads\/2024\/09\/KINGSPAN_TECZONE_logotipo-H-color_positivo-1536x430.png 1536w, https:\/\/teczone.es\/wp-content\/uploads\/2024\/09\/KINGSPAN_TECZONE_logotipo-H-color_positivo.png 1772w\" sizes=\"auto, (max-width: 221px) 100vw, 221px\" \/><\/div>\n<div class=\"ewa-rteLine\">A Kingspan | Teczone, com sede em Burgos, \u00e9 especializada na produ\u00e7\u00e3o de perfis met\u00e1licos, estruturas de divis\u00f3rias e sistemas de fecho de edif\u00edcios, destacando-se pela sua capacidade de personaliza\u00e7\u00e3o e compromisso com o valor arquitet\u00f3nico do seu projeto. Para mais informa\u00e7\u00f5es, visite: <a href=\"https:\/\/www.teczone.es\/\" target=\"_blank\" rel=\"noopener\">www.teczone.es<\/a>.<\/div>\n<div><\/div>\n<div class=\"ewa-rteLine\"><img loading=\"lazy\" decoding=\"async\" class=\"alignnone  wp-image-9358\" src=\"https:\/\/www.huurreiberica.com\/wp-content\/uploads\/2024\/09\/KINGSPAN-INVESPANEL_4T-positiu-300x75.png\" alt=\"\" width=\"244\" height=\"61\" srcset=\"https:\/\/teczone.es\/wp-content\/uploads\/2024\/09\/KINGSPAN-INVESPANEL_4T-positiu-300x75.png 300w, https:\/\/teczone.es\/wp-content\/uploads\/2024\/09\/KINGSPAN-INVESPANEL_4T-positiu-1024x255.png 1024w, https:\/\/teczone.es\/wp-content\/uploads\/2024\/09\/KINGSPAN-INVESPANEL_4T-positiu-768x191.png 768w, https:\/\/teczone.es\/wp-content\/uploads\/2024\/09\/KINGSPAN-INVESPANEL_4T-positiu-1536x383.png 1536w, https:\/\/teczone.es\/wp-content\/uploads\/2024\/09\/KINGSPAN-INVESPANEL_4T-positiu.png 1829w\" sizes=\"auto, (max-width: 244px) 100vw, 244px\" \/><\/div>\n<div class=\"ewa-rteLine\">A Kingspan | Invespanel oferece sistemas de constru\u00e7\u00e3o com pain\u00e9is sandwich especialmente concebidos para salas limpas, laborat\u00f3rios, centros de dados e sectores especializados como o farmac\u00eautico, oferecendo solu\u00e7\u00f5es de elevada efici\u00eancia e desempenho em ambientes controlados. Saiba mais sobre os seus produtos inovadores em: <a href=\"http:\/\/www.invespanel.com\" target=\"_blank\" rel=\"noopener\">www.invespanel.com<\/a>.<\/div>\n<div><\/div>\n<div><img loading=\"lazy\" decoding=\"async\" class=\"wp-image-24301  alignnone\" src=\"https:\/\/teczone.es\/wp-content\/uploads\/2025\/06\/Logo-KINGSPAN-THU-CEILING-SOLUTIONS-COLOR-300x76.png\" alt=\"\" width=\"264\" height=\"67\" srcset=\"https:\/\/teczone.es\/wp-content\/uploads\/2025\/06\/Logo-KINGSPAN-THU-CEILING-SOLUTIONS-COLOR-300x76.png 300w, https:\/\/teczone.es\/wp-content\/uploads\/2025\/06\/Logo-KINGSPAN-THU-CEILING-SOLUTIONS-COLOR-1024x259.png 1024w, https:\/\/teczone.es\/wp-content\/uploads\/2025\/06\/Logo-KINGSPAN-THU-CEILING-SOLUTIONS-COLOR-768x195.png 768w, https:\/\/teczone.es\/wp-content\/uploads\/2025\/06\/Logo-KINGSPAN-THU-CEILING-SOLUTIONS-COLOR-1536x389.png 1536w, https:\/\/teczone.es\/wp-content\/uploads\/2025\/06\/Logo-KINGSPAN-THU-CEILING-SOLUTIONS-COLOR-2048x519.png 2048w\" sizes=\"auto, (max-width: 264px) 100vw, 264px\" \/><\/div>\n<div class=\"ewa-rteLine\" style=\"margin-top: 20px\">A THU Ceiling Solutions \u00e9 uma empresa valenciana com mais de 30 anos de experi\u00eancia no fabrico de tectos met\u00e1licos e sistemas de grelha de tectos, posicionando-se como um fornecedor inovador com solu\u00e7\u00f5es centradas no design e no desempenho ac\u00fastico para arquitectos e designers de interiores. Saiba mais sobre as solu\u00e7\u00f5es de tectos arquitect\u00f3nicos aqui: <a href=\"https:\/\/thu.es\/\" target=\"_blank\" rel=\"noopener\">www.thu.es<\/a>.<\/div>\n<p>&nbsp;<\/p>\n<div><\/div>\n<div><\/div>\n                <\/div>\n            <\/div>\n\t\t\t\t\t\t<\/div>\n        \t\t\t\n\t\t\t\t<div class=\"ac-item\">\n\t\t\t\t\t\n\n\t\t\n            <h3><span>Acerca da Kingspan<\/span><\/h3>\n            <div class=\"texto\">\n                <div class=\"control\">\n                    <p><img loading=\"lazy\" decoding=\"async\" class=\"alignnone  wp-image-308\" src=\"https:\/\/teczone.es\/wp-content\/uploads\/2024\/01\/kingspan-300x156.png\" alt=\"\" width=\"238\" height=\"124\" srcset=\"https:\/\/teczone.es\/wp-content\/uploads\/2024\/01\/kingspan-300x156.png 300w, https:\/\/teczone.es\/wp-content\/uploads\/2024\/01\/kingspan.png 505w\" sizes=\"auto, (max-width: 238px) 100vw, 238px\" \/><\/p>\n<p>A Kingspan \u00e9 uma empresa global especializada em solu\u00e7\u00f5es avan\u00e7adas de isolamento e revestimentos para edif\u00edcios. A sua miss\u00e3o \u00e9 promover um futuro com edif\u00edcios com emiss\u00f5es l\u00edquidas nulas, dando prioridade ao bem-estar das pessoas e do planeta.<\/p>\n<p>A divis\u00e3o de pain\u00e9is isolantes da Kingspan \u00e9 o maior fabricante mundial de sistemas de pain\u00e9is de alto desempenho. Com uma vasta gama de n\u00facleos isolantes, oferece solu\u00e7\u00f5es adaptadas a diversas normativas que permitem uma constru\u00e7\u00e3o mais r\u00e1pida e eficiente, com uma otimiza\u00e7\u00e3o dos processos de montagem em compara\u00e7\u00e3o com os sistemas tradicionais.<\/p>\n<p>Para al\u00e9m de pain\u00e9is isolantes, a Kingspan fornece solu\u00e7\u00f5es para fachadas arquitet\u00f3nicas e sistemas de juntas elevadas em determinados mercados, alargando a sua oferta a projetos com requisitos t\u00e9cnicos e de design espec\u00edficos.<\/p>\n<p>O Kingspan Group \u00e9 um grupo multinacional com uma rede de mais de 212 centros de produ\u00e7\u00e3o, aproximadamente 22 000 colaboradores e presen\u00e7a em cerca de 80 pa\u00edses. O grupo opera atrav\u00e9s de cinco divis\u00f5es:<\/p>\n<ul>\n<li>&#8211; Pain\u00e9is Isolantes, Isolamento<\/li>\n<li>&#8211; Luz, Ar + \u00c1gua<\/li>\n<li>&#8211; Dados + Pavimentos<\/li>\n<li>&#8211; Isolamento T\u00e9cnico<\/li>\n<li>&#8211; Power Panel, materiais de base biol\u00f3gica e Coberturas.<\/li>\n<\/ul>\n<p>A atividade do grupo centra-se no desenvolvimento de solu\u00e7\u00f5es construtivas para o setor da constru\u00e7\u00e3o, incorporando crit\u00e9rios relacionados com o desempenho dos sistemas, a redu\u00e7\u00e3o das emiss\u00f5es de carbono, a sustentabilidade e a inova\u00e7\u00e3o aplicada.<\/p>\n                <\/div>\n            <\/div>\n\t\t\t\t\t\t<\/div>\n            <\/div>\n       \n   \n<\/div>\n\n\n\n\n<div style=\"height:100px\" aria-hidden=\"true\" class=\"wp-block-spacer\"><\/div>\n\n\n\n\n\n<div id=\"block-cifras-block_975852fd7e1f9544765640cbb9c39b7e\" class=\"block-cifras\">\n\n    <div class=\"wrap\">\n        <h2>Teczone em n\u00fameros<\/h2>\n        <div class=\"cifras-list\">\n            <div class=\"single-cifra single-cifra-1\">\n                <p class=\"first\">91 M\u20ac<\/p>\n                <p class=\"what\">Faturamento anual<\/p>\n            <\/div>\n            <div class=\"single-cifra single-cifra-2\">\n                 <p class=\"first\">35 pa\u00edses<\/p>\n                Presen\u00e7a internacional            <\/div>\n            <div class=\"single-cifra single-cifra-3\">\n                 <p class=\"first\">60.000<\/p>\n                Tn de a\u00e7o transformado por ano            <\/div>\n            <div class=\"single-cifra single-cifra-4\">\n                 <p class=\"first\">35% export<\/p>\n                            <\/div>\n            <div class=\"single-cifra single-cifra-5\">\n                 <p class=\"first\">Mais de 95<\/p>\n                Trabalhadores qualificados            <\/div>\n            <div class=\"single-cifra single-cifra-6\">\n                 <p class=\"first\">20.000 m2<\/p>\n                Superf\u00edcie para produ\u00e7\u00e3o            <\/div>\n        <\/div>\n    <\/div>\n   \n<\/div>\n\n","protected":false},"excerpt":{"rendered":"<p>Experi\u00eancia<\/p>\n","protected":false},"author":1,"featured_media":0,"parent":0,"menu_order":0,"comment_status":"closed","ping_status":"closed","template":"page-templates\/page-sobre-huurre.php","meta":{"_acf_changed":false,"_oasis_is_in_workflow":0,"_oasis_original":0,"_oasis_task_priority":"2normal","_genesis_hide_title":false,"_genesis_hide_breadcrumbs":false,"_genesis_hide_singular_image":false,"_genesis_hide_footer_widgets":false,"_genesis_custom_body_class":"","_genesis_custom_post_class":"","_genesis_layout":"","footnotes":""},"class_list":{"0":"post-543","1":"page","2":"type-page","3":"status-publish","5":"entry"},"acf":[],"yoast_head":"<!-- This site is optimized with the Yoast SEO plugin v27.3 - https:\/\/yoast.com\/product\/yoast-seo-wordpress\/ -->\n<title>Sobre Teczone<\/title>\n<meta name=\"description\" content=\"Teczone, com sede em Burgos, \u00e9 especializada na produ\u00e7\u00e3o de perfis met\u00e1licos.\" \/>\n<meta name=\"robots\" content=\"index, follow, max-snippet:-1, max-image-preview:large, max-video-preview:-1\" \/>\n<link rel=\"canonical\" href=\"https:\/\/teczone.es\/pt-pt\/sobre-teczone\/\" \/>\n<meta property=\"og:locale\" content=\"pt_PT\" \/>\n<meta property=\"og:type\" content=\"article\" \/>\n<meta property=\"og:title\" content=\"Sobre Teczone\" \/>\n<meta property=\"og:description\" content=\"Teczone, com sede em Burgos, \u00e9 especializada na produ\u00e7\u00e3o de perfis met\u00e1licos.\" \/>\n<meta property=\"og:url\" content=\"https:\/\/teczone.es\/pt-pt\/sobre-teczone\/\" \/>\n<meta property=\"og:site_name\" content=\"Teczone\" \/>\n<meta property=\"article:modified_time\" content=\"2026-04-23T08:39:53+00:00\" \/>\n<meta name=\"twitter:card\" content=\"summary_large_image\" \/>\n<meta name=\"twitter:label1\" content=\"Tempo estimado de leitura\" \/>\n\t<meta name=\"twitter:data1\" content=\"1 minuto\" \/>\n<script type=\"application\/ld+json\" class=\"yoast-schema-graph\">{\"@context\":\"https:\\\/\\\/schema.org\",\"@graph\":[{\"@type\":\"WebPage\",\"@id\":\"https:\\\/\\\/teczone.es\\\/pt-pt\\\/sobre-teczone\\\/\",\"url\":\"https:\\\/\\\/teczone.es\\\/pt-pt\\\/sobre-teczone\\\/\",\"name\":\"Sobre Teczone\",\"isPartOf\":{\"@id\":\"https:\\\/\\\/teczone.es\\\/pt-pt\\\/#website\"},\"datePublished\":\"2025-07-09T12:00:00+00:00\",\"dateModified\":\"2026-04-23T08:39:53+00:00\",\"description\":\"Teczone, com sede em Burgos, \u00e9 especializada na produ\u00e7\u00e3o de perfis met\u00e1licos.\",\"breadcrumb\":{\"@id\":\"https:\\\/\\\/teczone.es\\\/pt-pt\\\/sobre-teczone\\\/#breadcrumb\"},\"inLanguage\":\"pt-PT\",\"potentialAction\":[{\"@type\":\"ReadAction\",\"target\":[\"https:\\\/\\\/teczone.es\\\/pt-pt\\\/sobre-teczone\\\/\"]}]},{\"@type\":\"BreadcrumbList\",\"@id\":\"https:\\\/\\\/teczone.es\\\/pt-pt\\\/sobre-teczone\\\/#breadcrumb\",\"itemListElement\":[{\"@type\":\"ListItem\",\"position\":1,\"name\":\"Home\",\"item\":\"https:\\\/\\\/teczone.es\\\/pt-pt\\\/\"},{\"@type\":\"ListItem\",\"position\":2,\"name\":\"Sobre Teczone\"}]},{\"@type\":\"WebSite\",\"@id\":\"https:\\\/\\\/teczone.es\\\/pt-pt\\\/#website\",\"url\":\"https:\\\/\\\/teczone.es\\\/pt-pt\\\/\",\"name\":\"Huurre\",\"description\":\"Fabricamos pain\u00e9is para fachadas e paredes interiores para constru\u00e7\u00e3o\",\"publisher\":{\"@id\":\"https:\\\/\\\/teczone.es\\\/pt-pt\\\/#organization\"},\"potentialAction\":[{\"@type\":\"SearchAction\",\"target\":{\"@type\":\"EntryPoint\",\"urlTemplate\":\"https:\\\/\\\/teczone.es\\\/pt-pt\\\/?s={search_term_string}\"},\"query-input\":{\"@type\":\"PropertyValueSpecification\",\"valueRequired\":true,\"valueName\":\"search_term_string\"}}],\"inLanguage\":\"pt-PT\"},{\"@type\":\"Organization\",\"@id\":\"https:\\\/\\\/teczone.es\\\/pt-pt\\\/#organization\",\"name\":\"Huurre\",\"url\":\"https:\\\/\\\/teczone.es\\\/pt-pt\\\/\",\"logo\":{\"@type\":\"ImageObject\",\"inLanguage\":\"pt-PT\",\"@id\":\"https:\\\/\\\/teczone.es\\\/pt-pt\\\/#\\\/schema\\\/logo\\\/image\\\/\",\"url\":\"https:\\\/\\\/teczone.es\\\/wp-content\\\/uploads\\\/2024\\\/12\\\/logotipo_huurre.png\",\"contentUrl\":\"https:\\\/\\\/teczone.es\\\/wp-content\\\/uploads\\\/2024\\\/12\\\/logotipo_huurre.png\",\"width\":455,\"height\":151,\"caption\":\"Huurre\"},\"image\":{\"@id\":\"https:\\\/\\\/teczone.es\\\/pt-pt\\\/#\\\/schema\\\/logo\\\/image\\\/\"}}]}<\/script>\n<!-- \/ Yoast SEO plugin. -->","yoast_head_json":{"title":"Sobre Teczone","description":"Teczone, com sede em Burgos, \u00e9 especializada na produ\u00e7\u00e3o de perfis met\u00e1licos.","robots":{"index":"index","follow":"follow","max-snippet":"max-snippet:-1","max-image-preview":"max-image-preview:large","max-video-preview":"max-video-preview:-1"},"canonical":"https:\/\/teczone.es\/pt-pt\/sobre-teczone\/","og_locale":"pt_PT","og_type":"article","og_title":"Sobre Teczone","og_description":"Teczone, com sede em Burgos, \u00e9 especializada na produ\u00e7\u00e3o de perfis met\u00e1licos.","og_url":"https:\/\/teczone.es\/pt-pt\/sobre-teczone\/","og_site_name":"Teczone","article_modified_time":"2026-04-23T08:39:53+00:00","twitter_card":"summary_large_image","twitter_misc":{"Tempo estimado de leitura":"1 minuto"},"schema":{"@context":"https:\/\/schema.org","@graph":[{"@type":"WebPage","@id":"https:\/\/teczone.es\/pt-pt\/sobre-teczone\/","url":"https:\/\/teczone.es\/pt-pt\/sobre-teczone\/","name":"Sobre Teczone","isPartOf":{"@id":"https:\/\/teczone.es\/pt-pt\/#website"},"datePublished":"2025-07-09T12:00:00+00:00","dateModified":"2026-04-23T08:39:53+00:00","description":"Teczone, com sede em Burgos, \u00e9 especializada na produ\u00e7\u00e3o de perfis met\u00e1licos.","breadcrumb":{"@id":"https:\/\/teczone.es\/pt-pt\/sobre-teczone\/#breadcrumb"},"inLanguage":"pt-PT","potentialAction":[{"@type":"ReadAction","target":["https:\/\/teczone.es\/pt-pt\/sobre-teczone\/"]}]},{"@type":"BreadcrumbList","@id":"https:\/\/teczone.es\/pt-pt\/sobre-teczone\/#breadcrumb","itemListElement":[{"@type":"ListItem","position":1,"name":"Home","item":"https:\/\/teczone.es\/pt-pt\/"},{"@type":"ListItem","position":2,"name":"Sobre Teczone"}]},{"@type":"WebSite","@id":"https:\/\/teczone.es\/pt-pt\/#website","url":"https:\/\/teczone.es\/pt-pt\/","name":"Huurre","description":"Fabricamos pain\u00e9is para fachadas e paredes interiores para constru\u00e7\u00e3o","publisher":{"@id":"https:\/\/teczone.es\/pt-pt\/#organization"},"potentialAction":[{"@type":"SearchAction","target":{"@type":"EntryPoint","urlTemplate":"https:\/\/teczone.es\/pt-pt\/?s={search_term_string}"},"query-input":{"@type":"PropertyValueSpecification","valueRequired":true,"valueName":"search_term_string"}}],"inLanguage":"pt-PT"},{"@type":"Organization","@id":"https:\/\/teczone.es\/pt-pt\/#organization","name":"Huurre","url":"https:\/\/teczone.es\/pt-pt\/","logo":{"@type":"ImageObject","inLanguage":"pt-PT","@id":"https:\/\/teczone.es\/pt-pt\/#\/schema\/logo\/image\/","url":"https:\/\/teczone.es\/wp-content\/uploads\/2024\/12\/logotipo_huurre.png","contentUrl":"https:\/\/teczone.es\/wp-content\/uploads\/2024\/12\/logotipo_huurre.png","width":455,"height":151,"caption":"Huurre"},"image":{"@id":"https:\/\/teczone.es\/pt-pt\/#\/schema\/logo\/image\/"}}]}},"featured_image_src":null,"featured_image_src_square":null,"_links":{"self":[{"href":"https:\/\/teczone.es\/pt-pt\/wp-json\/wp\/v2\/pages\/543","targetHints":{"allow":["GET"]}}],"collection":[{"href":"https:\/\/teczone.es\/pt-pt\/wp-json\/wp\/v2\/pages"}],"about":[{"href":"https:\/\/teczone.es\/pt-pt\/wp-json\/wp\/v2\/types\/page"}],"author":[{"embeddable":true,"href":"https:\/\/teczone.es\/pt-pt\/wp-json\/wp\/v2\/users\/1"}],"replies":[{"embeddable":true,"href":"https:\/\/teczone.es\/pt-pt\/wp-json\/wp\/v2\/comments?post=543"}],"version-history":[{"count":42,"href":"https:\/\/teczone.es\/pt-pt\/wp-json\/wp\/v2\/pages\/543\/revisions"}],"predecessor-version":[{"id":32124,"href":"https:\/\/teczone.es\/pt-pt\/wp-json\/wp\/v2\/pages\/543\/revisions\/32124"}],"wp:attachment":[{"href":"https:\/\/teczone.es\/pt-pt\/wp-json\/wp\/v2\/media?parent=543"}],"curies":[{"name":"wp","href":"https:\/\/api.w.org\/{rel}","templated":true}]}}