{"id":540,"date":"2025-07-09T13:59:00","date_gmt":"2025-07-09T11:59:00","guid":{"rendered":"https:\/\/unrivalled-manx-5b8ed1.instawp.xyz\/sistemas\/"},"modified":"2025-07-08T11:18:22","modified_gmt":"2025-07-08T09:18:22","slug":"sistemas","status":"publish","type":"page","link":"https:\/\/teczone.es\/pt-pt\/sistemas\/","title":{"rendered":"Sistemas"},"content":{"rendered":"\n<div id=\"block-sistemas-block_7f5e3a50d658b93c5a17ecbb0f347786\" class=\"block-sistemas\">\n    <div class=\"wrap\">\n        <!-- A\u00f1adir los nuevos campos de t\u00edtulo -->\n        <p class=\"title-superior\"><\/p>\n        <h2>Sistemas de constru\u00e7\u00e3o para o seu projeto<\/h2>\n        \n        <div class=\"control-position\">\n            <div class=\"image\">\n                <img loading=\"lazy\" decoding=\"async\" width=\"2560\" height=\"1540\" src=\"https:\/\/teczone.es\/wp-content\/uploads\/2024\/02\/lance-anderson-QdAAasrZhdk-unsplash-scaled.jpg\" class=\"attachment-full size-full\" alt=\"\" srcset=\"https:\/\/teczone.es\/wp-content\/uploads\/2024\/02\/lance-anderson-QdAAasrZhdk-unsplash-scaled.jpg 2560w, https:\/\/teczone.es\/wp-content\/uploads\/2024\/02\/lance-anderson-QdAAasrZhdk-unsplash-300x180.jpg 300w, https:\/\/teczone.es\/wp-content\/uploads\/2024\/02\/lance-anderson-QdAAasrZhdk-unsplash-1024x616.jpg 1024w, https:\/\/teczone.es\/wp-content\/uploads\/2024\/02\/lance-anderson-QdAAasrZhdk-unsplash-768x462.jpg 768w, https:\/\/teczone.es\/wp-content\/uploads\/2024\/02\/lance-anderson-QdAAasrZhdk-unsplash-1536x924.jpg 1536w, https:\/\/teczone.es\/wp-content\/uploads\/2024\/02\/lance-anderson-QdAAasrZhdk-unsplash-2048x1232.jpg 2048w\" sizes=\"auto, (max-width: 2560px) 100vw, 2560px\" \/>            <\/div>\n                                                        \n                <!-- Envolver todo en <a> para que c\u00edrculo + texto sean clicables -->\n                <a href=\"\/pt-pt\/categoria-produto\/revestimentos-metalicos-de-fachada\/\" class=\"single-point\" style=\"left: 12%; top: 23%;\">\n                    <div class=\"circle\">\n                        <div class=\"circle-in\"><\/div>\n                    <\/div>\n                    <div class=\"texto\">\n                        <p>Revestimientos met\u00e1licos de fachada<\/p>\n                    <\/div>\n                <\/a>\n\n                                                            \n                <!-- Envolver todo en <a> para que c\u00edrculo + texto sean clicables -->\n                <a href=\"\/pt-pt\/categoria-produto\/revestimentos-metalicos-de-cobertura\/\" class=\"single-point\" style=\"left: 23%; top: 11%;\">\n                    <div class=\"circle\">\n                        <div class=\"circle-in\"><\/div>\n                    <\/div>\n                    <div class=\"texto\">\n                        <p>Revestimientos met\u00e1licos de cobertura<\/p>\n                    <\/div>\n                <\/a>\n\n                                                            \n                <!-- Envolver todo en <a> para que c\u00edrculo + texto sean clicables -->\n                <a href=\"\/pt-pt\/categoria-produto\/correias-metalicas\/\" class=\"single-point\" style=\"left: 60%; top: 47%;\">\n                    <div class=\"circle\">\n                        <div class=\"circle-in\"><\/div>\n                    <\/div>\n                    <div class=\"texto\">\n                        <p>Correias met\u00e1licas<\/p>\n                    <\/div>\n                <\/a>\n\n                                                            \n                <!-- Envolver todo en <a> para que c\u00edrculo + texto sean clicables -->\n                <a href=\"\/pt-pt\/categoria-produto\/iluminacao-natural\/\" class=\"single-point\" style=\"left: 54%; top: 23%;\">\n                    <div class=\"circle\">\n                        <div class=\"circle-in\"><\/div>\n                    <\/div>\n                    <div class=\"texto\">\n                        <p>Ilumina\u00e7\u00e3o natural<\/p>\n                    <\/div>\n                <\/a>\n\n                                                            \n                <!-- Envolver todo en <a> para que c\u00edrculo + texto sean clicables -->\n                <a href=\"\/pt-pt\/categoria-produto\/paineis-sanduiche\/\" class=\"single-point\" style=\"left: 16%; top: 38%;\">\n                    <div class=\"circle\">\n                        <div class=\"circle-in\"><\/div>\n                    <\/div>\n                    <div class=\"texto\">\n                        <p>Pain\u00e9is sandu\u00edche<\/p>\n                    <\/div>\n                <\/a>\n\n                                                            \n                <!-- Envolver todo en <a> para que c\u00edrculo + texto sean clicables -->\n                <a href=\"\/pt-pt\/categoria-produto\/steel-framing-pt-pt\/\" class=\"single-point\" style=\"left: 62%; top: 56%;\">\n                    <div class=\"circle\">\n                        <div class=\"circle-in\"><\/div>\n                    <\/div>\n                    <div class=\"texto\">\n                        <p>Steel framing<\/p>\n                    <\/div>\n                <\/a>\n\n                                                            \n                <!-- Envolver todo en <a> para que c\u00edrculo + texto sean clicables -->\n                <a href=\"\/pt-pt\/categoria-produto\/divisorias-e-tetos-falsos\/\" class=\"single-point\" style=\"left: 53%; top: 35%;\">\n                    <div class=\"circle\">\n                        <div class=\"circle-in\"><\/div>\n                    <\/div>\n                    <div class=\"texto\">\n                        <p>Divis\u00f3rias e tetos falsos<\/p>\n                    <\/div>\n                <\/a>\n\n                                    <\/div>\n    <\/div>\n<\/div>\n","protected":false},"excerpt":{"rendered":"","protected":false},"author":1,"featured_media":0,"parent":0,"menu_order":0,"comment_status":"closed","ping_status":"closed","template":"page-templates\/page-full-width.php","meta":{"_acf_changed":false,"_oasis_is_in_workflow":0,"_oasis_original":0,"_oasis_task_priority":"2normal","_genesis_hide_title":false,"_genesis_hide_breadcrumbs":false,"_genesis_hide_singular_image":false,"_genesis_hide_footer_widgets":false,"_genesis_custom_body_class":"","_genesis_custom_post_class":"","_genesis_layout":"","footnotes":""},"class_list":{"0":"post-540","1":"page","2":"type-page","3":"status-publish","5":"entry"},"acf":[],"yoast_head":"<!-- This site is optimized with the Yoast SEO plugin v27.3 - https:\/\/yoast.com\/product\/yoast-seo-wordpress\/ -->\n<title>Sistemas - Teczone<\/title>\n<meta name=\"robots\" content=\"index, follow, max-snippet:-1, max-image-preview:large, max-video-preview:-1\" \/>\n<link rel=\"canonical\" href=\"https:\/\/teczone.es\/pt-pt\/sistemas\/\" \/>\n<meta property=\"og:locale\" content=\"pt_PT\" \/>\n<meta property=\"og:type\" content=\"article\" \/>\n<meta property=\"og:title\" content=\"Sistemas - Teczone\" \/>\n<meta property=\"og:url\" content=\"https:\/\/teczone.es\/pt-pt\/sistemas\/\" \/>\n<meta property=\"og:site_name\" content=\"Teczone\" \/>\n<meta name=\"twitter:card\" content=\"summary_large_image\" \/>\n<script type=\"application\/ld+json\" class=\"yoast-schema-graph\">{\"@context\":\"https:\\\/\\\/schema.org\",\"@graph\":[{\"@type\":\"WebPage\",\"@id\":\"https:\\\/\\\/teczone.es\\\/pt-pt\\\/sistemas\\\/\",\"url\":\"https:\\\/\\\/teczone.es\\\/pt-pt\\\/sistemas\\\/\",\"name\":\"Sistemas - Teczone\",\"isPartOf\":{\"@id\":\"https:\\\/\\\/teczone.es\\\/pt-pt\\\/#website\"},\"datePublished\":\"2025-07-09T11:59:00+00:00\",\"breadcrumb\":{\"@id\":\"https:\\\/\\\/teczone.es\\\/pt-pt\\\/sistemas\\\/#breadcrumb\"},\"inLanguage\":\"pt-PT\",\"potentialAction\":[{\"@type\":\"ReadAction\",\"target\":[\"https:\\\/\\\/teczone.es\\\/pt-pt\\\/sistemas\\\/\"]}]},{\"@type\":\"BreadcrumbList\",\"@id\":\"https:\\\/\\\/teczone.es\\\/pt-pt\\\/sistemas\\\/#breadcrumb\",\"itemListElement\":[{\"@type\":\"ListItem\",\"position\":1,\"name\":\"Home\",\"item\":\"https:\\\/\\\/teczone.es\\\/pt-pt\\\/\"},{\"@type\":\"ListItem\",\"position\":2,\"name\":\"Sistemas\"}]},{\"@type\":\"WebSite\",\"@id\":\"https:\\\/\\\/teczone.es\\\/pt-pt\\\/#website\",\"url\":\"https:\\\/\\\/teczone.es\\\/pt-pt\\\/\",\"name\":\"Huurre\",\"description\":\"Fabricamos pain\u00e9is para fachadas e paredes interiores para constru\u00e7\u00e3o\",\"publisher\":{\"@id\":\"https:\\\/\\\/teczone.es\\\/pt-pt\\\/#organization\"},\"potentialAction\":[{\"@type\":\"SearchAction\",\"target\":{\"@type\":\"EntryPoint\",\"urlTemplate\":\"https:\\\/\\\/teczone.es\\\/pt-pt\\\/?s={search_term_string}\"},\"query-input\":{\"@type\":\"PropertyValueSpecification\",\"valueRequired\":true,\"valueName\":\"search_term_string\"}}],\"inLanguage\":\"pt-PT\"},{\"@type\":\"Organization\",\"@id\":\"https:\\\/\\\/teczone.es\\\/pt-pt\\\/#organization\",\"name\":\"Huurre\",\"url\":\"https:\\\/\\\/teczone.es\\\/pt-pt\\\/\",\"logo\":{\"@type\":\"ImageObject\",\"inLanguage\":\"pt-PT\",\"@id\":\"https:\\\/\\\/teczone.es\\\/pt-pt\\\/#\\\/schema\\\/logo\\\/image\\\/\",\"url\":\"https:\\\/\\\/teczone.es\\\/wp-content\\\/uploads\\\/2024\\\/12\\\/logotipo_huurre.png\",\"contentUrl\":\"https:\\\/\\\/teczone.es\\\/wp-content\\\/uploads\\\/2024\\\/12\\\/logotipo_huurre.png\",\"width\":455,\"height\":151,\"caption\":\"Huurre\"},\"image\":{\"@id\":\"https:\\\/\\\/teczone.es\\\/pt-pt\\\/#\\\/schema\\\/logo\\\/image\\\/\"}}]}<\/script>\n<!-- \/ Yoast SEO plugin. -->","yoast_head_json":{"title":"Sistemas - Teczone","robots":{"index":"index","follow":"follow","max-snippet":"max-snippet:-1","max-image-preview":"max-image-preview:large","max-video-preview":"max-video-preview:-1"},"canonical":"https:\/\/teczone.es\/pt-pt\/sistemas\/","og_locale":"pt_PT","og_type":"article","og_title":"Sistemas - Teczone","og_url":"https:\/\/teczone.es\/pt-pt\/sistemas\/","og_site_name":"Teczone","twitter_card":"summary_large_image","schema":{"@context":"https:\/\/schema.org","@graph":[{"@type":"WebPage","@id":"https:\/\/teczone.es\/pt-pt\/sistemas\/","url":"https:\/\/teczone.es\/pt-pt\/sistemas\/","name":"Sistemas - Teczone","isPartOf":{"@id":"https:\/\/teczone.es\/pt-pt\/#website"},"datePublished":"2025-07-09T11:59:00+00:00","breadcrumb":{"@id":"https:\/\/teczone.es\/pt-pt\/sistemas\/#breadcrumb"},"inLanguage":"pt-PT","potentialAction":[{"@type":"ReadAction","target":["https:\/\/teczone.es\/pt-pt\/sistemas\/"]}]},{"@type":"BreadcrumbList","@id":"https:\/\/teczone.es\/pt-pt\/sistemas\/#breadcrumb","itemListElement":[{"@type":"ListItem","position":1,"name":"Home","item":"https:\/\/teczone.es\/pt-pt\/"},{"@type":"ListItem","position":2,"name":"Sistemas"}]},{"@type":"WebSite","@id":"https:\/\/teczone.es\/pt-pt\/#website","url":"https:\/\/teczone.es\/pt-pt\/","name":"Huurre","description":"Fabricamos pain\u00e9is para fachadas e paredes interiores para constru\u00e7\u00e3o","publisher":{"@id":"https:\/\/teczone.es\/pt-pt\/#organization"},"potentialAction":[{"@type":"SearchAction","target":{"@type":"EntryPoint","urlTemplate":"https:\/\/teczone.es\/pt-pt\/?s={search_term_string}"},"query-input":{"@type":"PropertyValueSpecification","valueRequired":true,"valueName":"search_term_string"}}],"inLanguage":"pt-PT"},{"@type":"Organization","@id":"https:\/\/teczone.es\/pt-pt\/#organization","name":"Huurre","url":"https:\/\/teczone.es\/pt-pt\/","logo":{"@type":"ImageObject","inLanguage":"pt-PT","@id":"https:\/\/teczone.es\/pt-pt\/#\/schema\/logo\/image\/","url":"https:\/\/teczone.es\/wp-content\/uploads\/2024\/12\/logotipo_huurre.png","contentUrl":"https:\/\/teczone.es\/wp-content\/uploads\/2024\/12\/logotipo_huurre.png","width":455,"height":151,"caption":"Huurre"},"image":{"@id":"https:\/\/teczone.es\/pt-pt\/#\/schema\/logo\/image\/"}}]}},"featured_image_src":null,"featured_image_src_square":null,"_links":{"self":[{"href":"https:\/\/teczone.es\/pt-pt\/wp-json\/wp\/v2\/pages\/540","targetHints":{"allow":["GET"]}}],"collection":[{"href":"https:\/\/teczone.es\/pt-pt\/wp-json\/wp\/v2\/pages"}],"about":[{"href":"https:\/\/teczone.es\/pt-pt\/wp-json\/wp\/v2\/types\/page"}],"author":[{"embeddable":true,"href":"https:\/\/teczone.es\/pt-pt\/wp-json\/wp\/v2\/users\/1"}],"replies":[{"embeddable":true,"href":"https:\/\/teczone.es\/pt-pt\/wp-json\/wp\/v2\/comments?post=540"}],"version-history":[{"count":37,"href":"https:\/\/teczone.es\/pt-pt\/wp-json\/wp\/v2\/pages\/540\/revisions"}],"predecessor-version":[{"id":25589,"href":"https:\/\/teczone.es\/pt-pt\/wp-json\/wp\/v2\/pages\/540\/revisions\/25589"}],"wp:attachment":[{"href":"https:\/\/teczone.es\/pt-pt\/wp-json\/wp\/v2\/media?parent=540"}],"curies":[{"name":"wp","href":"https:\/\/api.w.org\/{rel}","templated":true}]}}