{"id":24923,"date":"2026-04-24T13:17:00","date_gmt":"2026-04-24T11:17:00","guid":{"rendered":"https:\/\/teczone.es\/fondo-comunitario-planet-passionate\/"},"modified":"2026-04-24T11:10:19","modified_gmt":"2026-04-24T09:10:19","slug":"programa-planet-passionate-pt","status":"publish","type":"page","link":"https:\/\/teczone.es\/pt-pt\/programa-planet-passionate-pt\/","title":{"rendered":"Programa Planet Passionate"},"content":{"rendered":"\n<p>Como parte do Grupo Kingspan, a Teczone est\u00e1 totalmente integrada na estrat\u00e9gia Planet Passionate, o ambicioso programa de sustentabilidade a dez anos que aborda os desafios globais: altera\u00e7\u00f5es clim\u00e1ticas, energia limpa, circularidade e gest\u00e3o da \u00e1gua.<\/p>\n\n\n\n<div style=\"height:50px\" aria-hidden=\"true\" class=\"wp-block-spacer\"><\/div>\n\n\n\n<h4 class=\"wp-block-heading\"><strong>Metas globais alcan\u00e7adas at\u00e9 202<\/strong>5<\/h4>\n\n\n\n<ul class=\"wp-block-list\">\n<li><i class=\"fas fa-check\"><\/i> Mais de 600 projetos conclu\u00eddos em todas as nossas opera\u00e7\u00f5es e cadeia de valor.<\/li>\n\n\n\n<li><i class=\"fas fa-check\"><\/i> 1,05 milh\u00f5es de toneladas de mat\u00e9rias-primas recicladas e renov\u00e1veis utilizadas em 2025.<\/li>\n\n\n\n<li><i class=\"fas fa-check\"><\/i> Redu\u00e7\u00e3o de 70% das emiss\u00f5es de gases com efeito de estufa de \u00e2mbito 1 e 2 desde 2020**.<\/li>\n\n\n\n<li><i class=\"fas fa-check\"><\/i> 10 programas de recolha e reciclagem de produtos.<\/li>\n\n\n\n<li><i class=\"fas fa-check\"><\/i>Mais de 390 projetos comunit\u00e1rios conclu\u00eddos at\u00e9 \u00e0 data.<br><br><\/li>\n<\/ul>\n\n\n\n<p>*Inclui todas as f\u00e1bricas, montagens e I&amp;D do Grupo Kingspan, incluindo aquisi\u00e7\u00f5es realizadas desde 2020, antes do prazo final de 30 de setembro de 2025.<br>**Excluindo emiss\u00f5es biog\u00e9nicas. Emiss\u00f5es de GEE de escopo 2 calculadas utilizando a metodologia baseada no mercado.<\/p>\n\n\n\n<p><\/p>\n\n\n\n<div style=\"height:50px\" aria-hidden=\"true\" class=\"wp-block-spacer\"><\/div>\n\n\n\n<h4 class=\"wp-block-heading\">\ud83c\udfaf <strong>Objectivos para 2030<\/strong><\/h4>\n\n\n\n<p>Estes n\u00fameros fazem parte de um plano de 11 objectivos-chave organizados em quatro \u00e1reas:<\/p>\n\n\n\n<ul class=\"wp-block-list\">\n<li><i class=\"fas fa-arrow-right\"><\/i> <strong>Carbono<\/strong><br>Redu\u00e7\u00e3o de 65\u202f% das emiss\u00f5es de \u00e2mbito 1 e 2 em compara\u00e7\u00e3o com 2020, Redu\u00e7\u00e3o de 15\u202f% da intensidade de CO\u2082 das principais mat\u00e9rias\u2011primas; \u2265\u202f90\u202f% da frota de ve\u00edculos da empresa com emiss\u00f5es zero.<\/li>\n\n\n\n<li><i class=\"fas fa-arrow-right\"><\/i> <strong>Energia<\/strong><br>Utiliza\u00e7\u00e3o de 60% de energia renov\u00e1vel direta ; sistemas fotovoltaicos em todas as instala\u00e7\u00f5es at\u00e9 2030; certifica\u00e7\u00e3o ISO 50001.<\/li>\n\n\n\n<li><i class=\"fas fa-arrow-right\"><\/i> <strong>Circularidade\u00a0<\/strong><br>Zero res\u00edduos para aterro; utiliza\u00e7\u00e3o anual de 1,5\u202fmilh\u00f5es de toneladas de mat\u00e9rias\u2011primas recicladas e renov\u00e1veis; implementa\u00e7\u00e3o de 20\u202fprogramas de recolha e reciclagem de produtos.<\/li>\n\n\n\n<li><i class=\"fas fa-arrow-right\"><\/i> <strong><strong>\u00c1gua<\/strong><\/strong><br>Capta\u00e7\u00e3o de 100\u202fmilh\u00f5es de litros de \u00e1gua da chuva.<\/li>\n<\/ul>\n\n\n\n<div style=\"height:50px\" aria-hidden=\"true\" class=\"wp-block-spacer\"><\/div>\n\n\n\n<h4 class=\"wp-block-heading\">O que \u00e9 que isto significa para a Teczone?<\/h4>\n\n\n\n<ul class=\"wp-block-list\">\n<li><i class=\"fas fa-plus\"><\/i> Utiliza\u00e7\u00e3o de energias renov\u00e1veis e produ\u00e7\u00e3o de energia renov\u00e1vel no local.<\/li>\n\n\n\n<li><i class=\"fas fa-plus\"><\/i> Redu\u00e7\u00f5es significativas das emiss\u00f5es de carbono nos \u00e2mbitos 1, 2 e 3 at\u00e9 2030.<\/li>\n\n\n\n<li><i class=\"fas fa-plus\"><\/i>Introdu\u00e7\u00e3o no mercado de produtos com menor pegada de carbono e maior conte\u00fado reciclado.<\/li>\n\n\n\n<li><i class=\"fas fa-plus\"><\/i> Fundo comunit\u00e1rio \u00abPlanet Passionate\u00bb de apoio \u00e0s comunidades locais.<\/li>\n<\/ul>\n\n\n\n<p>Esta abordagem posiciona a Teczone como um interveniente ativo neste enquadramento, respondendo aos desafios ambientais atrav\u00e9s da sua atividade industrial e em alinhamento com o enquadramento global de sustentabilidade da Kingspan.<\/p>\n\n\n\n<div style=\"height:50px\" aria-hidden=\"true\" class=\"wp-block-spacer\"><\/div>\n\n\n\n<figure class=\"wp-block-image size-full is-resized\"><a href=\"https:\/\/viewer.ipaper.io\/kingspan\/c2510682-planet-passionate-report-2025\/c2510682-planet-passionate-report-2025\/\" target=\"_blank\" rel=\" noreferrer noopener\"><img loading=\"lazy\" decoding=\"async\" width=\"2560\" height=\"911\" src=\"https:\/\/teczone.es\/wp-content\/uploads\/2026\/03\/Planet-Passionate-Report-2025-Email-Signature-scaled.jpg\" alt=\"\" class=\"wp-image-31728\" style=\"aspect-ratio:2.8102208044035777;width:670px;height:auto\" srcset=\"https:\/\/teczone.es\/wp-content\/uploads\/2026\/03\/Planet-Passionate-Report-2025-Email-Signature-scaled.jpg 2560w, https:\/\/teczone.es\/wp-content\/uploads\/2026\/03\/Planet-Passionate-Report-2025-Email-Signature-300x107.jpg 300w, https:\/\/teczone.es\/wp-content\/uploads\/2026\/03\/Planet-Passionate-Report-2025-Email-Signature-1024x365.jpg 1024w, https:\/\/teczone.es\/wp-content\/uploads\/2026\/03\/Planet-Passionate-Report-2025-Email-Signature-768x273.jpg 768w, https:\/\/teczone.es\/wp-content\/uploads\/2026\/03\/Planet-Passionate-Report-2025-Email-Signature-1536x547.jpg 1536w, https:\/\/teczone.es\/wp-content\/uploads\/2026\/03\/Planet-Passionate-Report-2025-Email-Signature-2048x729.jpg 2048w\" sizes=\"auto, (max-width: 2560px) 100vw, 2560px\" \/><\/a><\/figure>\n\n\n\n<p><br><\/p>\n","protected":false},"excerpt":{"rendered":"<p>Como parte do Grupo Kingspan, a Teczone est\u00e1 totalmente integrada na estrat\u00e9gia Planet Passionate, o ambicioso programa de sustentabilidade a dez anos que aborda os desafios globais: altera\u00e7\u00f5es clim\u00e1ticas, energia limpa, circularidade e gest\u00e3o da \u00e1gua. Metas globais alcan\u00e7adas at\u00e9 2025 *Inclui todas as f\u00e1bricas, montagens e I&amp;D do Grupo Kingspan, incluindo aquisi\u00e7\u00f5es realizadas desde [&hellip;]<\/p>\n","protected":false},"author":2,"featured_media":26008,"parent":0,"menu_order":0,"comment_status":"closed","ping_status":"closed","template":"page-templates\/page-comportamiento-fuego.php","meta":{"_acf_changed":false,"_oasis_is_in_workflow":0,"_oasis_original":0,"_oasis_task_priority":"2normal","_genesis_hide_title":false,"_genesis_hide_breadcrumbs":false,"_genesis_hide_singular_image":false,"_genesis_hide_footer_widgets":false,"_genesis_custom_body_class":"","_genesis_custom_post_class":"","_genesis_layout":"","footnotes":""},"class_list":{"0":"post-24923","1":"page","2":"type-page","3":"status-publish","4":"has-post-thumbnail","6":"entry"},"acf":[],"yoast_head":"<!-- This site is optimized with the Yoast SEO plugin v27.3 - https:\/\/yoast.com\/product\/yoast-seo-wordpress\/ -->\n<title>Programa Planet Passionate<\/title>\n<meta name=\"description\" content=\"Apoie o Fundo Comunit\u00e1rio Planet Passionate e o seu impacto na sustentabilidade e no ambiente com o Grupo Kingspan.\" \/>\n<meta name=\"robots\" content=\"index, follow, max-snippet:-1, max-image-preview:large, max-video-preview:-1\" \/>\n<link rel=\"canonical\" href=\"https:\/\/teczone.es\/pt-pt\/programa-planet-passionate-pt\/\" \/>\n<meta property=\"og:locale\" content=\"pt_PT\" \/>\n<meta property=\"og:type\" content=\"article\" \/>\n<meta property=\"og:title\" content=\"Programa Planet Passionate\" \/>\n<meta property=\"og:description\" content=\"Apoie o Fundo Comunit\u00e1rio Planet Passionate e o seu impacto na sustentabilidade e no ambiente com o Grupo Kingspan.\" \/>\n<meta property=\"og:url\" content=\"https:\/\/teczone.es\/pt-pt\/programa-planet-passionate-pt\/\" \/>\n<meta property=\"og:site_name\" content=\"Teczone\" \/>\n<meta property=\"og:image\" content=\"https:\/\/teczone.es\/wp-content\/uploads\/2025\/07\/Banner-Planet-Passionate.jpg\" \/>\n\t<meta property=\"og:image:width\" content=\"1908\" \/>\n\t<meta property=\"og:image:height\" content=\"362\" \/>\n\t<meta property=\"og:image:type\" content=\"image\/jpeg\" \/>\n<meta name=\"twitter:card\" content=\"summary_large_image\" \/>\n<meta name=\"twitter:label1\" content=\"Tempo estimado de leitura\" \/>\n\t<meta name=\"twitter:data1\" content=\"3 minutos\" \/>\n<script type=\"application\/ld+json\" class=\"yoast-schema-graph\">{\"@context\":\"https:\\\/\\\/schema.org\",\"@graph\":[{\"@type\":\"WebPage\",\"@id\":\"https:\\\/\\\/teczone.es\\\/pt-pt\\\/programa-planet-passionate-pt\\\/\",\"url\":\"https:\\\/\\\/teczone.es\\\/pt-pt\\\/programa-planet-passionate-pt\\\/\",\"name\":\"Programa Planet Passionate\",\"isPartOf\":{\"@id\":\"https:\\\/\\\/teczone.es\\\/pt-pt\\\/#website\"},\"primaryImageOfPage\":{\"@id\":\"https:\\\/\\\/teczone.es\\\/pt-pt\\\/programa-planet-passionate-pt\\\/#primaryimage\"},\"image\":{\"@id\":\"https:\\\/\\\/teczone.es\\\/pt-pt\\\/programa-planet-passionate-pt\\\/#primaryimage\"},\"thumbnailUrl\":\"https:\\\/\\\/teczone.es\\\/wp-content\\\/uploads\\\/2025\\\/07\\\/Banner-Planet-Passionate.jpg\",\"datePublished\":\"2026-04-24T11:17:00+00:00\",\"description\":\"Apoie o Fundo Comunit\u00e1rio Planet Passionate e o seu impacto na sustentabilidade e no ambiente com o Grupo Kingspan.\",\"breadcrumb\":{\"@id\":\"https:\\\/\\\/teczone.es\\\/pt-pt\\\/programa-planet-passionate-pt\\\/#breadcrumb\"},\"inLanguage\":\"pt-PT\",\"potentialAction\":[{\"@type\":\"ReadAction\",\"target\":[\"https:\\\/\\\/teczone.es\\\/pt-pt\\\/programa-planet-passionate-pt\\\/\"]}]},{\"@type\":\"ImageObject\",\"inLanguage\":\"pt-PT\",\"@id\":\"https:\\\/\\\/teczone.es\\\/pt-pt\\\/programa-planet-passionate-pt\\\/#primaryimage\",\"url\":\"https:\\\/\\\/teczone.es\\\/wp-content\\\/uploads\\\/2025\\\/07\\\/Banner-Planet-Passionate.jpg\",\"contentUrl\":\"https:\\\/\\\/teczone.es\\\/wp-content\\\/uploads\\\/2025\\\/07\\\/Banner-Planet-Passionate.jpg\",\"width\":1908,\"height\":362},{\"@type\":\"BreadcrumbList\",\"@id\":\"https:\\\/\\\/teczone.es\\\/pt-pt\\\/programa-planet-passionate-pt\\\/#breadcrumb\",\"itemListElement\":[{\"@type\":\"ListItem\",\"position\":1,\"name\":\"Home\",\"item\":\"https:\\\/\\\/teczone.es\\\/pt-pt\\\/\"},{\"@type\":\"ListItem\",\"position\":2,\"name\":\"Architectural Skin Design\"}]},{\"@type\":\"WebSite\",\"@id\":\"https:\\\/\\\/teczone.es\\\/pt-pt\\\/#website\",\"url\":\"https:\\\/\\\/teczone.es\\\/pt-pt\\\/\",\"name\":\"Huurre\",\"description\":\"Fabricamos pain\u00e9is para fachadas e paredes interiores para constru\u00e7\u00e3o\",\"publisher\":{\"@id\":\"https:\\\/\\\/teczone.es\\\/pt-pt\\\/#organization\"},\"potentialAction\":[{\"@type\":\"SearchAction\",\"target\":{\"@type\":\"EntryPoint\",\"urlTemplate\":\"https:\\\/\\\/teczone.es\\\/pt-pt\\\/?s={search_term_string}\"},\"query-input\":{\"@type\":\"PropertyValueSpecification\",\"valueRequired\":true,\"valueName\":\"search_term_string\"}}],\"inLanguage\":\"pt-PT\"},{\"@type\":\"Organization\",\"@id\":\"https:\\\/\\\/teczone.es\\\/pt-pt\\\/#organization\",\"name\":\"Huurre\",\"url\":\"https:\\\/\\\/teczone.es\\\/pt-pt\\\/\",\"logo\":{\"@type\":\"ImageObject\",\"inLanguage\":\"pt-PT\",\"@id\":\"https:\\\/\\\/teczone.es\\\/pt-pt\\\/#\\\/schema\\\/logo\\\/image\\\/\",\"url\":\"https:\\\/\\\/teczone.es\\\/wp-content\\\/uploads\\\/2024\\\/12\\\/logotipo_huurre.png\",\"contentUrl\":\"https:\\\/\\\/teczone.es\\\/wp-content\\\/uploads\\\/2024\\\/12\\\/logotipo_huurre.png\",\"width\":455,\"height\":151,\"caption\":\"Huurre\"},\"image\":{\"@id\":\"https:\\\/\\\/teczone.es\\\/pt-pt\\\/#\\\/schema\\\/logo\\\/image\\\/\"}}]}<\/script>\n<!-- \/ Yoast SEO plugin. -->","yoast_head_json":{"title":"Programa Planet Passionate","description":"Apoie o Fundo Comunit\u00e1rio Planet Passionate e o seu impacto na sustentabilidade e no ambiente com o Grupo Kingspan.","robots":{"index":"index","follow":"follow","max-snippet":"max-snippet:-1","max-image-preview":"max-image-preview:large","max-video-preview":"max-video-preview:-1"},"canonical":"https:\/\/teczone.es\/pt-pt\/programa-planet-passionate-pt\/","og_locale":"pt_PT","og_type":"article","og_title":"Programa Planet Passionate","og_description":"Apoie o Fundo Comunit\u00e1rio Planet Passionate e o seu impacto na sustentabilidade e no ambiente com o Grupo Kingspan.","og_url":"https:\/\/teczone.es\/pt-pt\/programa-planet-passionate-pt\/","og_site_name":"Teczone","og_image":[{"width":1908,"height":362,"url":"https:\/\/teczone.es\/wp-content\/uploads\/2025\/07\/Banner-Planet-Passionate.jpg","type":"image\/jpeg"}],"twitter_card":"summary_large_image","twitter_misc":{"Tempo estimado de leitura":"3 minutos"},"schema":{"@context":"https:\/\/schema.org","@graph":[{"@type":"WebPage","@id":"https:\/\/teczone.es\/pt-pt\/programa-planet-passionate-pt\/","url":"https:\/\/teczone.es\/pt-pt\/programa-planet-passionate-pt\/","name":"Programa Planet Passionate","isPartOf":{"@id":"https:\/\/teczone.es\/pt-pt\/#website"},"primaryImageOfPage":{"@id":"https:\/\/teczone.es\/pt-pt\/programa-planet-passionate-pt\/#primaryimage"},"image":{"@id":"https:\/\/teczone.es\/pt-pt\/programa-planet-passionate-pt\/#primaryimage"},"thumbnailUrl":"https:\/\/teczone.es\/wp-content\/uploads\/2025\/07\/Banner-Planet-Passionate.jpg","datePublished":"2026-04-24T11:17:00+00:00","description":"Apoie o Fundo Comunit\u00e1rio Planet Passionate e o seu impacto na sustentabilidade e no ambiente com o Grupo Kingspan.","breadcrumb":{"@id":"https:\/\/teczone.es\/pt-pt\/programa-planet-passionate-pt\/#breadcrumb"},"inLanguage":"pt-PT","potentialAction":[{"@type":"ReadAction","target":["https:\/\/teczone.es\/pt-pt\/programa-planet-passionate-pt\/"]}]},{"@type":"ImageObject","inLanguage":"pt-PT","@id":"https:\/\/teczone.es\/pt-pt\/programa-planet-passionate-pt\/#primaryimage","url":"https:\/\/teczone.es\/wp-content\/uploads\/2025\/07\/Banner-Planet-Passionate.jpg","contentUrl":"https:\/\/teczone.es\/wp-content\/uploads\/2025\/07\/Banner-Planet-Passionate.jpg","width":1908,"height":362},{"@type":"BreadcrumbList","@id":"https:\/\/teczone.es\/pt-pt\/programa-planet-passionate-pt\/#breadcrumb","itemListElement":[{"@type":"ListItem","position":1,"name":"Home","item":"https:\/\/teczone.es\/pt-pt\/"},{"@type":"ListItem","position":2,"name":"Architectural Skin Design"}]},{"@type":"WebSite","@id":"https:\/\/teczone.es\/pt-pt\/#website","url":"https:\/\/teczone.es\/pt-pt\/","name":"Huurre","description":"Fabricamos pain\u00e9is para fachadas e paredes interiores para constru\u00e7\u00e3o","publisher":{"@id":"https:\/\/teczone.es\/pt-pt\/#organization"},"potentialAction":[{"@type":"SearchAction","target":{"@type":"EntryPoint","urlTemplate":"https:\/\/teczone.es\/pt-pt\/?s={search_term_string}"},"query-input":{"@type":"PropertyValueSpecification","valueRequired":true,"valueName":"search_term_string"}}],"inLanguage":"pt-PT"},{"@type":"Organization","@id":"https:\/\/teczone.es\/pt-pt\/#organization","name":"Huurre","url":"https:\/\/teczone.es\/pt-pt\/","logo":{"@type":"ImageObject","inLanguage":"pt-PT","@id":"https:\/\/teczone.es\/pt-pt\/#\/schema\/logo\/image\/","url":"https:\/\/teczone.es\/wp-content\/uploads\/2024\/12\/logotipo_huurre.png","contentUrl":"https:\/\/teczone.es\/wp-content\/uploads\/2024\/12\/logotipo_huurre.png","width":455,"height":151,"caption":"Huurre"},"image":{"@id":"https:\/\/teczone.es\/pt-pt\/#\/schema\/logo\/image\/"}}]}},"featured_image_src":"https:\/\/teczone.es\/wp-content\/uploads\/2025\/07\/Banner-Planet-Passionate-600x362.jpg","featured_image_src_square":"https:\/\/teczone.es\/wp-content\/uploads\/2025\/07\/Banner-Planet-Passionate-600x362.jpg","_links":{"self":[{"href":"https:\/\/teczone.es\/pt-pt\/wp-json\/wp\/v2\/pages\/24923","targetHints":{"allow":["GET"]}}],"collection":[{"href":"https:\/\/teczone.es\/pt-pt\/wp-json\/wp\/v2\/pages"}],"about":[{"href":"https:\/\/teczone.es\/pt-pt\/wp-json\/wp\/v2\/types\/page"}],"author":[{"embeddable":true,"href":"https:\/\/teczone.es\/pt-pt\/wp-json\/wp\/v2\/users\/2"}],"replies":[{"embeddable":true,"href":"https:\/\/teczone.es\/pt-pt\/wp-json\/wp\/v2\/comments?post=24923"}],"version-history":[{"count":13,"href":"https:\/\/teczone.es\/pt-pt\/wp-json\/wp\/v2\/pages\/24923\/revisions"}],"predecessor-version":[{"id":32214,"href":"https:\/\/teczone.es\/pt-pt\/wp-json\/wp\/v2\/pages\/24923\/revisions\/32214"}],"wp:featuredmedia":[{"embeddable":true,"href":"https:\/\/teczone.es\/pt-pt\/wp-json\/wp\/v2\/media\/26008"}],"wp:attachment":[{"href":"https:\/\/teczone.es\/pt-pt\/wp-json\/wp\/v2\/media?parent=24923"}],"curies":[{"name":"wp","href":"https:\/\/api.w.org\/{rel}","templated":true}]}}