{"id":8622,"date":"2025-07-09T14:00:00","date_gmt":"2025-07-09T12:00:00","guid":{"rendered":"https:\/\/teczone.es\/?page_id=8622"},"modified":"2026-03-25T11:53:17","modified_gmt":"2026-03-25T10:53:17","slug":"qualite-et-developpement","status":"publish","type":"page","link":"https:\/\/teczone.es\/fr\/qualite-et-developpement\/","title":{"rendered":"Qualit\u00e9 et d\u00e9veloppement"},"content":{"rendered":"\n<h2 class=\"wp-block-heading\">Qualit\u00e9 et d\u00e9veloppement<\/h2>\n\n\n\n<script>\njQuery(document).ready(function($) {\n  const $acordeon = $('#accordion-custom');\n\n  \/\/ Oculta todos los .texto\n  $acordeon.find('.texto').hide();\n\n  \/\/ Abre el primero por defecto\n  $acordeon.find('.ac-item').first().addClass('activo').find('.texto').show();\n\n  \/\/ Evento al hacer clic en cualquier h3\n  $acordeon.find('h3').on('click', function() {\n    const $item = $(this).closest('.ac-item');\n    const $texto = $item.find('.texto');\n\n    if ($texto.is(':visible')) {\n      $texto.slideUp();\n      $item.removeClass('activo');\n    } else {\n      \/\/ Cierra los dem\u00e1s\n      $acordeon.find('.texto').slideUp();\n      $acordeon.find('.ac-item').removeClass('activo');\n\n      \/\/ Abre el actual\n      $texto.slideDown();\n      $item.addClass('activo');\n    }\n  });\n});\n<\/script>\n<style>\n\t.ac-item{width:100%; display:block; clear:both}\n\t.ac-item .texto{padding:20px 0 0}\n\t\n<\/style>\n\n<div id=\"block-acordeon-block_44a3d0881a2924a4e540c48936635933\" class=\"block-acordeon\">\n\n    <div id=\"accordion-custom\" class=\"list-acordeon\">\n        \t\t\t\n\t\t\t\t<div class=\"ac-item\">\n\t\t\t\t\t\n\n\t\t\n            <h3><span>Engagement en faveur de la qualit\u00e9<\/span><\/h3>\n            <div class=\"texto\">\n                <div class=\"control\">\n                    <div class=\"ewa-rteLine\">\n<p>Chez Teczone, la qualit\u00e9 n&rsquo;est pas une simple \u00e9tape du processus, elle est au c\u0153ur de tout ce que nous faisons. Cet engagement est fermement ancr\u00e9 dans notre culture d&rsquo;entreprise et guide chacune de nos d\u00e9cisions.<\/p>\n<p>Notre syst\u00e8me de gestion int\u00e9gr\u00e9 est certifi\u00e9 selon les normes internationales ISO 9001 (syst\u00e8me de gestion de la qualit\u00e9), ISO 14001 (syst\u00e8me de gestion de l&rsquo;environnement) et ISO 45001 (syst\u00e8me de gestion de la sant\u00e9 et de la s\u00e9curit\u00e9 au travail), ce qui garantit une gestion responsable, s\u00fbre et ax\u00e9e sur l&rsquo;am\u00e9lioration continue.<\/p>\n<p>En outre, les syst\u00e8mes de gestion interne li\u00e9s \u00e0 l&rsquo;environnement, \u00e0 la s\u00e9curit\u00e9 et \u00e0 la gestion de la conformit\u00e9 sont certifi\u00e9s, toujours \u00e0 la recherche de l&rsquo;excellence et de l&rsquo;am\u00e9lioration continue.<\/p>\n<\/div>\n<p><a href=\"https:\/\/teczone.es\/wp-content\/uploads\/2025\/08\/Teczone-iso-9001.pdf\">ISO 9001 \u2013 Syst\u00e8me de Management de la Qualit\u00e9<\/a><\/p>\n<p><a href=\"https:\/\/teczone.es\/wp-content\/uploads\/2025\/08\/Teczone-iso-14001.pdf\">ISO 14001 \u2013 Syst\u00e8me de Management Environnemental<\/a><\/p>\n<p><a href=\"https:\/\/teczone.es\/wp-content\/uploads\/2025\/08\/Teczone-iso-45001.pdf\">ISO 45001 \u2013 Syst\u00e8me de management de la sant\u00e9 et de la s\u00e9curit\u00e9<\/a><\/p>\n<p><a href=\"https:\/\/teczone.es\/wp-content\/uploads\/2026\/01\/Teczone-certificado-iso-37301.pdf\">ISO 37301 \u2013 Syst\u00e8me de gestion de la conformit\u00e9<\/a><\/p>\n                <\/div>\n            <\/div>\n\t\t\t\t\t\t<\/div>\n        \t\t\t\n\t\t\t\t<div class=\"ac-item\">\n\t\t\t\t\t\n\n\t\t\n            <h3><span>Le contr\u00f4le dans le processus de production<\/span><\/h3>\n            <div class=\"texto\">\n                <div class=\"control\">\n                    <p>Notre souci de qualit\u00e9 se refl\u00e8te \u00e0 chaque \u00e9tape du processus. Nous n&rsquo;utilisons que des t\u00f4les d&rsquo;acier de qualit\u00e9 certifi\u00e9e, fournies par des entreprises de r\u00e9f\u00e9rence du secteur sid\u00e9rurgique europ\u00e9en. Chaque mati\u00e8re premi\u00e8re est inspect\u00e9e \u00e0 son arriv\u00e9e par des contr\u00f4les sp\u00e9cifiques, ce qui garantit le respect des normes techniques et r\u00e9glementaires les plus strictes.<\/p>\n<p>Dans le cadre de notre syst\u00e8me d&rsquo;autocontr\u00f4le, nous surveillons constamment nos processus de production afin de garantir leur efficacit\u00e9, d&rsquo;\u00e9viter les \u00e9carts et de maintenir l&rsquo;uniformit\u00e9 des performances de nos produits.<\/p>\n<p>En outre, nous appliquons un contr\u00f4le de qualit\u00e9 rigoureux \u00e0 tous les produits finis. Dans le cas des panneaux sandwichs, nous effectuons des tests structurels, de v\u00e9rification de la densit\u00e9, de conductivit\u00e9 thermique et de stabilit\u00e9 dimensionnelle, entre autres. Pour le reste des syst\u00e8mes, des param\u00e8tres tels que les dimensions, la g\u00e9om\u00e9trie, le poin\u00e7onnage ou la perforation sont contr\u00f4l\u00e9s, toujours dans le respect des tol\u00e9rances \u00e9tablies par la r\u00e9glementation en vigueur.<\/p>\n<p>Les principales caract\u00e9ristiques de nos syst\u00e8mes, telles que la r\u00e9sistance au feu, l&rsquo;isolation acoustique et l&rsquo;isolation thermique, ont \u00e9t\u00e9 v\u00e9rifi\u00e9es au moyen d&rsquo;essais r\u00e9alis\u00e9s dans des laboratoires accr\u00e9dit\u00e9s tels que Labein-Tecnalia.<\/p>\n                <\/div>\n            <\/div>\n\t\t\t\t\t\t<\/div>\n        \t\t\t\n\t\t\t\t<div class=\"ac-item\">\n\t\t\t\t\t\n\n\t\t\n            <h3><span>Engagement en mati\u00e8re de conformit\u00e9 r\u00e9glementaire et de transparence<\/span><\/h3>\n            <div class=\"texto\">\n                <div class=\"control\">\n                    <p>Chez Teczone, nous sommes fermement attach\u00e9s au respect des r\u00e9glementations, \u00e0 la transparence et \u00e0 l&rsquo;\u00e9thique des affaires \u00e0 chaque \u00e9tape de notre travail. Nous testons rigoureusement la performance au feu et le comportement m\u00e9canique de tous nos produits afin de garantir leur qualit\u00e9, leur s\u00e9curit\u00e9 et leur fiabilit\u00e9 dans des conditions r\u00e9elles.<\/p>\n<p>Notre approche responsable vise \u00e0 garantir que toutes les informations techniques et commerciales que nous fournissons sont exactes, v\u00e9rifiables et \u00e0 jour, afin de permettre \u00e0 nos clients de prendre des d\u00e9cisions \u00e9clair\u00e9es.<\/p>\n<p>Cet engagement s&rsquo;articule autour de trois piliers cl\u00e9s :<\/p>\n<p>\u00c9thique commerciale et conformit\u00e9 l\u00e9gale: chez Teczone, nous encourageons une culture bas\u00e9e sur l&rsquo;int\u00e9grit\u00e9, l&rsquo;honn\u00eatet\u00e9 et le respect des r\u00e9glementations en vigueur. Notre code de conduite d\u00e9finit les principes \u00e9thiques qui guident nos relations d&rsquo;affaires et le comportement professionnel de toute notre \u00e9quipe.<br \/>\nQualit\u00e9 et conformit\u00e9 des produits: nous disposons d&rsquo;un syst\u00e8me interne de gestion de la conformit\u00e9 con\u00e7u pour v\u00e9rifier que nos produits r\u00e9pondent aux exigences techniques, l\u00e9gales et r\u00e9glementaires de chaque march\u00e9. Ce processus comprend des audits internes et des contr\u00f4les de qualit\u00e9 permanents.<\/p>\n<p>Tra\u00e7abilit\u00e9 et gestion num\u00e9rique de l&rsquo;information: notre engagement en faveur de la transformation num\u00e9rique nous permet d&rsquo;offrir une tra\u00e7abilit\u00e9 compl\u00e8te de chaque produit, de la fabrication \u00e0 la livraison, y compris les certifications, les caract\u00e9ristiques techniques et la documentation relative \u00e0 la conformit\u00e9 r\u00e9glementaire.<\/p>\n<p>Chez Teczone, nous travaillons chaque jour pour construire un environnement commercial plus transparent et digne de confiance, en veillant \u00e0 ce que chaque solution que nous offrons soit soutenue par des preuves techniques et une base \u00e9thique solide.<\/p>\n<p>&nbsp;<\/p>\n<p>Pour en savoir plus sur nos principes d&rsquo;\u00e9thique commerciale et notre engagement en faveur de l&rsquo;int\u00e9grit\u00e9, nous vous invitons \u00e0 lire nos politiques, qui d\u00e9taillent la base de nos activit\u00e9s et la mani\u00e8re dont nous menons nos affaires.<\/p>\n<p><a href=\"\/wp-content\/uploads\/2024\/09\/Kingspan-fraud-anti-bribery-corruption-policy-en.pdf\" target=\"_blank\" rel=\"noopener\">Politique anti-corruption du groupe Kingspan (t\u00e9l\u00e9charger)<\/a><br \/>\n<a href=\"https:\/\/teczone.es\/wp-content\/uploads\/2026\/03\/Kingspan-politica-compliance-2026-en.pdf\" target=\"_blank\" rel=\"noopener\">Politique de conformit\u00e9 du groupe Kingspan (t\u00e9l\u00e9charger)<\/a><br \/>\n<a href=\"\/wp-content\/uploads\/2025\/06\/kingspan-group-code-of-conduct-fr-v2-march-2025-1.pdf\" target=\"_blank\" rel=\"noopener\">Code de conduite du groupe Kingspan (t\u00e9l\u00e9charger)<\/a><br \/>\n<a href=\"https:\/\/teczone.es\/wp-content\/uploads\/2025\/09\/kgr-group-supplier-code-of-conduct-en.pdf\" target=\"_blank\" rel=\"noopener\">Politique des fournisseurs du groupe Kingspan (t\u00e9l\u00e9charger)<\/a><\/p>\n                <\/div>\n            <\/div>\n\t\t\t\t\t\t<\/div>\n            <\/div>\n       \n   \n<\/div>\n\n","protected":false},"excerpt":{"rendered":"<p>Qualit\u00e9 et d\u00e9veloppement<\/p>\n","protected":false},"author":11,"featured_media":0,"parent":0,"menu_order":0,"comment_status":"closed","ping_status":"closed","template":"page-templates\/page-sobre-huurre.php","meta":{"_acf_changed":false,"_oasis_is_in_workflow":0,"_oasis_original":0,"_oasis_task_priority":"2normal","_genesis_hide_title":false,"_genesis_hide_breadcrumbs":false,"_genesis_hide_singular_image":false,"_genesis_hide_footer_widgets":false,"_genesis_custom_body_class":"","_genesis_custom_post_class":"","_genesis_layout":"","footnotes":""},"class_list":{"0":"post-8622","1":"page","2":"type-page","3":"status-publish","5":"entry"},"acf":[],"yoast_head":"<!-- This site is optimized with the Yoast SEO plugin v27.3 - https:\/\/yoast.com\/product\/yoast-seo-wordpress\/ -->\n<title>Qualit\u00e9 et d\u00e9veloppement - Teczone<\/title>\n<meta name=\"robots\" content=\"index, follow, max-snippet:-1, max-image-preview:large, max-video-preview:-1\" \/>\n<link rel=\"canonical\" href=\"https:\/\/teczone.es\/fr\/qualite-et-developpement\/\" \/>\n<meta property=\"og:locale\" content=\"fr_FR\" \/>\n<meta property=\"og:type\" content=\"article\" \/>\n<meta property=\"og:title\" content=\"Qualit\u00e9 et d\u00e9veloppement - Teczone\" \/>\n<meta property=\"og:description\" content=\"Qualit\u00e9 et d\u00e9veloppement\" \/>\n<meta property=\"og:url\" content=\"https:\/\/teczone.es\/fr\/qualite-et-developpement\/\" \/>\n<meta property=\"og:site_name\" content=\"Teczone\" \/>\n<meta property=\"article:modified_time\" content=\"2026-03-25T10:53:17+00:00\" \/>\n<meta name=\"twitter:card\" content=\"summary_large_image\" \/>\n<meta name=\"twitter:label1\" content=\"Dur\u00e9e de lecture estim\u00e9e\" \/>\n\t<meta name=\"twitter:data1\" content=\"1 minute\" \/>\n<script type=\"application\/ld+json\" class=\"yoast-schema-graph\">{\"@context\":\"https:\\\/\\\/schema.org\",\"@graph\":[{\"@type\":\"WebPage\",\"@id\":\"https:\\\/\\\/teczone.es\\\/fr\\\/qualite-et-developpement\\\/\",\"url\":\"https:\\\/\\\/teczone.es\\\/fr\\\/qualite-et-developpement\\\/\",\"name\":\"Qualit\u00e9 et d\u00e9veloppement - Teczone\",\"isPartOf\":{\"@id\":\"https:\\\/\\\/teczone.es\\\/fr\\\/#website\"},\"datePublished\":\"2025-07-09T12:00:00+00:00\",\"dateModified\":\"2026-03-25T10:53:17+00:00\",\"breadcrumb\":{\"@id\":\"https:\\\/\\\/teczone.es\\\/fr\\\/qualite-et-developpement\\\/#breadcrumb\"},\"inLanguage\":\"fr-FR\",\"potentialAction\":[{\"@type\":\"ReadAction\",\"target\":[\"https:\\\/\\\/teczone.es\\\/fr\\\/qualite-et-developpement\\\/\"]}]},{\"@type\":\"BreadcrumbList\",\"@id\":\"https:\\\/\\\/teczone.es\\\/fr\\\/qualite-et-developpement\\\/#breadcrumb\",\"itemListElement\":[{\"@type\":\"ListItem\",\"position\":1,\"name\":\"Home\",\"item\":\"https:\\\/\\\/teczone.es\\\/fr\\\/\"},{\"@type\":\"ListItem\",\"position\":2,\"name\":\"Qualit\u00e9 et d\u00e9veloppement\"}]},{\"@type\":\"WebSite\",\"@id\":\"https:\\\/\\\/teczone.es\\\/fr\\\/#website\",\"url\":\"https:\\\/\\\/teczone.es\\\/fr\\\/\",\"name\":\"Huurre\",\"description\":\"Fabricamos paneles para fachadas sostenibles para la construcci\u00f3n\",\"publisher\":{\"@id\":\"https:\\\/\\\/teczone.es\\\/fr\\\/#organization\"},\"potentialAction\":[{\"@type\":\"SearchAction\",\"target\":{\"@type\":\"EntryPoint\",\"urlTemplate\":\"https:\\\/\\\/teczone.es\\\/fr\\\/?s={search_term_string}\"},\"query-input\":{\"@type\":\"PropertyValueSpecification\",\"valueRequired\":true,\"valueName\":\"search_term_string\"}}],\"inLanguage\":\"fr-FR\"},{\"@type\":\"Organization\",\"@id\":\"https:\\\/\\\/teczone.es\\\/fr\\\/#organization\",\"name\":\"Huurre\",\"url\":\"https:\\\/\\\/teczone.es\\\/fr\\\/\",\"logo\":{\"@type\":\"ImageObject\",\"inLanguage\":\"fr-FR\",\"@id\":\"https:\\\/\\\/teczone.es\\\/fr\\\/#\\\/schema\\\/logo\\\/image\\\/\",\"url\":\"https:\\\/\\\/teczone.es\\\/wp-content\\\/uploads\\\/2024\\\/12\\\/logotipo_huurre.png\",\"contentUrl\":\"https:\\\/\\\/teczone.es\\\/wp-content\\\/uploads\\\/2024\\\/12\\\/logotipo_huurre.png\",\"width\":455,\"height\":151,\"caption\":\"Huurre\"},\"image\":{\"@id\":\"https:\\\/\\\/teczone.es\\\/fr\\\/#\\\/schema\\\/logo\\\/image\\\/\"}}]}<\/script>\n<!-- \/ Yoast SEO plugin. -->","yoast_head_json":{"title":"Qualit\u00e9 et d\u00e9veloppement - Teczone","robots":{"index":"index","follow":"follow","max-snippet":"max-snippet:-1","max-image-preview":"max-image-preview:large","max-video-preview":"max-video-preview:-1"},"canonical":"https:\/\/teczone.es\/fr\/qualite-et-developpement\/","og_locale":"fr_FR","og_type":"article","og_title":"Qualit\u00e9 et d\u00e9veloppement - Teczone","og_description":"Qualit\u00e9 et d\u00e9veloppement","og_url":"https:\/\/teczone.es\/fr\/qualite-et-developpement\/","og_site_name":"Teczone","article_modified_time":"2026-03-25T10:53:17+00:00","twitter_card":"summary_large_image","twitter_misc":{"Dur\u00e9e de lecture estim\u00e9e":"1 minute"},"schema":{"@context":"https:\/\/schema.org","@graph":[{"@type":"WebPage","@id":"https:\/\/teczone.es\/fr\/qualite-et-developpement\/","url":"https:\/\/teczone.es\/fr\/qualite-et-developpement\/","name":"Qualit\u00e9 et d\u00e9veloppement - Teczone","isPartOf":{"@id":"https:\/\/teczone.es\/fr\/#website"},"datePublished":"2025-07-09T12:00:00+00:00","dateModified":"2026-03-25T10:53:17+00:00","breadcrumb":{"@id":"https:\/\/teczone.es\/fr\/qualite-et-developpement\/#breadcrumb"},"inLanguage":"fr-FR","potentialAction":[{"@type":"ReadAction","target":["https:\/\/teczone.es\/fr\/qualite-et-developpement\/"]}]},{"@type":"BreadcrumbList","@id":"https:\/\/teczone.es\/fr\/qualite-et-developpement\/#breadcrumb","itemListElement":[{"@type":"ListItem","position":1,"name":"Home","item":"https:\/\/teczone.es\/fr\/"},{"@type":"ListItem","position":2,"name":"Qualit\u00e9 et d\u00e9veloppement"}]},{"@type":"WebSite","@id":"https:\/\/teczone.es\/fr\/#website","url":"https:\/\/teczone.es\/fr\/","name":"Huurre","description":"Fabricamos paneles para fachadas sostenibles para la construcci\u00f3n","publisher":{"@id":"https:\/\/teczone.es\/fr\/#organization"},"potentialAction":[{"@type":"SearchAction","target":{"@type":"EntryPoint","urlTemplate":"https:\/\/teczone.es\/fr\/?s={search_term_string}"},"query-input":{"@type":"PropertyValueSpecification","valueRequired":true,"valueName":"search_term_string"}}],"inLanguage":"fr-FR"},{"@type":"Organization","@id":"https:\/\/teczone.es\/fr\/#organization","name":"Huurre","url":"https:\/\/teczone.es\/fr\/","logo":{"@type":"ImageObject","inLanguage":"fr-FR","@id":"https:\/\/teczone.es\/fr\/#\/schema\/logo\/image\/","url":"https:\/\/teczone.es\/wp-content\/uploads\/2024\/12\/logotipo_huurre.png","contentUrl":"https:\/\/teczone.es\/wp-content\/uploads\/2024\/12\/logotipo_huurre.png","width":455,"height":151,"caption":"Huurre"},"image":{"@id":"https:\/\/teczone.es\/fr\/#\/schema\/logo\/image\/"}}]}},"featured_image_src":null,"featured_image_src_square":null,"_links":{"self":[{"href":"https:\/\/teczone.es\/fr\/wp-json\/wp\/v2\/pages\/8622","targetHints":{"allow":["GET"]}}],"collection":[{"href":"https:\/\/teczone.es\/fr\/wp-json\/wp\/v2\/pages"}],"about":[{"href":"https:\/\/teczone.es\/fr\/wp-json\/wp\/v2\/types\/page"}],"author":[{"embeddable":true,"href":"https:\/\/teczone.es\/fr\/wp-json\/wp\/v2\/users\/11"}],"replies":[{"embeddable":true,"href":"https:\/\/teczone.es\/fr\/wp-json\/wp\/v2\/comments?post=8622"}],"version-history":[{"count":32,"href":"https:\/\/teczone.es\/fr\/wp-json\/wp\/v2\/pages\/8622\/revisions"}],"predecessor-version":[{"id":31822,"href":"https:\/\/teczone.es\/fr\/wp-json\/wp\/v2\/pages\/8622\/revisions\/31822"}],"wp:attachment":[{"href":"https:\/\/teczone.es\/fr\/wp-json\/wp\/v2\/media?parent=8622"}],"curies":[{"name":"wp","href":"https:\/\/api.w.org\/{rel}","templated":true}]}}