{"id":8253,"date":"2026-04-24T13:16:00","date_gmt":"2026-04-24T11:16:00","guid":{"rendered":"https:\/\/teczone.es\/?page_id=8253"},"modified":"2026-04-24T10:19:55","modified_gmt":"2026-04-24T08:19:55","slug":"durabilite","status":"publish","type":"page","link":"https:\/\/teczone.es\/fr\/durabilite\/","title":{"rendered":"Durabilit\u00e9"},"content":{"rendered":"\n<h2 class=\"wp-block-heading\">Durabilit\u00e9<\/h2>\n\n\n\n<script>\njQuery(document).ready(function($) {\n  const $acordeon = $('#accordion-custom');\n\n  \/\/ Oculta todos los .texto\n  $acordeon.find('.texto').hide();\n\n  \/\/ Abre el primero por defecto\n  $acordeon.find('.ac-item').first().addClass('activo').find('.texto').show();\n\n  \/\/ Evento al hacer clic en cualquier h3\n  $acordeon.find('h3').on('click', function() {\n    const $item = $(this).closest('.ac-item');\n    const $texto = $item.find('.texto');\n\n    if ($texto.is(':visible')) {\n      $texto.slideUp();\n      $item.removeClass('activo');\n    } else {\n      \/\/ Cierra los dem\u00e1s\n      $acordeon.find('.texto').slideUp();\n      $acordeon.find('.ac-item').removeClass('activo');\n\n      \/\/ Abre el actual\n      $texto.slideDown();\n      $item.addClass('activo');\n    }\n  });\n});\n<\/script>\n<style>\n\t.ac-item{width:100%; display:block; clear:both}\n\t.ac-item .texto{padding:20px 0 0}\n\t\n<\/style>\n\n<div id=\"block-acordeon-block_1182b095299f3f4c1cd791747044e53d\" class=\"block-acordeon\">\n\n    <div id=\"accordion-custom\" class=\"list-acordeon\">\n        \t\t\t\n\t\t\t\t<div class=\"ac-item\">\n\t\t\t\t\t\n\n\t\t\n            <h3><span>Programme Planet Passionate de Kingspan<\/span><\/h3>\n            <div class=\"texto\">\n                <div class=\"control\">\n                    <p>Planet Passionn\u00e9 est la strat\u00e9gie globale de durabilit\u00e9 du groupe Kingspan, auquel appartient Teczone, ax\u00e9e sur la fourniture de r\u00e9ponses \u00e0 trois probl\u00e8mes mondiaux majeurs : le changement climatique, la circulabilit\u00e9 et la protection de l\u2019environnement.<\/p>\n<p><a title=\"Planet Passionate\" href=\"\/fr\/fondo-comunitario-planet-passionate\/\" target=\"_blank\" rel=\"noopener\">D\u00e9couvrez en d\u00e9tail notre initiative Planet Passionate<\/a><\/p>\n<p><a href=\"https:\/\/viewer.ipaper.io\/kingspan\/c2510682-planet-passionate-report-2025\/c2510682-planet-passionate-report-2025\/\" target=\"_blank\" rel=\"noopener\"><img loading=\"lazy\" decoding=\"async\" class=\"alignnone wp-image-31732 size-medium\" src=\"https:\/\/teczone.es\/wp-content\/uploads\/2026\/03\/Planet-Passionate-Report-2025-Email-Signature-FR-300x107.jpg\" alt=\"\" width=\"300\" height=\"107\" srcset=\"https:\/\/teczone.es\/wp-content\/uploads\/2026\/03\/Planet-Passionate-Report-2025-Email-Signature-FR-300x107.jpg 300w, https:\/\/teczone.es\/wp-content\/uploads\/2026\/03\/Planet-Passionate-Report-2025-Email-Signature-FR-768x273.jpg 768w, https:\/\/teczone.es\/wp-content\/uploads\/2026\/03\/Planet-Passionate-Report-2025-Email-Signature-FR.jpg 802w\" sizes=\"auto, (max-width: 300px) 100vw, 300px\" \/><\/a><\/p>\n                <\/div>\n            <\/div>\n\t\t\t\t\t\t<\/div>\n        \t\t\t\n\t\t\t\t<div class=\"ac-item\">\n\t\t\t\t\t\n\n\t\t\n            <h3><span>Politique de durabilit\u00e9 de Teczone<\/span><\/h3>\n            <div class=\"texto\">\n                <div class=\"control\">\n                    <p>Chez Teczone, la durabilit\u00e9 fait partie de l\u2019approche selon laquelle nous d\u00e9veloppons notre activit\u00e9 industrielle et notre relation avec l\u2019environnement. Cette approche int\u00e8gre des aspects li\u00e9s \u00e0 la gestion environnementale, au bien\u2011\u00eatre des personnes ainsi qu\u2019\u00e0 la sant\u00e9 et \u00e0 la s\u00e9curit\u00e9 au travail.<\/p>\n<p>Ces consid\u00e9rations se traduisent par la mise en \u0153uvre de mesures visant \u00e0 r\u00e9duire l\u2019impact environnemental, \u00e0 favoriser une utilisation efficace des ressources, \u00e0 pr\u00e9venir les risques professionnels et \u00e0 d\u00e9ployer des pratiques d\u2019am\u00e9lioration continue, avec la participation des diff\u00e9rentes \u00e9quipes de l\u2019organisation.<\/p>\n<p>Notre adh\u00e9sion au programme Planet Passionate du Groupe Kingspan s\u2019inscrit dans cette approche et permet de structurer des initiatives li\u00e9es \u00e0 la lutte contre le changement climatique, \u00e0 la circularit\u00e9 des ressources et \u00e0 la protection des \u00e9cosyst\u00e8mes. Parmi les actions mises en \u0153uvre figurent la production d\u2019\u00e9nergie renouvelable via des installations solaires, la r\u00e9duction progressive de l\u2019utilisation des combustibles fossiles, la gestion des d\u00e9chets selon des crit\u00e8res d\u00e9finis, l\u2019optimisation de la consommation d\u2019eau et la collaboration avec des projets sociaux et environnementaux locaux.<\/p>\n<p>Ces actions font partie du cadre de gestion de Teczone et sont int\u00e9gr\u00e9es dans le d\u00e9veloppement de solutions constructives, en tenant compte de crit\u00e8res de responsabilit\u00e9 environnementale et sociale.<\/p>\n<p><a href=\"https:\/\/teczone.es\/wp-content\/uploads\/2025\/07\/Teczone-politicas-calidad-sostenibilidad-brochure-fr.pdf\" target=\"_blank\" rel=\"noopener\">Dossier sur le d\u00e9veloppement durable (T\u00e9l\u00e9charger)<\/a><\/p>\n                <\/div>\n            <\/div>\n\t\t\t\t\t\t<\/div>\n        \t\t\t\n\t\t\t\t<div class=\"ac-item\">\n\t\t\t\t\t\n\n\t\t\n            <h3><span>Planet Passionate Communities<\/span><\/h3>\n            <div class=\"texto\">\n                <div class=\"control\">\n                    <p>Le Fonds Planet Passionate Communities est une initiative mondiale du Groupe Kingspan destin\u00e9e \u00e0 soutenir des projets sociaux et environnementaux \u00e0 l\u2019\u00e9chelle locale. Chez Teczone, cette initiative est mise en \u0153uvre depuis 2022 \u00e0 travers diff\u00e9rentes actions men\u00e9es \u00e0 Burgos, li\u00e9es \u00e0 l\u2019\u00e9ducation environnementale, au b\u00e9n\u00e9volat et \u00e0 la collaboration avec des organisations sociales locales.<\/p>\n<p>Crit\u00e8res d\u2019attribution des fonds<\/p>\n<p>Le Fonds communautaire Planet Passionate est destin\u00e9 \u00e0 soutenir les communaut\u00e9s locales associ\u00e9es aux sites de production du Groupe. \u00c0 cette fin, des lignes directrices et des crit\u00e8res ont \u00e9t\u00e9 d\u00e9finis, que les projets candidats doivent respecter pour pouvoir b\u00e9n\u00e9ficier d\u2019un financement.<\/p>\n<p>Toute personne ou organisation peut soumettre une demande, \u00e0 condition que le projet s\u2019inscrive dans au moins l\u2019un des domaines suivants :<\/p>\n<ul>\n<li>&#8211; Soutien \u00e0 la conservation, \u00e0 la protection ou \u00e0 l\u2019am\u00e9lioration de l\u2019environnement physique et naturel.<\/li>\n<li>&#8211; Contribution \u00e0 la sant\u00e9 et au bien\u2011\u00eatre des communaut\u00e9s locales \u00e0 travers des activit\u00e9s de loisirs.<\/li>\n<li>&#8211; Promotion d\u2019un environnement b\u00e2ti s\u00fbr et durable.<br \/>\nSoutien \u00e0 l\u2019\u00e9ducation et au d\u00e9veloppement des comp\u00e9tences des jeunes.<\/li>\n<li>&#8211; Soutien aux organisations caritatives locales ou aux \u00e9v\u00e9nements solidaires li\u00e9s \u00e0 l\u2019un des domaines mentionn\u00e9s ci\u2011dessus.<\/li>\n<\/ul>\n<p>Demande de financement<\/p>\n<p>Les personnes ou organisations qui connaissent ou participent \u00e0 des projets r\u00e9pondant aux crit\u00e8res \u00e9tablis peuvent solliciter un financement via le Fonds communautaire Planet Passionate. Pour ce faire, le formulaire de demande doit \u00eatre t\u00e9l\u00e9charg\u00e9, compl\u00e9t\u00e9 et envoy\u00e9 par courrier \u00e9lectronique \u00e0: <a href=\"mailto:KIPCommunityFund@kingspan.com\" target=\"_blank\" rel=\"noopener\">KIPCommunityFund@kingspan.com<\/a>.<\/p>\n<p><a href=\"\/wp-content\/uploads\/2025\/06\/KIP-TZ_Formulario_Solicitud.pdf\" target=\"_blank\" rel=\"noopener\">Descarregar o formul\u00e1rio de candidatura<\/a><\/p>\n                <\/div>\n            <\/div>\n\t\t\t\t\t\t<\/div>\n            <\/div>\n       \n   \n<\/div>\n\n","protected":false},"excerpt":{"rendered":"<p>Durabilit\u00e9<\/p>\n","protected":false},"author":11,"featured_media":0,"parent":0,"menu_order":0,"comment_status":"closed","ping_status":"closed","template":"page-templates\/page-sobre-huurre.php","meta":{"_acf_changed":false,"_oasis_is_in_workflow":0,"_oasis_original":0,"_oasis_task_priority":"2normal","_genesis_hide_title":false,"_genesis_hide_breadcrumbs":false,"_genesis_hide_singular_image":false,"_genesis_hide_footer_widgets":false,"_genesis_custom_body_class":"","_genesis_custom_post_class":"","_genesis_layout":"","footnotes":""},"class_list":{"0":"post-8253","1":"page","2":"type-page","3":"status-publish","5":"entry"},"acf":[],"yoast_head":"<!-- This site is optimized with the Yoast SEO plugin v27.3 - https:\/\/yoast.com\/product\/yoast-seo-wordpress\/ -->\n<title>Politique de durabilit\u00e9 de Teczone<\/title>\n<meta name=\"description\" content=\"Notre engagement environnemental : Planet Passionate, r\u00e9duction d\u2019impact, circularit\u00e9 et initiatives locales.\" \/>\n<meta name=\"robots\" content=\"index, follow, max-snippet:-1, max-image-preview:large, max-video-preview:-1\" \/>\n<link rel=\"canonical\" href=\"https:\/\/teczone.es\/fr\/durabilite\/\" \/>\n<meta property=\"og:locale\" content=\"fr_FR\" \/>\n<meta property=\"og:type\" content=\"article\" \/>\n<meta property=\"og:title\" content=\"Politique de durabilit\u00e9 de Teczone\" \/>\n<meta property=\"og:description\" content=\"Notre engagement environnemental : Planet Passionate, r\u00e9duction d\u2019impact, circularit\u00e9 et initiatives locales.\" \/>\n<meta property=\"og:url\" content=\"https:\/\/teczone.es\/fr\/durabilite\/\" \/>\n<meta property=\"og:site_name\" content=\"Teczone\" \/>\n<meta name=\"twitter:card\" content=\"summary_large_image\" \/>\n<meta name=\"twitter:label1\" content=\"Dur\u00e9e de lecture estim\u00e9e\" \/>\n\t<meta name=\"twitter:data1\" content=\"1 minute\" \/>\n<script type=\"application\/ld+json\" class=\"yoast-schema-graph\">{\"@context\":\"https:\\\/\\\/schema.org\",\"@graph\":[{\"@type\":\"WebPage\",\"@id\":\"https:\\\/\\\/teczone.es\\\/fr\\\/durabilite\\\/\",\"url\":\"https:\\\/\\\/teczone.es\\\/fr\\\/durabilite\\\/\",\"name\":\"Politique de durabilit\u00e9 de Teczone\",\"isPartOf\":{\"@id\":\"https:\\\/\\\/teczone.es\\\/fr\\\/#website\"},\"datePublished\":\"2026-04-24T11:16:00+00:00\",\"description\":\"Notre engagement environnemental : Planet Passionate, r\u00e9duction d\u2019impact, circularit\u00e9 et initiatives locales.\",\"breadcrumb\":{\"@id\":\"https:\\\/\\\/teczone.es\\\/fr\\\/durabilite\\\/#breadcrumb\"},\"inLanguage\":\"fr-FR\",\"potentialAction\":[{\"@type\":\"ReadAction\",\"target\":[\"https:\\\/\\\/teczone.es\\\/fr\\\/durabilite\\\/\"]}]},{\"@type\":\"BreadcrumbList\",\"@id\":\"https:\\\/\\\/teczone.es\\\/fr\\\/durabilite\\\/#breadcrumb\",\"itemListElement\":[{\"@type\":\"ListItem\",\"position\":1,\"name\":\"Home\",\"item\":\"https:\\\/\\\/teczone.es\\\/fr\\\/\"},{\"@type\":\"ListItem\",\"position\":2,\"name\":\"Durabilit\u00e9\"}]},{\"@type\":\"WebSite\",\"@id\":\"https:\\\/\\\/teczone.es\\\/fr\\\/#website\",\"url\":\"https:\\\/\\\/teczone.es\\\/fr\\\/\",\"name\":\"Huurre\",\"description\":\"Fabricamos paneles para fachadas sostenibles para la construcci\u00f3n\",\"publisher\":{\"@id\":\"https:\\\/\\\/teczone.es\\\/fr\\\/#organization\"},\"potentialAction\":[{\"@type\":\"SearchAction\",\"target\":{\"@type\":\"EntryPoint\",\"urlTemplate\":\"https:\\\/\\\/teczone.es\\\/fr\\\/?s={search_term_string}\"},\"query-input\":{\"@type\":\"PropertyValueSpecification\",\"valueRequired\":true,\"valueName\":\"search_term_string\"}}],\"inLanguage\":\"fr-FR\"},{\"@type\":\"Organization\",\"@id\":\"https:\\\/\\\/teczone.es\\\/fr\\\/#organization\",\"name\":\"Huurre\",\"url\":\"https:\\\/\\\/teczone.es\\\/fr\\\/\",\"logo\":{\"@type\":\"ImageObject\",\"inLanguage\":\"fr-FR\",\"@id\":\"https:\\\/\\\/teczone.es\\\/fr\\\/#\\\/schema\\\/logo\\\/image\\\/\",\"url\":\"https:\\\/\\\/teczone.es\\\/wp-content\\\/uploads\\\/2024\\\/12\\\/logotipo_huurre.png\",\"contentUrl\":\"https:\\\/\\\/teczone.es\\\/wp-content\\\/uploads\\\/2024\\\/12\\\/logotipo_huurre.png\",\"width\":455,\"height\":151,\"caption\":\"Huurre\"},\"image\":{\"@id\":\"https:\\\/\\\/teczone.es\\\/fr\\\/#\\\/schema\\\/logo\\\/image\\\/\"}}]}<\/script>\n<!-- \/ Yoast SEO plugin. -->","yoast_head_json":{"title":"Politique de durabilit\u00e9 de Teczone","description":"Notre engagement environnemental : Planet Passionate, r\u00e9duction d\u2019impact, circularit\u00e9 et initiatives locales.","robots":{"index":"index","follow":"follow","max-snippet":"max-snippet:-1","max-image-preview":"max-image-preview:large","max-video-preview":"max-video-preview:-1"},"canonical":"https:\/\/teczone.es\/fr\/durabilite\/","og_locale":"fr_FR","og_type":"article","og_title":"Politique de durabilit\u00e9 de Teczone","og_description":"Notre engagement environnemental : Planet Passionate, r\u00e9duction d\u2019impact, circularit\u00e9 et initiatives locales.","og_url":"https:\/\/teczone.es\/fr\/durabilite\/","og_site_name":"Teczone","twitter_card":"summary_large_image","twitter_misc":{"Dur\u00e9e de lecture estim\u00e9e":"1 minute"},"schema":{"@context":"https:\/\/schema.org","@graph":[{"@type":"WebPage","@id":"https:\/\/teczone.es\/fr\/durabilite\/","url":"https:\/\/teczone.es\/fr\/durabilite\/","name":"Politique de durabilit\u00e9 de Teczone","isPartOf":{"@id":"https:\/\/teczone.es\/fr\/#website"},"datePublished":"2026-04-24T11:16:00+00:00","description":"Notre engagement environnemental : Planet Passionate, r\u00e9duction d\u2019impact, circularit\u00e9 et initiatives locales.","breadcrumb":{"@id":"https:\/\/teczone.es\/fr\/durabilite\/#breadcrumb"},"inLanguage":"fr-FR","potentialAction":[{"@type":"ReadAction","target":["https:\/\/teczone.es\/fr\/durabilite\/"]}]},{"@type":"BreadcrumbList","@id":"https:\/\/teczone.es\/fr\/durabilite\/#breadcrumb","itemListElement":[{"@type":"ListItem","position":1,"name":"Home","item":"https:\/\/teczone.es\/fr\/"},{"@type":"ListItem","position":2,"name":"Durabilit\u00e9"}]},{"@type":"WebSite","@id":"https:\/\/teczone.es\/fr\/#website","url":"https:\/\/teczone.es\/fr\/","name":"Huurre","description":"Fabricamos paneles para fachadas sostenibles para la construcci\u00f3n","publisher":{"@id":"https:\/\/teczone.es\/fr\/#organization"},"potentialAction":[{"@type":"SearchAction","target":{"@type":"EntryPoint","urlTemplate":"https:\/\/teczone.es\/fr\/?s={search_term_string}"},"query-input":{"@type":"PropertyValueSpecification","valueRequired":true,"valueName":"search_term_string"}}],"inLanguage":"fr-FR"},{"@type":"Organization","@id":"https:\/\/teczone.es\/fr\/#organization","name":"Huurre","url":"https:\/\/teczone.es\/fr\/","logo":{"@type":"ImageObject","inLanguage":"fr-FR","@id":"https:\/\/teczone.es\/fr\/#\/schema\/logo\/image\/","url":"https:\/\/teczone.es\/wp-content\/uploads\/2024\/12\/logotipo_huurre.png","contentUrl":"https:\/\/teczone.es\/wp-content\/uploads\/2024\/12\/logotipo_huurre.png","width":455,"height":151,"caption":"Huurre"},"image":{"@id":"https:\/\/teczone.es\/fr\/#\/schema\/logo\/image\/"}}]}},"featured_image_src":null,"featured_image_src_square":null,"_links":{"self":[{"href":"https:\/\/teczone.es\/fr\/wp-json\/wp\/v2\/pages\/8253","targetHints":{"allow":["GET"]}}],"collection":[{"href":"https:\/\/teczone.es\/fr\/wp-json\/wp\/v2\/pages"}],"about":[{"href":"https:\/\/teczone.es\/fr\/wp-json\/wp\/v2\/types\/page"}],"author":[{"embeddable":true,"href":"https:\/\/teczone.es\/fr\/wp-json\/wp\/v2\/users\/11"}],"replies":[{"embeddable":true,"href":"https:\/\/teczone.es\/fr\/wp-json\/wp\/v2\/comments?post=8253"}],"version-history":[{"count":42,"href":"https:\/\/teczone.es\/fr\/wp-json\/wp\/v2\/pages\/8253\/revisions"}],"predecessor-version":[{"id":32192,"href":"https:\/\/teczone.es\/fr\/wp-json\/wp\/v2\/pages\/8253\/revisions\/32192"}],"wp:attachment":[{"href":"https:\/\/teczone.es\/fr\/wp-json\/wp\/v2\/media?parent=8253"}],"curies":[{"name":"wp","href":"https:\/\/api.w.org\/{rel}","templated":true}]}}