{"id":809,"date":"2025-07-09T14:00:00","date_gmt":"2025-07-09T12:00:00","guid":{"rendered":"https:\/\/unrivalled-manx-5b8ed1.instawp.xyz\/sobre-huuree\/"},"modified":"2026-04-23T10:39:33","modified_gmt":"2026-04-23T08:39:33","slug":"a-propos-de-teczone","status":"publish","type":"page","link":"https:\/\/teczone.es\/fr\/a-propos-de-teczone\/","title":{"rendered":"A propos de Teczone"},"content":{"rendered":"\n<h2 class=\"wp-block-heading\">Exp\u00e9rience<\/h2>\n\n\n\n<script>\njQuery(document).ready(function($) {\n  const $acordeon = $('#accordion-custom');\n\n  \/\/ Oculta todos los .texto\n  $acordeon.find('.texto').hide();\n\n  \/\/ Abre el primero por defecto\n  $acordeon.find('.ac-item').first().addClass('activo').find('.texto').show();\n\n  \/\/ Evento al hacer clic en cualquier h3\n  $acordeon.find('h3').on('click', function() {\n    const $item = $(this).closest('.ac-item');\n    const $texto = $item.find('.texto');\n\n    if ($texto.is(':visible')) {\n      $texto.slideUp();\n      $item.removeClass('activo');\n    } else {\n      \/\/ Cierra los dem\u00e1s\n      $acordeon.find('.texto').slideUp();\n      $acordeon.find('.ac-item').removeClass('activo');\n\n      \/\/ Abre el actual\n      $texto.slideDown();\n      $item.addClass('activo');\n    }\n  });\n});\n<\/script>\n<style>\n\t.ac-item{width:100%; display:block; clear:both}\n\t.ac-item .texto{padding:20px 0 0}\n\t\n<\/style>\n\n<div id=\"block-acordeon-block_1fbca828a959e0f711df963883470a7c\" class=\"block-acordeon\">\n\n    <div id=\"accordion-custom\" class=\"list-acordeon\">\n        \t\t\t\n\t\t\t\t<div class=\"ac-item\">\n\t\t\t\t\t\n\n\t\t\n            <h3><span>Une longue histoire<\/span><\/h3>\n            <div class=\"texto\">\n                <div class=\"control\">\n                    <p>Fond\u00e9e en 1965, Kingspan | Teczone est sp\u00e9cialis\u00e9e dans les solutions de construction m\u00e9talliques. Au fil des ans, nous avons \u00e9volu\u00e9 en d\u00e9veloppant des capacit\u00e9s industrielles, technologiques et organisationnelles ax\u00e9es sur le d\u00e9veloppement de nos syst\u00e8mes et l&rsquo;extension de notre pr\u00e9sence sur diff\u00e9rents march\u00e9s.<\/p>\n<p>Avec une vision centr\u00e9e sur le client et l&rsquo;am\u00e9lioration continue, nous d\u00e9veloppons des syst\u00e8mes m\u00e9talliques polyvalents et durables, adapt\u00e9s aux besoins r\u00e9els de l&rsquo;architecture contemporaine.<\/p>\n<p>Depuis 2007, nous avons une pr\u00e9sence directe sur le march\u00e9 europ\u00e9en gr\u00e2ce \u00e0 Teczone France, cr\u00e9\u00e9e pour servir nos clients en France et en Europe centrale.<\/p>\n<p>Notre structure industrielle repose sur un important centre de production \u00e0 Burgos (Espagne), qui couvre le march\u00e9 national et l&rsquo;Afrique du Nord, et un centre logistique \u00e0 Pamiers (France), d&rsquo;o\u00f9 nous desservons toute l&rsquo;Europe centrale.<\/p>\n<p><iframe loading=\"lazy\" title=\"As\u00ed se Hace: Recorrido por la F\u00e1brica de Kingspan | Teczone\" width=\"500\" height=\"281\" src=\"https:\/\/www.youtube.com\/embed\/OhD5y7TlG1Q?start=3&#038;feature=oembed\" frameborder=\"0\" allow=\"accelerometer; autoplay; clipboard-write; encrypted-media; gyroscope; picture-in-picture; web-share\" referrerpolicy=\"strict-origin-when-cross-origin\" allowfullscreen><\/iframe><\/p>\n                <\/div>\n            <\/div>\n\t\t\t\t\t\t<\/div>\n        \t\t\t\n\t\t\t\t<div class=\"ac-item\">\n\t\t\t\t\t\n\n\t\t\n            <h3><span>Capacit\u00e9 de production<\/span><\/h3>\n            <div class=\"texto\">\n                <div class=\"control\">\n                    <p>Chez Kingspan | Teczone, la capacit\u00e9 industrielle fait partie des \u00e9l\u00e9ments qui soutiennent le d\u00e9veloppement de nos activit\u00e9s. Nous disposons actuellement de 18 lignes de fabrication flexibles, configur\u00e9es pour la production d\u2019une large gamme de produits et de sp\u00e9cifications techniques.<\/p>\n<p>Cette infrastructure, associ\u00e9e \u00e0 la gestion des processus logistiques correspondants, nous permet de traiter des projets pr\u00e9sentant diff\u00e9rents niveaux de complexit\u00e9, en adaptant la planification aux exigences techniques et aux d\u00e9lais d\u00e9finis dans chaque cas.<\/p>\n<p>Notre mod\u00e8le de production repose sur des processus orient\u00e9s vers la fiabilit\u00e9, la tra\u00e7abilit\u00e9 de la production et l\u2019adaptation progressive aux exigences techniques et op\u00e9rationnelles des projets et des clients.<\/p>\n                <\/div>\n            <\/div>\n\t\t\t\t\t\t<\/div>\n        \t\t\t\n\t\t\t\t<div class=\"ac-item\">\n\t\t\t\t\t\n\n\t\t\n            <h3><span>Sobre Kingspan Insulated Panels &#8211; Europe du Sud<\/span><\/h3>\n            <div class=\"texto\">\n                <div class=\"control\">\n                    <div class=\"ewa-rteLine\">La division Kingspan Insulated Panels dans notre r\u00e9gion regroupe quatre entreprises du secteur des mat\u00e9riaux de construction, chacune sp\u00e9cialis\u00e9e dans le d\u00e9veloppement et la fourniture de solutions destin\u00e9es \u00e0 diff\u00e9rentes applications dans le domaine de la construction.<\/div>\n<div><\/div>\n<div><img loading=\"lazy\" decoding=\"async\" class=\"alignnone  wp-image-24310\" src=\"https:\/\/teczone.es\/wp-content\/uploads\/2025\/06\/logo-hurre-horrizontal-300x41.png\" alt=\"\" width=\"249\" height=\"34\" srcset=\"https:\/\/teczone.es\/wp-content\/uploads\/2025\/06\/logo-hurre-horrizontal-300x41.png 300w, https:\/\/teczone.es\/wp-content\/uploads\/2025\/06\/logo-hurre-horrizontal.png 532w\" sizes=\"auto, (max-width: 249px) 100vw, 249px\" \/><\/div>\n<div class=\"ewa-rteLine\">Huurre Ib\u00e9rica, situ\u00e9e \u00e0 Cass\u00e0 de la Selva, se consacre \u00e0 la conception et \u00e0 la fabrication de panneaux isolants et de chambres froides, offrant des solutions avanc\u00e9es pour l&rsquo;industrie alimentaire et logistique. Pour en savoir plus sur ses produits et services, consultez le site suivant: <a href=\"https:\/\/www.huurreiberica.com\/\" target=\"_blank\" rel=\"noopener\">www.huurreiberica.com<\/a>.<\/div>\n<div><\/div>\n<div><img loading=\"lazy\" decoding=\"async\" class=\"alignnone wp-image-9362\" src=\"https:\/\/www.huurreiberica.com\/wp-content\/uploads\/2024\/09\/KINGSPAN_TECZONE_logotipo-H-color_positivo-300x84.png\" alt=\"\" width=\"229\" height=\"64\" srcset=\"https:\/\/teczone.es\/wp-content\/uploads\/2024\/09\/KINGSPAN_TECZONE_logotipo-H-color_positivo-300x84.png 300w, https:\/\/teczone.es\/wp-content\/uploads\/2024\/09\/KINGSPAN_TECZONE_logotipo-H-color_positivo-1024x287.png 1024w, https:\/\/teczone.es\/wp-content\/uploads\/2024\/09\/KINGSPAN_TECZONE_logotipo-H-color_positivo-768x215.png 768w, https:\/\/teczone.es\/wp-content\/uploads\/2024\/09\/KINGSPAN_TECZONE_logotipo-H-color_positivo-1536x430.png 1536w, https:\/\/teczone.es\/wp-content\/uploads\/2024\/09\/KINGSPAN_TECZONE_logotipo-H-color_positivo.png 1772w\" sizes=\"auto, (max-width: 229px) 100vw, 229px\" \/><\/div>\n<div class=\"ewa-rteLine\">Kingspan | Teczone, bas\u00e9e \u00e0 Burgos, est sp\u00e9cialis\u00e9e dans la production de profil\u00e9s m\u00e9talliques, de structures de cloisonnement et de syst\u00e8mes de fermeture de b\u00e2timents. Elle se distingue par sa capacit\u00e9 de personnalisation et son engagement envers la valeur architecturale de votre projet. Pour plus d&rsquo;informations, visitez le site:<a href=\"https:\/\/www.teczone.es\/\" target=\"_blank\" rel=\"noopener\"> www.teczone.es<\/a>.<\/div>\n<div><\/div>\n<div class=\"ewa-rteLine\"><img loading=\"lazy\" decoding=\"async\" class=\"alignnone  wp-image-9358\" src=\"https:\/\/www.huurreiberica.com\/wp-content\/uploads\/2024\/09\/KINGSPAN-INVESPANEL_4T-positiu-300x75.png\" alt=\"\" width=\"248\" height=\"62\" srcset=\"https:\/\/teczone.es\/wp-content\/uploads\/2024\/09\/KINGSPAN-INVESPANEL_4T-positiu-300x75.png 300w, https:\/\/teczone.es\/wp-content\/uploads\/2024\/09\/KINGSPAN-INVESPANEL_4T-positiu-1024x255.png 1024w, https:\/\/teczone.es\/wp-content\/uploads\/2024\/09\/KINGSPAN-INVESPANEL_4T-positiu-768x191.png 768w, https:\/\/teczone.es\/wp-content\/uploads\/2024\/09\/KINGSPAN-INVESPANEL_4T-positiu-1536x383.png 1536w, https:\/\/teczone.es\/wp-content\/uploads\/2024\/09\/KINGSPAN-INVESPANEL_4T-positiu.png 1829w\" sizes=\"auto, (max-width: 248px) 100vw, 248px\" \/><\/div>\n<div class=\"ewa-rteLine\">Kingspan | Invespanel propose des syst\u00e8mes de construction en panneaux sandwich sp\u00e9cialement con\u00e7us pour les salles blanches, les laboratoires, les centres de donn\u00e9es et les secteurs sp\u00e9cialis\u00e9s tels que l&rsquo;industrie pharmaceutique, offrant une efficacit\u00e9 et des performances \u00e9lev\u00e9es dans des environnements contr\u00f4l\u00e9s. Pour en savoir plus sur leurs produits innovants, consultez le site: <a href=\"http:\/\/www.invespanel.com\" target=\"_blank\" rel=\"noopener\">www.invespanel.com<\/a>.<\/div>\n<div><\/div>\n<div><img loading=\"lazy\" decoding=\"async\" class=\"wp-image-24301  alignnone\" src=\"https:\/\/teczone.es\/wp-content\/uploads\/2025\/06\/Logo-KINGSPAN-THU-CEILING-SOLUTIONS-COLOR-300x76.png\" alt=\"\" width=\"240\" height=\"61\" srcset=\"https:\/\/teczone.es\/wp-content\/uploads\/2025\/06\/Logo-KINGSPAN-THU-CEILING-SOLUTIONS-COLOR-300x76.png 300w, https:\/\/teczone.es\/wp-content\/uploads\/2025\/06\/Logo-KINGSPAN-THU-CEILING-SOLUTIONS-COLOR-1024x259.png 1024w, https:\/\/teczone.es\/wp-content\/uploads\/2025\/06\/Logo-KINGSPAN-THU-CEILING-SOLUTIONS-COLOR-768x195.png 768w, https:\/\/teczone.es\/wp-content\/uploads\/2025\/06\/Logo-KINGSPAN-THU-CEILING-SOLUTIONS-COLOR-1536x389.png 1536w, https:\/\/teczone.es\/wp-content\/uploads\/2025\/06\/Logo-KINGSPAN-THU-CEILING-SOLUTIONS-COLOR-2048x519.png 2048w\" sizes=\"auto, (max-width: 240px) 100vw, 240px\" \/><\/div>\n<div>THU Ceiling Solutions est une entreprise valencienne qui poss\u00e8de plus de 30 ans d&rsquo;exp\u00e9rience dans la fabrication de plafonds m\u00e9talliques et de syst\u00e8mes d&rsquo;ossature de plafond. Elle se positionne comme un fournisseur innovant proposant des solutions ax\u00e9es sur le design et les performances acoustiques pour les architectes et les d\u00e9corateurs d&rsquo;int\u00e9rieur. Pour en savoir plus sur les solutions de plafonds architecturaux, cliquez ici: <a href=\"http:\/\/www.thu.es\" target=\"_blank\" rel=\"noopener\">www.thu.es<\/a><\/div>\n<p>&nbsp;<\/p>\n<div><\/div>\n<div><\/div>\n                <\/div>\n            <\/div>\n\t\t\t\t\t\t<\/div>\n        \t\t\t\n\t\t\t\t<div class=\"ac-item\">\n\t\t\t\t\t\n\n\t\t\n            <h3><span>\u00c0 propos de Kingspan<\/span><\/h3>\n            <div class=\"texto\">\n                <div class=\"control\">\n                    <p><img loading=\"lazy\" decoding=\"async\" class=\"alignnone  wp-image-307\" src=\"https:\/\/teczone.es\/wp-content\/uploads\/2024\/01\/kingspan-300x156.png\" alt=\"\" width=\"223\" height=\"116\" srcset=\"https:\/\/teczone.es\/wp-content\/uploads\/2024\/01\/kingspan-300x156.png 300w, https:\/\/teczone.es\/wp-content\/uploads\/2024\/01\/kingspan.png 505w\" sizes=\"auto, (max-width: 223px) 100vw, 223px\" \/><\/p>\n<p>Kingspan est une entreprise internationale sp\u00e9cialis\u00e9e dans les solutions avanc\u00e9es d&rsquo;isolation et d&rsquo;enveloppe des b\u00e2timents. Sa mission est de promouvoir un avenir fait de b\u00e2timents \u00e0 z\u00e9ro \u00e9mission nette, en accordant la priorit\u00e9 au bien-\u00eatre des personnes et de la plan\u00e8te.<\/p>\n<p>La division Panneaux isolants de Kingspan est le plus grand fabricant mondial de syst\u00e8mes de panneaux haute performance. Gr\u00e2ce \u00e0 une large gamme de noyaux isolants, elle propose des solutions adapt\u00e9es \u00e0 diverses r\u00e9glementations qui permettent une construction plus rapide et plus efficace, avec une optimisation des processus de montage par rapport aux syst\u00e8mes traditionnels.<\/p>\n<p>Outre les panneaux isolants, Kingspan fournit des solutions pour les fa\u00e7ades architecturales et les syst\u00e8mes de joints sur\u00e9lev\u00e9s sur certains march\u00e9s, \u00e9largissant ainsi son offre pour les projets pr\u00e9sentant des exigences techniques et de conception sp\u00e9cifiques.<\/p>\n<p>Kingspan Group est un groupe multinational disposant d&rsquo;un r\u00e9seau de plus de 212 sites de production, d&rsquo;environ 22 000 employ\u00e9s et d&rsquo;une pr\u00e9sence dans pr\u00e8s de 80 pays. Le groupe op\u00e8re \u00e0 travers cinq divisions :<\/p>\n<ul>\n<li>&#8211; Panneaux isolants, Isolation<\/li>\n<li>&#8211; Lumi\u00e8re, Air + Eau<\/li>\n<li>&#8211; Donn\u00e9es + Rev\u00eatements de sol<\/li>\n<li>&#8211; Isolation technique<\/li>\n<li>&#8211; Power Panel, mat\u00e9riaux biosourc\u00e9s et Toiture.<\/li>\n<\/ul>\n<p>L&rsquo;activit\u00e9 du groupe se concentre sur le d\u00e9veloppement de solutions de construction pour le secteur du b\u00e2timent, en int\u00e9grant des crit\u00e8res li\u00e9s \u00e0 la performance des syst\u00e8mes, \u00e0 la r\u00e9duction des \u00e9missions de carbone, \u00e0 la durabilit\u00e9 et \u00e0 l&rsquo;innovation appliqu\u00e9e.<\/p>\n                <\/div>\n            <\/div>\n\t\t\t\t\t\t<\/div>\n            <\/div>\n       \n   \n<\/div>\n\n\n\n\n<div style=\"height:100px\" aria-hidden=\"true\" class=\"wp-block-spacer\"><\/div>\n\n\n\n\n\n<div id=\"block-cifras-block_93e6554cfc152b03a47f5b415610c141\" class=\"block-cifras\">\n\n    <div class=\"wrap\">\n        <h2>Teczone en chiffres<\/h2>\n        <div class=\"cifras-list\">\n            <div class=\"single-cifra single-cifra-1\">\n                <p class=\"first\">91 M\u20ac<\/p>\n                <p class=\"what\">Chiffre d\u2019affaires annuel<\/p>\n            <\/div>\n            <div class=\"single-cifra single-cifra-2\">\n                 <p class=\"first\">35 pays<\/p>\n                Pr\u00e9sence internationale            <\/div>\n            <div class=\"single-cifra single-cifra-3\">\n                 <p class=\"first\">60.000<\/p>\n                Tn d&rsquo;acier transform\u00e9 par an            <\/div>\n            <div class=\"single-cifra single-cifra-4\">\n                 <p class=\"first\">35% export<\/p>\n                            <\/div>\n            <div class=\"single-cifra single-cifra-5\">\n                 <p class=\"first\">Plus de 95<\/p>\n                Travailleurs qualifi\u00e9s            <\/div>\n            <div class=\"single-cifra single-cifra-6\">\n                 <p class=\"first\">20.000 m2<\/p>\n                Surface pour la production            <\/div>\n        <\/div>\n    <\/div>\n   \n<\/div>\n\n","protected":false},"excerpt":{"rendered":"<p>Exp\u00e9rience<\/p>\n","protected":false},"author":1,"featured_media":0,"parent":0,"menu_order":0,"comment_status":"closed","ping_status":"closed","template":"page-templates\/page-sobre-huurre.php","meta":{"_acf_changed":false,"_oasis_is_in_workflow":0,"_oasis_original":0,"_oasis_task_priority":"2normal","_genesis_hide_title":false,"_genesis_hide_breadcrumbs":false,"_genesis_hide_singular_image":false,"_genesis_hide_footer_widgets":false,"_genesis_custom_body_class":"","_genesis_custom_post_class":"","_genesis_layout":"","footnotes":""},"class_list":{"0":"post-809","1":"page","2":"type-page","3":"status-publish","5":"entry"},"acf":[],"yoast_head":"<!-- This site is optimized with the Yoast SEO plugin v27.3 - https:\/\/yoast.com\/product\/yoast-seo-wordpress\/ -->\n<title>A propos de Teczone<\/title>\n<meta name=\"description\" content=\"Teczone, est sp\u00e9cialis\u00e9e dans la production de profil\u00e9s m\u00e9talliques, de structures de cloisonnement et de syst\u00e8mes de fermeture de b\u00e2timents.\" \/>\n<meta name=\"robots\" content=\"index, follow, max-snippet:-1, max-image-preview:large, max-video-preview:-1\" \/>\n<link rel=\"canonical\" href=\"https:\/\/teczone.es\/fr\/a-propos-de-teczone\/\" \/>\n<meta property=\"og:locale\" content=\"fr_FR\" \/>\n<meta property=\"og:type\" content=\"article\" \/>\n<meta property=\"og:title\" content=\"A propos de Teczone\" \/>\n<meta property=\"og:description\" content=\"Teczone, est sp\u00e9cialis\u00e9e dans la production de profil\u00e9s m\u00e9talliques, de structures de cloisonnement et de syst\u00e8mes de fermeture de b\u00e2timents.\" \/>\n<meta property=\"og:url\" content=\"https:\/\/teczone.es\/fr\/a-propos-de-teczone\/\" \/>\n<meta property=\"og:site_name\" content=\"Teczone\" \/>\n<meta property=\"article:modified_time\" content=\"2026-04-23T08:39:33+00:00\" \/>\n<meta name=\"twitter:card\" content=\"summary_large_image\" \/>\n<meta name=\"twitter:label1\" content=\"Dur\u00e9e de lecture estim\u00e9e\" \/>\n\t<meta name=\"twitter:data1\" content=\"1 minute\" \/>\n<script type=\"application\/ld+json\" class=\"yoast-schema-graph\">{\"@context\":\"https:\\\/\\\/schema.org\",\"@graph\":[{\"@type\":\"WebPage\",\"@id\":\"https:\\\/\\\/teczone.es\\\/fr\\\/a-propos-de-teczone\\\/\",\"url\":\"https:\\\/\\\/teczone.es\\\/fr\\\/a-propos-de-teczone\\\/\",\"name\":\"A propos de Teczone\",\"isPartOf\":{\"@id\":\"https:\\\/\\\/teczone.es\\\/fr\\\/#website\"},\"datePublished\":\"2025-07-09T12:00:00+00:00\",\"dateModified\":\"2026-04-23T08:39:33+00:00\",\"description\":\"Teczone, est sp\u00e9cialis\u00e9e dans la production de profil\u00e9s m\u00e9talliques, de structures de cloisonnement et de syst\u00e8mes de fermeture de b\u00e2timents.\",\"breadcrumb\":{\"@id\":\"https:\\\/\\\/teczone.es\\\/fr\\\/a-propos-de-teczone\\\/#breadcrumb\"},\"inLanguage\":\"fr-FR\",\"potentialAction\":[{\"@type\":\"ReadAction\",\"target\":[\"https:\\\/\\\/teczone.es\\\/fr\\\/a-propos-de-teczone\\\/\"]}]},{\"@type\":\"BreadcrumbList\",\"@id\":\"https:\\\/\\\/teczone.es\\\/fr\\\/a-propos-de-teczone\\\/#breadcrumb\",\"itemListElement\":[{\"@type\":\"ListItem\",\"position\":1,\"name\":\"Home\",\"item\":\"https:\\\/\\\/teczone.es\\\/fr\\\/\"},{\"@type\":\"ListItem\",\"position\":2,\"name\":\"A propos de Teczone\"}]},{\"@type\":\"WebSite\",\"@id\":\"https:\\\/\\\/teczone.es\\\/fr\\\/#website\",\"url\":\"https:\\\/\\\/teczone.es\\\/fr\\\/\",\"name\":\"Huurre\",\"description\":\"Fabricamos paneles para fachadas sostenibles para la construcci\u00f3n\",\"publisher\":{\"@id\":\"https:\\\/\\\/teczone.es\\\/fr\\\/#organization\"},\"potentialAction\":[{\"@type\":\"SearchAction\",\"target\":{\"@type\":\"EntryPoint\",\"urlTemplate\":\"https:\\\/\\\/teczone.es\\\/fr\\\/?s={search_term_string}\"},\"query-input\":{\"@type\":\"PropertyValueSpecification\",\"valueRequired\":true,\"valueName\":\"search_term_string\"}}],\"inLanguage\":\"fr-FR\"},{\"@type\":\"Organization\",\"@id\":\"https:\\\/\\\/teczone.es\\\/fr\\\/#organization\",\"name\":\"Huurre\",\"url\":\"https:\\\/\\\/teczone.es\\\/fr\\\/\",\"logo\":{\"@type\":\"ImageObject\",\"inLanguage\":\"fr-FR\",\"@id\":\"https:\\\/\\\/teczone.es\\\/fr\\\/#\\\/schema\\\/logo\\\/image\\\/\",\"url\":\"https:\\\/\\\/teczone.es\\\/wp-content\\\/uploads\\\/2024\\\/12\\\/logotipo_huurre.png\",\"contentUrl\":\"https:\\\/\\\/teczone.es\\\/wp-content\\\/uploads\\\/2024\\\/12\\\/logotipo_huurre.png\",\"width\":455,\"height\":151,\"caption\":\"Huurre\"},\"image\":{\"@id\":\"https:\\\/\\\/teczone.es\\\/fr\\\/#\\\/schema\\\/logo\\\/image\\\/\"}}]}<\/script>\n<!-- \/ Yoast SEO plugin. -->","yoast_head_json":{"title":"A propos de Teczone","description":"Teczone, est sp\u00e9cialis\u00e9e dans la production de profil\u00e9s m\u00e9talliques, de structures de cloisonnement et de syst\u00e8mes de fermeture de b\u00e2timents.","robots":{"index":"index","follow":"follow","max-snippet":"max-snippet:-1","max-image-preview":"max-image-preview:large","max-video-preview":"max-video-preview:-1"},"canonical":"https:\/\/teczone.es\/fr\/a-propos-de-teczone\/","og_locale":"fr_FR","og_type":"article","og_title":"A propos de Teczone","og_description":"Teczone, est sp\u00e9cialis\u00e9e dans la production de profil\u00e9s m\u00e9talliques, de structures de cloisonnement et de syst\u00e8mes de fermeture de b\u00e2timents.","og_url":"https:\/\/teczone.es\/fr\/a-propos-de-teczone\/","og_site_name":"Teczone","article_modified_time":"2026-04-23T08:39:33+00:00","twitter_card":"summary_large_image","twitter_misc":{"Dur\u00e9e de lecture estim\u00e9e":"1 minute"},"schema":{"@context":"https:\/\/schema.org","@graph":[{"@type":"WebPage","@id":"https:\/\/teczone.es\/fr\/a-propos-de-teczone\/","url":"https:\/\/teczone.es\/fr\/a-propos-de-teczone\/","name":"A propos de Teczone","isPartOf":{"@id":"https:\/\/teczone.es\/fr\/#website"},"datePublished":"2025-07-09T12:00:00+00:00","dateModified":"2026-04-23T08:39:33+00:00","description":"Teczone, est sp\u00e9cialis\u00e9e dans la production de profil\u00e9s m\u00e9talliques, de structures de cloisonnement et de syst\u00e8mes de fermeture de b\u00e2timents.","breadcrumb":{"@id":"https:\/\/teczone.es\/fr\/a-propos-de-teczone\/#breadcrumb"},"inLanguage":"fr-FR","potentialAction":[{"@type":"ReadAction","target":["https:\/\/teczone.es\/fr\/a-propos-de-teczone\/"]}]},{"@type":"BreadcrumbList","@id":"https:\/\/teczone.es\/fr\/a-propos-de-teczone\/#breadcrumb","itemListElement":[{"@type":"ListItem","position":1,"name":"Home","item":"https:\/\/teczone.es\/fr\/"},{"@type":"ListItem","position":2,"name":"A propos de Teczone"}]},{"@type":"WebSite","@id":"https:\/\/teczone.es\/fr\/#website","url":"https:\/\/teczone.es\/fr\/","name":"Huurre","description":"Fabricamos paneles para fachadas sostenibles para la construcci\u00f3n","publisher":{"@id":"https:\/\/teczone.es\/fr\/#organization"},"potentialAction":[{"@type":"SearchAction","target":{"@type":"EntryPoint","urlTemplate":"https:\/\/teczone.es\/fr\/?s={search_term_string}"},"query-input":{"@type":"PropertyValueSpecification","valueRequired":true,"valueName":"search_term_string"}}],"inLanguage":"fr-FR"},{"@type":"Organization","@id":"https:\/\/teczone.es\/fr\/#organization","name":"Huurre","url":"https:\/\/teczone.es\/fr\/","logo":{"@type":"ImageObject","inLanguage":"fr-FR","@id":"https:\/\/teczone.es\/fr\/#\/schema\/logo\/image\/","url":"https:\/\/teczone.es\/wp-content\/uploads\/2024\/12\/logotipo_huurre.png","contentUrl":"https:\/\/teczone.es\/wp-content\/uploads\/2024\/12\/logotipo_huurre.png","width":455,"height":151,"caption":"Huurre"},"image":{"@id":"https:\/\/teczone.es\/fr\/#\/schema\/logo\/image\/"}}]}},"featured_image_src":null,"featured_image_src_square":null,"_links":{"self":[{"href":"https:\/\/teczone.es\/fr\/wp-json\/wp\/v2\/pages\/809","targetHints":{"allow":["GET"]}}],"collection":[{"href":"https:\/\/teczone.es\/fr\/wp-json\/wp\/v2\/pages"}],"about":[{"href":"https:\/\/teczone.es\/fr\/wp-json\/wp\/v2\/types\/page"}],"author":[{"embeddable":true,"href":"https:\/\/teczone.es\/fr\/wp-json\/wp\/v2\/users\/1"}],"replies":[{"embeddable":true,"href":"https:\/\/teczone.es\/fr\/wp-json\/wp\/v2\/comments?post=809"}],"version-history":[{"count":49,"href":"https:\/\/teczone.es\/fr\/wp-json\/wp\/v2\/pages\/809\/revisions"}],"predecessor-version":[{"id":32120,"href":"https:\/\/teczone.es\/fr\/wp-json\/wp\/v2\/pages\/809\/revisions\/32120"}],"wp:attachment":[{"href":"https:\/\/teczone.es\/fr\/wp-json\/wp\/v2\/media?parent=809"}],"curies":[{"name":"wp","href":"https:\/\/api.w.org\/{rel}","templated":true}]}}