{"id":24922,"date":"2026-04-24T13:17:00","date_gmt":"2026-04-24T11:17:00","guid":{"rendered":"https:\/\/teczone.es\/fondo-comunitario-planet-passionate\/"},"modified":"2026-04-24T11:09:33","modified_gmt":"2026-04-24T09:09:33","slug":"programme-planet-passionate","status":"publish","type":"page","link":"https:\/\/teczone.es\/fr\/programme-planet-passionate\/","title":{"rendered":"Programme Planet Passionate"},"content":{"rendered":"\n<p>En tant que membre du groupe Kingspan, Teczone est pleinement int\u00e9gr\u00e9e \u00e0 la strat\u00e9gie Planet Passionate, l&rsquo;ambitieux programme d\u00e9cennal de d\u00e9veloppement durable qui s&rsquo;attaque aux d\u00e9fis mondiaux : changement climatique, \u00e9nergie propre, circularit\u00e9 et gestion de l&rsquo;eau.<\/p>\n\n\n\n<div style=\"height:50px\" aria-hidden=\"true\" class=\"wp-block-spacer\"><\/div>\n\n\n\n<h4 class=\"wp-block-heading\"><strong>Objectifs mondiaux atteints d&rsquo;ici 202<\/strong>5<\/h4>\n\n\n\n<ul class=\"wp-block-list\">\n<li><i class=\"fas fa-check\"><\/i> Plus de 600 projets men\u00e9s \u00e0 bien dans l&rsquo;ensemble de nos activit\u00e9s et de notre cha\u00eene de valeur.<\/li>\n\n\n\n<li><i class=\"fas fa-check\"><\/i> 1,05 million de tonnes de mati\u00e8res premi\u00e8res recycl\u00e9es et renouvelables utilis\u00e9es en 2025.<\/li>\n\n\n\n<li><i class=\"fas fa-check\"><\/i> R\u00e9duction de 70 % des \u00e9missions de gaz \u00e0 effet de serre de scope 1 et 2 depuis 2020**.<\/li>\n\n\n\n<li><i class=\"fas fa-check\"><\/i> 10 programmes de collecte et de recyclage des produits.<\/li>\n\n\n\n<li><i class=\"fas fa-check\"><\/i> Plus de 390 projets communautaires r\u00e9alis\u00e9s \u00e0 ce jour.<\/li>\n<\/ul>\n\n\n\n<p><\/p>\n\n\n\n<p><em>*Comprend toutes les usines de fabrication, d&rsquo;assemblage et de R&amp;D du groupe Kingspan, y compris les acquisitions r\u00e9alis\u00e9es depuis 2020, avant la date limite du 30 septembre 2025.<br>**\u00c0 l&rsquo;exclusion des \u00e9missions biog\u00e9niques. \u00c9missions de GES de scope 2 calcul\u00e9es \u00e0 l&rsquo;aide de la m\u00e9thodologie bas\u00e9e sur le march\u00e9.<\/em><\/p>\n\n\n\n<div style=\"height:50px\" aria-hidden=\"true\" class=\"wp-block-spacer\"><\/div>\n\n\n\n<h4 class=\"wp-block-heading\">\ud83c\udfaf<strong>Objectifs \u00e0 l&rsquo;horizon 2030<\/strong><\/h4>\n\n\n\n<p>Ces chiffres font partie d&rsquo;un plan de 11 objectifs cl\u00e9s organis\u00e9s en quatre domaines :<\/p>\n\n\n\n<ul class=\"wp-block-list\">\n<li><i class=\"fas fa-arrow-right\"><\/i> <strong>Carbone<\/strong><br>R\u00e9duction de 65 % des \u00e9missions de scopes 1 et 2 d&rsquo;ici \u00e0 2030, R\u00e9duction de 15 % de l&rsquo;intensit\u00e9 en CO\u2082 chez les principaux mati\u00e8res premi\u00e8res ; flotte de l&rsquo;entreprise \u2265\u202f90\u202f% de v\u00e9hicules \u00e0 z\u00e9ro \u00e9mission.<\/li>\n\n\n\n<li><i class=\"fas fa-arrow-right\"><\/i> <strong><strong>\u00c9nergie<\/strong><\/strong><br>Utilisation de 60\u202f% d\u2019\u00e9nergie renouvelable ; syst\u00e8mes photovolta\u00efques sur l\u2019ensemble des sites d\u00e9tenus \u00e0 100\u202f% ; certification ISO 50001<\/li>\n\n\n\n<li><i class=\"fas fa-arrow-right\"><\/i> <strong>Circularit\u00e9<\/strong><br>Z\u00e9ro d\u00e9chet mis en d\u00e9charge ; 1,5\u202fmillion de tonnes de mati\u00e8res premi\u00e8res recycl\u00e9es et renouvelables utilis\u00e9es chaque ann\u00e9e; participation \u00e0 20 programmes de reprise et de recyclage d&rsquo;ici \u00e0 2030 .<\/li>\n\n\n\n<li><i class=\"fas fa-arrow-right\"><\/i> <strong><strong>Eau<\/strong><\/strong><br>R\u00e9cup\u00e9ration de 100\u202fmillions de litres d\u2019eau de pluie.<\/li>\n<\/ul>\n\n\n\n<div style=\"height:50px\" aria-hidden=\"true\" class=\"wp-block-spacer\"><\/div>\n\n\n\n<h4 class=\"wp-block-heading\">Qu&rsquo;est-ce que cela signifie pour Teczone ?<\/h4>\n\n\n\n<ul class=\"wp-block-list\">\n<li><i class=\"fas fa-plus\"><\/i> Utilisation d\u2019\u00e9nergies renouvelables et production d\u2019\u00e9nergie renouvelable sur site.<\/li>\n\n\n\n<li><i class=\"fas fa-plus\"><\/i> R\u00e9ductions cibl\u00e9es des \u00e9missions de carbone des scopes 1, 2 et 3 \u00e0 l\u2019horizon 2030.<\/li>\n\n\n\n<li><i class=\"fas fa-plus\"><\/i>Mise sur le march\u00e9 de produits pr\u00e9sentant une empreinte carbone r\u00e9duite et un contenu recycl\u00e9 accru.<\/li>\n\n\n\n<li><i class=\"fas fa-plus\"><\/i> Fonds communautaire <em>Planet Passionate<\/em> destin\u00e9 au soutien des communaut\u00e9s locales.<\/li>\n<\/ul>\n\n\n\n<p>Cette approche positionne Teczone comme un acteur engag\u00e9 dans ce cadre, en r\u00e9pondant aux enjeux environnementaux \u00e0 travers son activit\u00e9 industrielle et en coh\u00e9rence avec le cadre global de durabilit\u00e9 du Groupe Kingspan.<\/p>\n\n\n\n<div style=\"height:50px\" aria-hidden=\"true\" class=\"wp-block-spacer\"><\/div>\n\n\n\n<figure class=\"wp-block-image size-full is-resized\"><a href=\"https:\/\/viewer.ipaper.io\/kingspan\/c2510682-planet-passionate-report-2025\/c2510682-planet-passionate-report-2025\/\" target=\"_blank\" rel=\" noreferrer noopener\"><img loading=\"lazy\" decoding=\"async\" width=\"802\" height=\"285\" src=\"https:\/\/teczone.es\/wp-content\/uploads\/2026\/03\/Planet-Passionate-Report-2025-Email-Signature-FR.jpg\" alt=\"\" class=\"wp-image-31732\" style=\"aspect-ratio:2.814093329157532;width:689px;height:auto\" srcset=\"https:\/\/teczone.es\/wp-content\/uploads\/2026\/03\/Planet-Passionate-Report-2025-Email-Signature-FR.jpg 802w, https:\/\/teczone.es\/wp-content\/uploads\/2026\/03\/Planet-Passionate-Report-2025-Email-Signature-FR-300x107.jpg 300w, https:\/\/teczone.es\/wp-content\/uploads\/2026\/03\/Planet-Passionate-Report-2025-Email-Signature-FR-768x273.jpg 768w\" sizes=\"auto, (max-width: 802px) 100vw, 802px\" \/><\/a><\/figure>\n\n\n\n<p><br><\/p>\n","protected":false},"excerpt":{"rendered":"<p>En tant que membre du groupe Kingspan, Teczone est pleinement int\u00e9gr\u00e9e \u00e0 la strat\u00e9gie Planet Passionate, l&rsquo;ambitieux programme d\u00e9cennal de d\u00e9veloppement durable qui s&rsquo;attaque aux d\u00e9fis mondiaux : changement climatique, \u00e9nergie propre, circularit\u00e9 et gestion de l&rsquo;eau. Objectifs mondiaux atteints d&rsquo;ici 2025 *Comprend toutes les usines de fabrication, d&rsquo;assemblage et de R&amp;D du groupe Kingspan, [&hellip;]<\/p>\n","protected":false},"author":2,"featured_media":26007,"parent":0,"menu_order":0,"comment_status":"closed","ping_status":"closed","template":"page-templates\/page-comportamiento-fuego.php","meta":{"_acf_changed":false,"_oasis_is_in_workflow":0,"_oasis_original":0,"_oasis_task_priority":"2normal","_genesis_hide_title":false,"_genesis_hide_breadcrumbs":false,"_genesis_hide_singular_image":false,"_genesis_hide_footer_widgets":false,"_genesis_custom_body_class":"","_genesis_custom_post_class":"","_genesis_layout":"","footnotes":""},"class_list":{"0":"post-24922","1":"page","2":"type-page","3":"status-publish","4":"has-post-thumbnail","6":"entry"},"acf":[],"yoast_head":"<!-- This site is optimized with the Yoast SEO plugin v27.3 - https:\/\/yoast.com\/product\/yoast-seo-wordpress\/ -->\n<title>Programme Planet Passionate<\/title>\n<meta name=\"description\" content=\"Soutenez le fonds communautaire Planet Passionate et son impact sur la durabilit\u00e9 et l&#039;environnement avec le groupe Kingspan.\" \/>\n<meta name=\"robots\" content=\"index, follow, max-snippet:-1, max-image-preview:large, max-video-preview:-1\" \/>\n<link rel=\"canonical\" href=\"https:\/\/teczone.es\/fr\/programme-planet-passionate\/\" \/>\n<meta property=\"og:locale\" content=\"fr_FR\" \/>\n<meta property=\"og:type\" content=\"article\" \/>\n<meta property=\"og:title\" content=\"Programme Planet Passionate\" \/>\n<meta property=\"og:description\" content=\"Soutenez le fonds communautaire Planet Passionate et son impact sur la durabilit\u00e9 et l&#039;environnement avec le groupe Kingspan.\" \/>\n<meta property=\"og:url\" content=\"https:\/\/teczone.es\/fr\/programme-planet-passionate\/\" \/>\n<meta property=\"og:site_name\" content=\"Teczone\" \/>\n<meta property=\"og:image\" content=\"https:\/\/teczone.es\/wp-content\/uploads\/2025\/07\/Banner-Planet-Passionate.jpg\" \/>\n\t<meta property=\"og:image:width\" content=\"1908\" \/>\n\t<meta property=\"og:image:height\" content=\"362\" \/>\n\t<meta property=\"og:image:type\" content=\"image\/jpeg\" \/>\n<meta name=\"twitter:card\" content=\"summary_large_image\" \/>\n<meta name=\"twitter:label1\" content=\"Dur\u00e9e de lecture estim\u00e9e\" \/>\n\t<meta name=\"twitter:data1\" content=\"3 minutes\" \/>\n<script type=\"application\/ld+json\" class=\"yoast-schema-graph\">{\"@context\":\"https:\\\/\\\/schema.org\",\"@graph\":[{\"@type\":\"WebPage\",\"@id\":\"https:\\\/\\\/teczone.es\\\/fr\\\/programme-planet-passionate\\\/\",\"url\":\"https:\\\/\\\/teczone.es\\\/fr\\\/programme-planet-passionate\\\/\",\"name\":\"Programme Planet Passionate\",\"isPartOf\":{\"@id\":\"https:\\\/\\\/teczone.es\\\/fr\\\/#website\"},\"primaryImageOfPage\":{\"@id\":\"https:\\\/\\\/teczone.es\\\/fr\\\/programme-planet-passionate\\\/#primaryimage\"},\"image\":{\"@id\":\"https:\\\/\\\/teczone.es\\\/fr\\\/programme-planet-passionate\\\/#primaryimage\"},\"thumbnailUrl\":\"https:\\\/\\\/teczone.es\\\/wp-content\\\/uploads\\\/2025\\\/07\\\/Banner-Planet-Passionate.jpg\",\"datePublished\":\"2026-04-24T11:17:00+00:00\",\"description\":\"Soutenez le fonds communautaire Planet Passionate et son impact sur la durabilit\u00e9 et l'environnement avec le groupe Kingspan.\",\"breadcrumb\":{\"@id\":\"https:\\\/\\\/teczone.es\\\/fr\\\/programme-planet-passionate\\\/#breadcrumb\"},\"inLanguage\":\"fr-FR\",\"potentialAction\":[{\"@type\":\"ReadAction\",\"target\":[\"https:\\\/\\\/teczone.es\\\/fr\\\/programme-planet-passionate\\\/\"]}]},{\"@type\":\"ImageObject\",\"inLanguage\":\"fr-FR\",\"@id\":\"https:\\\/\\\/teczone.es\\\/fr\\\/programme-planet-passionate\\\/#primaryimage\",\"url\":\"https:\\\/\\\/teczone.es\\\/wp-content\\\/uploads\\\/2025\\\/07\\\/Banner-Planet-Passionate.jpg\",\"contentUrl\":\"https:\\\/\\\/teczone.es\\\/wp-content\\\/uploads\\\/2025\\\/07\\\/Banner-Planet-Passionate.jpg\",\"width\":1908,\"height\":362},{\"@type\":\"BreadcrumbList\",\"@id\":\"https:\\\/\\\/teczone.es\\\/fr\\\/programme-planet-passionate\\\/#breadcrumb\",\"itemListElement\":[{\"@type\":\"ListItem\",\"position\":1,\"name\":\"Home\",\"item\":\"https:\\\/\\\/teczone.es\\\/fr\\\/\"},{\"@type\":\"ListItem\",\"position\":2,\"name\":\"Architectural Skin Design\"}]},{\"@type\":\"WebSite\",\"@id\":\"https:\\\/\\\/teczone.es\\\/fr\\\/#website\",\"url\":\"https:\\\/\\\/teczone.es\\\/fr\\\/\",\"name\":\"Huurre\",\"description\":\"Fabricamos paneles para fachadas sostenibles para la construcci\u00f3n\",\"publisher\":{\"@id\":\"https:\\\/\\\/teczone.es\\\/fr\\\/#organization\"},\"potentialAction\":[{\"@type\":\"SearchAction\",\"target\":{\"@type\":\"EntryPoint\",\"urlTemplate\":\"https:\\\/\\\/teczone.es\\\/fr\\\/?s={search_term_string}\"},\"query-input\":{\"@type\":\"PropertyValueSpecification\",\"valueRequired\":true,\"valueName\":\"search_term_string\"}}],\"inLanguage\":\"fr-FR\"},{\"@type\":\"Organization\",\"@id\":\"https:\\\/\\\/teczone.es\\\/fr\\\/#organization\",\"name\":\"Huurre\",\"url\":\"https:\\\/\\\/teczone.es\\\/fr\\\/\",\"logo\":{\"@type\":\"ImageObject\",\"inLanguage\":\"fr-FR\",\"@id\":\"https:\\\/\\\/teczone.es\\\/fr\\\/#\\\/schema\\\/logo\\\/image\\\/\",\"url\":\"https:\\\/\\\/teczone.es\\\/wp-content\\\/uploads\\\/2024\\\/12\\\/logotipo_huurre.png\",\"contentUrl\":\"https:\\\/\\\/teczone.es\\\/wp-content\\\/uploads\\\/2024\\\/12\\\/logotipo_huurre.png\",\"width\":455,\"height\":151,\"caption\":\"Huurre\"},\"image\":{\"@id\":\"https:\\\/\\\/teczone.es\\\/fr\\\/#\\\/schema\\\/logo\\\/image\\\/\"}}]}<\/script>\n<!-- \/ Yoast SEO plugin. -->","yoast_head_json":{"title":"Programme Planet Passionate","description":"Soutenez le fonds communautaire Planet Passionate et son impact sur la durabilit\u00e9 et l'environnement avec le groupe Kingspan.","robots":{"index":"index","follow":"follow","max-snippet":"max-snippet:-1","max-image-preview":"max-image-preview:large","max-video-preview":"max-video-preview:-1"},"canonical":"https:\/\/teczone.es\/fr\/programme-planet-passionate\/","og_locale":"fr_FR","og_type":"article","og_title":"Programme Planet Passionate","og_description":"Soutenez le fonds communautaire Planet Passionate et son impact sur la durabilit\u00e9 et l'environnement avec le groupe Kingspan.","og_url":"https:\/\/teczone.es\/fr\/programme-planet-passionate\/","og_site_name":"Teczone","og_image":[{"width":1908,"height":362,"url":"https:\/\/teczone.es\/wp-content\/uploads\/2025\/07\/Banner-Planet-Passionate.jpg","type":"image\/jpeg"}],"twitter_card":"summary_large_image","twitter_misc":{"Dur\u00e9e de lecture estim\u00e9e":"3 minutes"},"schema":{"@context":"https:\/\/schema.org","@graph":[{"@type":"WebPage","@id":"https:\/\/teczone.es\/fr\/programme-planet-passionate\/","url":"https:\/\/teczone.es\/fr\/programme-planet-passionate\/","name":"Programme Planet Passionate","isPartOf":{"@id":"https:\/\/teczone.es\/fr\/#website"},"primaryImageOfPage":{"@id":"https:\/\/teczone.es\/fr\/programme-planet-passionate\/#primaryimage"},"image":{"@id":"https:\/\/teczone.es\/fr\/programme-planet-passionate\/#primaryimage"},"thumbnailUrl":"https:\/\/teczone.es\/wp-content\/uploads\/2025\/07\/Banner-Planet-Passionate.jpg","datePublished":"2026-04-24T11:17:00+00:00","description":"Soutenez le fonds communautaire Planet Passionate et son impact sur la durabilit\u00e9 et l'environnement avec le groupe Kingspan.","breadcrumb":{"@id":"https:\/\/teczone.es\/fr\/programme-planet-passionate\/#breadcrumb"},"inLanguage":"fr-FR","potentialAction":[{"@type":"ReadAction","target":["https:\/\/teczone.es\/fr\/programme-planet-passionate\/"]}]},{"@type":"ImageObject","inLanguage":"fr-FR","@id":"https:\/\/teczone.es\/fr\/programme-planet-passionate\/#primaryimage","url":"https:\/\/teczone.es\/wp-content\/uploads\/2025\/07\/Banner-Planet-Passionate.jpg","contentUrl":"https:\/\/teczone.es\/wp-content\/uploads\/2025\/07\/Banner-Planet-Passionate.jpg","width":1908,"height":362},{"@type":"BreadcrumbList","@id":"https:\/\/teczone.es\/fr\/programme-planet-passionate\/#breadcrumb","itemListElement":[{"@type":"ListItem","position":1,"name":"Home","item":"https:\/\/teczone.es\/fr\/"},{"@type":"ListItem","position":2,"name":"Architectural Skin Design"}]},{"@type":"WebSite","@id":"https:\/\/teczone.es\/fr\/#website","url":"https:\/\/teczone.es\/fr\/","name":"Huurre","description":"Fabricamos paneles para fachadas sostenibles para la construcci\u00f3n","publisher":{"@id":"https:\/\/teczone.es\/fr\/#organization"},"potentialAction":[{"@type":"SearchAction","target":{"@type":"EntryPoint","urlTemplate":"https:\/\/teczone.es\/fr\/?s={search_term_string}"},"query-input":{"@type":"PropertyValueSpecification","valueRequired":true,"valueName":"search_term_string"}}],"inLanguage":"fr-FR"},{"@type":"Organization","@id":"https:\/\/teczone.es\/fr\/#organization","name":"Huurre","url":"https:\/\/teczone.es\/fr\/","logo":{"@type":"ImageObject","inLanguage":"fr-FR","@id":"https:\/\/teczone.es\/fr\/#\/schema\/logo\/image\/","url":"https:\/\/teczone.es\/wp-content\/uploads\/2024\/12\/logotipo_huurre.png","contentUrl":"https:\/\/teczone.es\/wp-content\/uploads\/2024\/12\/logotipo_huurre.png","width":455,"height":151,"caption":"Huurre"},"image":{"@id":"https:\/\/teczone.es\/fr\/#\/schema\/logo\/image\/"}}]}},"featured_image_src":"https:\/\/teczone.es\/wp-content\/uploads\/2025\/07\/Banner-Planet-Passionate-600x362.jpg","featured_image_src_square":"https:\/\/teczone.es\/wp-content\/uploads\/2025\/07\/Banner-Planet-Passionate-600x362.jpg","_links":{"self":[{"href":"https:\/\/teczone.es\/fr\/wp-json\/wp\/v2\/pages\/24922","targetHints":{"allow":["GET"]}}],"collection":[{"href":"https:\/\/teczone.es\/fr\/wp-json\/wp\/v2\/pages"}],"about":[{"href":"https:\/\/teczone.es\/fr\/wp-json\/wp\/v2\/types\/page"}],"author":[{"embeddable":true,"href":"https:\/\/teczone.es\/fr\/wp-json\/wp\/v2\/users\/2"}],"replies":[{"embeddable":true,"href":"https:\/\/teczone.es\/fr\/wp-json\/wp\/v2\/comments?post=24922"}],"version-history":[{"count":17,"href":"https:\/\/teczone.es\/fr\/wp-json\/wp\/v2\/pages\/24922\/revisions"}],"predecessor-version":[{"id":32210,"href":"https:\/\/teczone.es\/fr\/wp-json\/wp\/v2\/pages\/24922\/revisions\/32210"}],"wp:featuredmedia":[{"embeddable":true,"href":"https:\/\/teczone.es\/fr\/wp-json\/wp\/v2\/media\/26007"}],"wp:attachment":[{"href":"https:\/\/teczone.es\/fr\/wp-json\/wp\/v2\/media?parent=24922"}],"curies":[{"name":"wp","href":"https:\/\/api.w.org\/{rel}","templated":true}]}}